{"id":9461353,"date":"2024-05-29T17:18:14","date_gmt":"2024-05-29T17:18:14","guid":{"rendered":"https:\/\/tpohotelariaecasa.pt\/index.php\/product\/premium-placa-de-grelhar-cromado-liso-unidade-dupla-90-cm-de-profundidade-eletrico\/"},"modified":"2025-04-03T09:09:47","modified_gmt":"2025-04-03T09:09:47","slug":"premium-placa-de-grelhar-cromado-liso-unidade-dupla-90-cm-de-profundidade-eletrico","status":"publish","type":"product","link":"https:\/\/tpohotelariaecasa.pt\/index.php\/product\/premium-placa-de-grelhar-cromado-liso-unidade-dupla-90-cm-de-profundidade-eletrico\/","title":{"rendered":"Premium Placa de Grelhar &#8211; Cromado Liso &#8211; Unidade Dupla &#8211; 90 cm de Profundidade &#8211; El\u00e9trico"},"content":{"rendered":"<p><strong>Caracter\u00edsticas<\/strong><\/p>\n<ul>\n<li>Chapa de grelhar dupla com acabamento cromado<\/li>\n<li>Componentes para servi\u00e7o pesado<\/li>\n<li>Term\u00f3stato entre 50 e 300\u00b0C<\/li>\n<li>Distribui\u00e7\u00e3o uniforme de calor<\/li>\n<li>Constru\u00e7\u00e3o muito dur\u00e1vel<\/li>\n<li>Desenho higi\u00e9nico<\/li>\n<\/ul>\n<p><strong>Especifica\u00e7\u00f5es do produto<\/strong><\/p>\n<ul>\n<li>Peso l\u00edquido: 95kg<\/li>\n<li>Dimens\u00f5es do dispositivo: L80 x D90 x H28cm<\/li>\n<li>Pot\u00eancia el\u00e9ctrica total: 12,0 kW<\/li>\n<li>Pot\u00eancia: 400V \/ 50Hz \/ 3 fases 12000W<\/li>\n<\/ul>\n<p><strong>Este produto vem sem ficha.<\/strong><\/p>\n","protected":false},"excerpt":{"rendered":"<p>Numa chapa quente, pode fazer os pratos mais saborosos! Qualquer coisa desde carne a vegetais pode beneficiar de ser cozinhada numa chapa de rede el\u00e9ctrica. Tanto os nutrientes como o sabor s\u00e3o retidos por mais tempo, utilizando esta t\u00e9cnica de cozedura r\u00e1pida. Esta grelha dupla premium com um belo acabamento cromado tem tudo o que se procura num aparelho profissional. consulte Mais informa\u00e7\u00e3o<\/p>\n","protected":false},"featured_media":9461352,"comment_status":"open","ping_status":"closed","template":"","meta":[],"product_cat":[792,794,97,140,788,21],"product_tag":[],"class_list":["post-9461353","product","type-product","status-publish","has-post-thumbnail","hentry","product_cat-mais-vendidos","product_cat-placas-de-grelhar","product_cat-placas-para-grelhar","product_cat-cozedura-aquecimento","product_cat-equipcafebar","product_cat-restauracao","product_shipping_class-gph"],"_links":{"self":[{"href":"https:\/\/tpohotelariaecasa.pt\/index.php\/wp-json\/wp\/v2\/product\/9461353"}],"collection":[{"href":"https:\/\/tpohotelariaecasa.pt\/index.php\/wp-json\/wp\/v2\/product"}],"about":[{"href":"https:\/\/tpohotelariaecasa.pt\/index.php\/wp-json\/wp\/v2\/types\/product"}],"replies":[{"embeddable":true,"href":"https:\/\/tpohotelariaecasa.pt\/index.php\/wp-json\/wp\/v2\/comments?post=9461353"}],"wp:featuredmedia":[{"embeddable":true,"href":"https:\/\/tpohotelariaecasa.pt\/index.php\/wp-json\/wp\/v2\/media\/9461352"}],"wp:attachment":[{"href":"https:\/\/tpohotelariaecasa.pt\/index.php\/wp-json\/wp\/v2\/media?parent=9461353"}],"wp:term":[{"taxonomy":"product_cat","embeddable":true,"href":"https:\/\/tpohotelariaecasa.pt\/index.php\/wp-json\/wp\/v2\/product_cat?post=9461353"},{"taxonomy":"product_tag","embeddable":true,"href":"https:\/\/tpohotelariaecasa.pt\/index.php\/wp-json\/wp\/v2\/product_tag?post=9461353"}],"curies":[{"name":"wp","href":"https:\/\/api.w.org\/{rel}","templated":true}]}}