{"id":9461363,"date":"2024-05-29T17:18:19","date_gmt":"2024-05-29T17:18:19","guid":{"rendered":"https:\/\/tpohotelariaecasa.pt\/index.php\/product\/premium-fogao-wok-2-x-285-cm-aneis-de-cozedura-unidade-dupla-90-cm-de-profundidade-gas\/"},"modified":"2025-04-03T09:09:47","modified_gmt":"2025-04-03T09:09:47","slug":"premium-fogao-wok-2-x-285-cm-aneis-de-cozedura-unidade-dupla-90-cm-de-profundidade-gas","status":"publish","type":"product","link":"https:\/\/tpohotelariaecasa.pt\/index.php\/product\/premium-fogao-wok-2-x-285-cm-aneis-de-cozedura-unidade-dupla-90-cm-de-profundidade-gas\/","title":{"rendered":"Premium Fog\u00e3o Wok &#8211; 2 x 28,5 cm An\u00e9is de Cozedura &#8211; Unidade Dupla &#8211; 90 cm de Profundidade &#8211; G\u00e1s"},"content":{"rendered":"<p>Caracter\u00edsticas do queimador de wok a g\u00e1s premium:<\/p>\n<ul>\n<li>Panela de Wok com tampa de a\u00e7o inoxid\u00e1vel<\/li>\n<li>Anel de cozedura em ferro fundido concebido para cargas pesadas<\/li>\n<li>Queimador equipado com uma bandeja de gotejamento no fundo<\/li>\n<li>Bandeja de gotejamento f\u00e1cil de remover para limpeza intensiva<\/li>\n<li>Queimador com chama-piloto<\/li>\n<li>Equipado com term\u00f3stato de seguran\u00e7a<\/li>\n<li>V\u00e1lvula de seguran\u00e7a para g\u00e1s com termopar<\/li>\n<li>Adequado para GPL ou g\u00e1s natural<\/li>\n<li>Constru\u00e7\u00e3o altamente dur\u00e1vel<\/li>\n<li>Desenho higi\u00e9nico<\/li>\n<\/ul>\n<p><strong>Especifica\u00e7\u00f5es do produto<\/strong><\/p>\n<ul>\n<li>Peso l\u00edquido: 59,9kg<\/li>\n<li>Di\u00e2metro do anel de ferro fundido: \u00d828,5cm<\/li>\n<li>Dimens\u00f5es do dispositivo: L80 x D90 x H38cm<\/li>\n<li>Pot\u00eancia total do g\u00e1s: 28,0 kW<\/li>\n<li>Injectores de g\u00e1s instalados: G25 &#8211; g\u00e1s natural<\/li>\n<li>Conjunto extra de injectores de g\u00e1s: G30 &#8211; GPL (propano\/butano)<\/li>\n<\/ul>\n","protected":false},"excerpt":{"rendered":"<p>Este fog\u00e3o profissional de wok duplo funciona a g\u00e1s e \u00e9 adequado para uso di\u00e1rio em qualquer neg\u00f3cio de restaura\u00e7\u00e3o Gra\u00e7as \u00e0 constru\u00e7\u00e3o dur\u00e1vel, este fog\u00e3o de wok de alta qualidade durar\u00e1 anos e pode realmente aguentar uma tareia O fog\u00e3o a g\u00e1s wok est\u00e1 equipado com um queimador de ferro fundido e cabe numa linha de cozedura. consulte Mais informa\u00e7\u00e3o<\/p>\n","protected":false},"featured_media":9461362,"comment_status":"open","ping_status":"closed","template":"","meta":[],"product_cat":[140,84],"product_tag":[],"class_list":["post-9461363","product","type-product","status-publish","has-post-thumbnail","hentry","product_cat-cozedura-aquecimento","product_cat-fogoesepanelas","product_shipping_class-gph"],"_links":{"self":[{"href":"https:\/\/tpohotelariaecasa.pt\/index.php\/wp-json\/wp\/v2\/product\/9461363"}],"collection":[{"href":"https:\/\/tpohotelariaecasa.pt\/index.php\/wp-json\/wp\/v2\/product"}],"about":[{"href":"https:\/\/tpohotelariaecasa.pt\/index.php\/wp-json\/wp\/v2\/types\/product"}],"replies":[{"embeddable":true,"href":"https:\/\/tpohotelariaecasa.pt\/index.php\/wp-json\/wp\/v2\/comments?post=9461363"}],"wp:featuredmedia":[{"embeddable":true,"href":"https:\/\/tpohotelariaecasa.pt\/index.php\/wp-json\/wp\/v2\/media\/9461362"}],"wp:attachment":[{"href":"https:\/\/tpohotelariaecasa.pt\/index.php\/wp-json\/wp\/v2\/media?parent=9461363"}],"wp:term":[{"taxonomy":"product_cat","embeddable":true,"href":"https:\/\/tpohotelariaecasa.pt\/index.php\/wp-json\/wp\/v2\/product_cat?post=9461363"},{"taxonomy":"product_tag","embeddable":true,"href":"https:\/\/tpohotelariaecasa.pt\/index.php\/wp-json\/wp\/v2\/product_tag?post=9461363"}],"curies":[{"name":"wp","href":"https:\/\/api.w.org\/{rel}","templated":true}]}}