{"id":9461367,"date":"2024-05-29T17:18:22","date_gmt":"2024-05-29T17:18:22","guid":{"rendered":"https:\/\/tpohotelariaecasa.pt\/index.php\/product\/premium-fritadeira-2-x-22-l-unidade-dupla-90-cm-de-profundidade-com-torneira-de-drenagem-gas\/"},"modified":"2025-04-03T09:09:47","modified_gmt":"2025-04-03T09:09:47","slug":"premium-fritadeira-2-x-22-l-unidade-dupla-90-cm-de-profundidade-com-torneira-de-drenagem-gas","status":"publish","type":"product","link":"https:\/\/tpohotelariaecasa.pt\/index.php\/product\/premium-fritadeira-2-x-22-l-unidade-dupla-90-cm-de-profundidade-com-torneira-de-drenagem-gas\/","title":{"rendered":"Premium Fritadeira &#8211; 2 x 22 l &#8211; Unidade Dupla &#8211; 90 cm de Profundidade &#8211; com Torneira de Drenagem &#8211; G\u00e1s"},"content":{"rendered":"<p><strong>Caracter\u00edsticas<\/strong><\/p>\n<ul>\n<li>Term\u00f3stato entre 110 \u00b0C e 190 \u00b0C<\/li>\n<li>Queimadores em a\u00e7o inoxid\u00e1vel<\/li>\n<li>V\u00e1lvula de seguran\u00e7a para g\u00e1s com termopar<\/li>\n<li>Igni\u00e7\u00e3o piezoel\u00e9ctrica<\/li>\n<li>Adequado para GPL ou g\u00e1s natural<\/li>\n<li>Constru\u00e7\u00e3o duradoura e design higi\u00e9nico<\/li>\n<\/ul>\n<p><strong>Especifica\u00e7\u00f5es do produto<\/strong><\/p>\n<ul>\n<li>Peso l\u00edquido: 104 kg<\/li>\n<li>Capacidade para batatas fritas: 4,8 kg<\/li>\n<li>Dimens\u00f5es do cesto de fritar: L14 x P33 x A11cm<\/li>\n<li>Dimens\u00f5es do aparelho: L80 x P90 x A85cm<\/li>\n<li>Pot\u00eancia total do g\u00e1s: 44,0 kW<\/li>\n<li>Injectores de g\u00e1s instalados: G25 &#8211; G\u00e1s natural<\/li>\n<li>Conjunto extra de injectores de g\u00e1s: G30 &#8211; GPL (Propano \/ Butano)<\/li>\n<\/ul>\n","protected":false},"excerpt":{"rendered":"<p>Esta potente fritadeira profissional premium funciona a g\u00e1s e foi concebida para uma utiliza\u00e7\u00e3o di\u00e1ria intensiva e pode ser utilizada numa linha de cozedura. Com uma capacidade de 2 x 22 L e uma torneira pr\u00e1tica, esta fritadeira \u00e9 a solu\u00e7\u00e3o ideal para a cozinha de restaura\u00e7\u00e3o. consulte Mais informa\u00e7\u00e3o<\/p>\n","protected":false},"featured_media":9461366,"comment_status":"open","ping_status":"closed","template":"","meta":[],"product_cat":[792,793,788,21,89],"product_tag":[],"class_list":["post-9461367","product","type-product","status-publish","has-post-thumbnail","hentry","product_cat-mais-vendidos","product_cat-fritadeiras-equipcafebar","product_cat-equipcafebar","product_cat-restauracao","product_cat-fritadeiras","product_shipping_class-gph"],"_links":{"self":[{"href":"https:\/\/tpohotelariaecasa.pt\/index.php\/wp-json\/wp\/v2\/product\/9461367"}],"collection":[{"href":"https:\/\/tpohotelariaecasa.pt\/index.php\/wp-json\/wp\/v2\/product"}],"about":[{"href":"https:\/\/tpohotelariaecasa.pt\/index.php\/wp-json\/wp\/v2\/types\/product"}],"replies":[{"embeddable":true,"href":"https:\/\/tpohotelariaecasa.pt\/index.php\/wp-json\/wp\/v2\/comments?post=9461367"}],"wp:featuredmedia":[{"embeddable":true,"href":"https:\/\/tpohotelariaecasa.pt\/index.php\/wp-json\/wp\/v2\/media\/9461366"}],"wp:attachment":[{"href":"https:\/\/tpohotelariaecasa.pt\/index.php\/wp-json\/wp\/v2\/media?parent=9461367"}],"wp:term":[{"taxonomy":"product_cat","embeddable":true,"href":"https:\/\/tpohotelariaecasa.pt\/index.php\/wp-json\/wp\/v2\/product_cat?post=9461367"},{"taxonomy":"product_tag","embeddable":true,"href":"https:\/\/tpohotelariaecasa.pt\/index.php\/wp-json\/wp\/v2\/product_tag?post=9461367"}],"curies":[{"name":"wp","href":"https:\/\/api.w.org\/{rel}","templated":true}]}}