{"id":9461369,"date":"2024-05-29T17:18:23","date_gmt":"2024-05-29T17:18:23","guid":{"rendered":"https:\/\/tpohotelariaecasa.pt\/index.php\/product\/premium-fritadeira-1-x-22-l-unidade-simples-90-cm-de-profundidade-com-torneira-de-drenagem-eletrico\/"},"modified":"2025-04-03T09:09:46","modified_gmt":"2025-04-03T09:09:46","slug":"premium-fritadeira-1-x-22-l-unidade-simples-90-cm-de-profundidade-com-torneira-de-drenagem-eletrico","status":"publish","type":"product","link":"https:\/\/tpohotelariaecasa.pt\/index.php\/product\/premium-fritadeira-1-x-22-l-unidade-simples-90-cm-de-profundidade-com-torneira-de-drenagem-eletrico\/","title":{"rendered":"Premium Fritadeira &#8211; 1 x 22 l &#8211; Unidade Simples &#8211; 90 cm de Profundidade &#8211; com Torneira de Drenagem &#8211; El\u00e9trico"},"content":{"rendered":"<p><strong>Caracter\u00edsticas<\/strong><\/p>\n<ul>\n<li>Fritadeira 1 x 22L<\/li>\n<li>Componentes para servi\u00e7o pesado<\/li>\n<li>Gama de term\u00f3statos de 60-190\u00b0C<\/li>\n<li>Elemento de aquecimento rotativo<\/li>\n<li>Luz indicadora de temperatura<\/li>\n<li>Constru\u00e7\u00e3o altamente dur\u00e1vel<\/li>\n<li>Desenho higi\u00e9nico<\/li>\n<\/ul>\n<p><strong>Especifica\u00e7\u00f5es do produto<\/strong><\/p>\n<ul>\n<li>Peso l\u00edquido: 60kg<\/li>\n<li>Capacidade batatas fritas: 2,4kg<\/li>\n<li>Dimens\u00f5es do cesto: L14 x D33 x H11cm<\/li>\n<li>Dimens\u00f5es do dispositivo: L40 x D90 x H85cm<\/li>\n<li>Pot\u00eancia el\u00e9ctrica total: 18,0 kW<\/li>\n<li>Pot\u00eancia: 400V \/ 50Hz \/ 3 fases 18000W<\/li>\n<\/ul>\n","protected":false},"excerpt":{"rendered":"<p>Nesta fritadeira premium h\u00e1 espa\u00e7o para uma \u00fanica fritadeira com uma capacidade de 22 litros, que \u00e9 o tamanho perfeito para fazer grandes por\u00e7\u00f5es de batatas fritas e snacks numa cozinha profissional. A fritadeira vem com uma base e funciona com electricidade. Est\u00e1 tamb\u00e9m equipada com uma torneira de escoamento para substituir r\u00e1pida e facilmente o \u00f3leo quando necess\u00e1rio. consulte Mais informa\u00e7\u00e3o<\/p>\n","protected":false},"featured_media":9461368,"comment_status":"open","ping_status":"closed","template":"","meta":[],"product_cat":[792,793,788,21,89],"product_tag":[],"class_list":["post-9461369","product","type-product","status-publish","has-post-thumbnail","hentry","product_cat-mais-vendidos","product_cat-fritadeiras-equipcafebar","product_cat-equipcafebar","product_cat-restauracao","product_cat-fritadeiras","product_shipping_class-gph"],"_links":{"self":[{"href":"https:\/\/tpohotelariaecasa.pt\/index.php\/wp-json\/wp\/v2\/product\/9461369"}],"collection":[{"href":"https:\/\/tpohotelariaecasa.pt\/index.php\/wp-json\/wp\/v2\/product"}],"about":[{"href":"https:\/\/tpohotelariaecasa.pt\/index.php\/wp-json\/wp\/v2\/types\/product"}],"replies":[{"embeddable":true,"href":"https:\/\/tpohotelariaecasa.pt\/index.php\/wp-json\/wp\/v2\/comments?post=9461369"}],"wp:featuredmedia":[{"embeddable":true,"href":"https:\/\/tpohotelariaecasa.pt\/index.php\/wp-json\/wp\/v2\/media\/9461368"}],"wp:attachment":[{"href":"https:\/\/tpohotelariaecasa.pt\/index.php\/wp-json\/wp\/v2\/media?parent=9461369"}],"wp:term":[{"taxonomy":"product_cat","embeddable":true,"href":"https:\/\/tpohotelariaecasa.pt\/index.php\/wp-json\/wp\/v2\/product_cat?post=9461369"},{"taxonomy":"product_tag","embeddable":true,"href":"https:\/\/tpohotelariaecasa.pt\/index.php\/wp-json\/wp\/v2\/product_tag?post=9461369"}],"curies":[{"name":"wp","href":"https:\/\/api.w.org\/{rel}","templated":true}]}}