{"id":9461371,"date":"2024-05-29T17:18:24","date_gmt":"2024-05-29T17:18:24","guid":{"rendered":"https:\/\/tpohotelariaecasa.pt\/index.php\/product\/premium-fogao-4-queimadores-unidade-dupla-90-cm-de-profundidade-gas-2\/"},"modified":"2025-04-03T09:09:46","modified_gmt":"2025-04-03T09:09:46","slug":"premium-fogao-4-queimadores-unidade-dupla-90-cm-de-profundidade-gas-2","status":"publish","type":"product","link":"https:\/\/tpohotelariaecasa.pt\/index.php\/product\/premium-fogao-4-queimadores-unidade-dupla-90-cm-de-profundidade-gas-2\/","title":{"rendered":"Premium Fog\u00e3o &#8211; 4 Queimadores &#8211; Unidade Dupla &#8211; 90 cm de Profundidade &#8211; G\u00e1s"},"content":{"rendered":"<p><strong>Especifica\u00e7\u00f5es do produto<\/strong><\/p>\n<ul>\n<li>Peso l\u00edquido: 60,2kg<\/li>\n<li>Dimens\u00f5es: L80 x D90 x H28cm<\/li>\n<li>Queimadores de pot\u00eancia: 2 x 6,0 kW e 2 x 10,0 kW<\/li>\n<li>Pot\u00eancia total do g\u00e1s: 32,0 kW<\/li>\n<li>Injectores de g\u00e1s instalados: G25 &#8211; g\u00e1s natural<\/li>\n<li>Conjunto extra de injectores de g\u00e1s: G30 &#8211; GPL (propano\/butano)<\/li>\n<\/ul>\n","protected":false},"excerpt":{"rendered":"<p>Esta placa de g\u00e1s de a\u00e7o inoxid\u00e1vel Premium com quatro queimadores \u00e9 extremamente s\u00f3lida e elegantemente concebida \u00c9 ideal para ser inclu\u00edda numa linha de cozedura e, gra\u00e7as a essa profundidade de 90cm, tem sempre espa\u00e7o suficiente para quatro grandes panelas. consulte Mais informa\u00e7\u00e3o<\/p>\n","protected":false},"featured_media":9461370,"comment_status":"open","ping_status":"closed","template":"","meta":[],"product_cat":[140,84],"product_tag":[],"class_list":["post-9461371","product","type-product","status-publish","has-post-thumbnail","hentry","product_cat-cozedura-aquecimento","product_cat-fogoesepanelas","product_shipping_class-gph"],"_links":{"self":[{"href":"https:\/\/tpohotelariaecasa.pt\/index.php\/wp-json\/wp\/v2\/product\/9461371"}],"collection":[{"href":"https:\/\/tpohotelariaecasa.pt\/index.php\/wp-json\/wp\/v2\/product"}],"about":[{"href":"https:\/\/tpohotelariaecasa.pt\/index.php\/wp-json\/wp\/v2\/types\/product"}],"replies":[{"embeddable":true,"href":"https:\/\/tpohotelariaecasa.pt\/index.php\/wp-json\/wp\/v2\/comments?post=9461371"}],"wp:featuredmedia":[{"embeddable":true,"href":"https:\/\/tpohotelariaecasa.pt\/index.php\/wp-json\/wp\/v2\/media\/9461370"}],"wp:attachment":[{"href":"https:\/\/tpohotelariaecasa.pt\/index.php\/wp-json\/wp\/v2\/media?parent=9461371"}],"wp:term":[{"taxonomy":"product_cat","embeddable":true,"href":"https:\/\/tpohotelariaecasa.pt\/index.php\/wp-json\/wp\/v2\/product_cat?post=9461371"},{"taxonomy":"product_tag","embeddable":true,"href":"https:\/\/tpohotelariaecasa.pt\/index.php\/wp-json\/wp\/v2\/product_tag?post=9461371"}],"curies":[{"name":"wp","href":"https:\/\/api.w.org\/{rel}","templated":true}]}}