{"id":9461373,"date":"2024-05-29T17:18:25","date_gmt":"2024-05-29T17:18:25","guid":{"rendered":"https:\/\/tpohotelariaecasa.pt\/index.php\/product\/premium-fogao-4-queimadores-unidade-dupla-90-cm-de-profundidade-40kw-gas\/"},"modified":"2025-04-03T09:09:46","modified_gmt":"2025-04-03T09:09:46","slug":"premium-fogao-4-queimadores-unidade-dupla-90-cm-de-profundidade-40kw-gas","status":"publish","type":"product","link":"https:\/\/tpohotelariaecasa.pt\/index.php\/product\/premium-fogao-4-queimadores-unidade-dupla-90-cm-de-profundidade-40kw-gas\/","title":{"rendered":"Premium Fog\u00e3o &#8211; 4 Queimadores &#8211; Unidade Dupla &#8211; 90 cm de Profundidade &#8211; 40kW &#8211; G\u00e1s"},"content":{"rendered":"<p><strong>Caracter\u00edsticas<\/strong><\/p>\n<ul>\n<li>Componentes para servi\u00e7o pesado<\/li>\n<li>Queimadores com luz piloto<\/li>\n<li>Equipado com term\u00f3stato de seguran\u00e7a<\/li>\n<li>V\u00e1lvula de seguran\u00e7a para g\u00e1s com termopar<\/li>\n<li>Igni\u00e7\u00e3o piezoel\u00e9ctrica<\/li>\n<li>Adequado para GPL ou g\u00e1s natural<\/li>\n<li>Constru\u00e7\u00e3o dur\u00e1vel<\/li>\n<li>Desenho higi\u00e9nico<\/li>\n<\/ul>\n<p><strong>Especifica\u00e7\u00f5es do produto<\/strong><\/p>\n<ul>\n<li>Peso l\u00edquido: 60,2kg<\/li>\n<li>Dimens\u00f5es do dispositivo: W80 x D90 x H28cm<\/li>\n<li>Pot\u00eancia do queimador a g\u00e1s: 4 x 10,0 kW<\/li>\n<li>Pot\u00eancia total do g\u00e1s: 40,0 kW<\/li>\n<li>Injectores de g\u00e1s instalados: G25 &#8211; g\u00e1s natural<\/li>\n<li>Conjunto extra de injectores de g\u00e1s: G30 &#8211; GPL (propano \/ butano)<\/li>\n<\/ul>\n","protected":false},"excerpt":{"rendered":"<p>Esta placa de quatro queimadores a g\u00e1s premium \u00e9 feita de a\u00e7o inoxid\u00e1vel \u00e9 adequada para uma linha de cozedura. Gra\u00e7as \u00e0 pot\u00eancia do g\u00e1s de 40 kW, pode realmente lidar com as tarefas maiores. Com uma profundidade de 90cm, pode estar confiante de que tem espa\u00e7o suficiente para quatro grandes panelas. consulte Mais informa\u00e7\u00e3o<\/p>\n","protected":false},"featured_media":9461372,"comment_status":"open","ping_status":"closed","template":"","meta":[],"product_cat":[140,84],"product_tag":[],"class_list":["post-9461373","product","type-product","status-publish","has-post-thumbnail","hentry","product_cat-cozedura-aquecimento","product_cat-fogoesepanelas","product_shipping_class-gph"],"_links":{"self":[{"href":"https:\/\/tpohotelariaecasa.pt\/index.php\/wp-json\/wp\/v2\/product\/9461373"}],"collection":[{"href":"https:\/\/tpohotelariaecasa.pt\/index.php\/wp-json\/wp\/v2\/product"}],"about":[{"href":"https:\/\/tpohotelariaecasa.pt\/index.php\/wp-json\/wp\/v2\/types\/product"}],"replies":[{"embeddable":true,"href":"https:\/\/tpohotelariaecasa.pt\/index.php\/wp-json\/wp\/v2\/comments?post=9461373"}],"wp:featuredmedia":[{"embeddable":true,"href":"https:\/\/tpohotelariaecasa.pt\/index.php\/wp-json\/wp\/v2\/media\/9461372"}],"wp:attachment":[{"href":"https:\/\/tpohotelariaecasa.pt\/index.php\/wp-json\/wp\/v2\/media?parent=9461373"}],"wp:term":[{"taxonomy":"product_cat","embeddable":true,"href":"https:\/\/tpohotelariaecasa.pt\/index.php\/wp-json\/wp\/v2\/product_cat?post=9461373"},{"taxonomy":"product_tag","embeddable":true,"href":"https:\/\/tpohotelariaecasa.pt\/index.php\/wp-json\/wp\/v2\/product_tag?post=9461373"}],"curies":[{"name":"wp","href":"https:\/\/api.w.org\/{rel}","templated":true}]}}