{"id":9461375,"date":"2024-05-29T17:18:26","date_gmt":"2024-05-29T17:18:26","guid":{"rendered":"https:\/\/tpohotelariaecasa.pt\/index.php\/product\/premium-banho-maria-unidade-simples-90-cm-de-profundidade-gas\/"},"modified":"2025-04-03T09:09:46","modified_gmt":"2025-04-03T09:09:46","slug":"premium-banho-maria-unidade-simples-90-cm-de-profundidade-gas","status":"publish","type":"product","link":"https:\/\/tpohotelariaecasa.pt\/index.php\/product\/premium-banho-maria-unidade-simples-90-cm-de-profundidade-gas\/","title":{"rendered":"Premium Banho-Maria &#8211; Unidade Simples &#8211; 90 cm de Profundidade &#8211; G\u00e1s"},"content":{"rendered":"<p><strong>Especifica\u00e7\u00f5es do produto<\/strong><\/p>\n<ul>\n<li>Peso l\u00edquido: 59,8kg<\/li>\n<li>Dimens\u00f5es da bacia: L33 x D63 x H17cm<\/li>\n<li>Dimens\u00f5es do dispositivo: L40 x D90 x H28cm<\/li>\n<li>Pot\u00eancia total do g\u00e1s: 2,0 kW<\/li>\n<\/ul>\n<p>Injectores de g\u00e1s instalados: G25 &#8211; g\u00e1s naturalExtra<br \/>\nconjunto de injectores de g\u00e1s: G30 &#8211; GPL (propano \/ butano)<\/p>\n","protected":false},"excerpt":{"rendered":"<p>Se precisar de aquecer a comida uniformemente sem o risco de a queimar, precisa de um banho maria. Este funciona a g\u00e1s e inclui uma \u00fatil v\u00e1lvula de drenagem. \u00c9 feita inteiramente de a\u00e7o inoxid\u00e1vel e \u00e9 adequada para utiliza\u00e7\u00e3o com recipientes GN. Pode ser facilmente colocada numa linha de cozedura ou sobre uma base. consulte Mais informa\u00e7\u00e3o<\/p>\n","protected":false},"featured_media":9461374,"comment_status":"open","ping_status":"closed","template":"","meta":[],"product_cat":[140,132,21],"product_tag":[],"class_list":["post-9461375","product","type-product","status-publish","has-post-thumbnail","hentry","product_cat-cozedura-aquecimento","product_cat-banho-maria","product_cat-restauracao","product_shipping_class-gph"],"_links":{"self":[{"href":"https:\/\/tpohotelariaecasa.pt\/index.php\/wp-json\/wp\/v2\/product\/9461375"}],"collection":[{"href":"https:\/\/tpohotelariaecasa.pt\/index.php\/wp-json\/wp\/v2\/product"}],"about":[{"href":"https:\/\/tpohotelariaecasa.pt\/index.php\/wp-json\/wp\/v2\/types\/product"}],"replies":[{"embeddable":true,"href":"https:\/\/tpohotelariaecasa.pt\/index.php\/wp-json\/wp\/v2\/comments?post=9461375"}],"wp:featuredmedia":[{"embeddable":true,"href":"https:\/\/tpohotelariaecasa.pt\/index.php\/wp-json\/wp\/v2\/media\/9461374"}],"wp:attachment":[{"href":"https:\/\/tpohotelariaecasa.pt\/index.php\/wp-json\/wp\/v2\/media?parent=9461375"}],"wp:term":[{"taxonomy":"product_cat","embeddable":true,"href":"https:\/\/tpohotelariaecasa.pt\/index.php\/wp-json\/wp\/v2\/product_cat?post=9461375"},{"taxonomy":"product_tag","embeddable":true,"href":"https:\/\/tpohotelariaecasa.pt\/index.php\/wp-json\/wp\/v2\/product_tag?post=9461375"}],"curies":[{"name":"wp","href":"https:\/\/api.w.org\/{rel}","templated":true}]}}