{"id":9461379,"date":"2024-05-29T17:18:28","date_gmt":"2024-05-29T17:18:28","guid":{"rendered":"https:\/\/tpohotelariaecasa.pt\/index.php\/product\/premium-banho-maria-unidade-dupla-90-cm-de-pofundidade-eletrico\/"},"modified":"2025-04-03T09:09:46","modified_gmt":"2025-04-03T09:09:46","slug":"premium-banho-maria-unidade-dupla-90-cm-de-pofundidade-eletrico","status":"publish","type":"product","link":"https:\/\/tpohotelariaecasa.pt\/index.php\/product\/premium-banho-maria-unidade-dupla-90-cm-de-pofundidade-eletrico\/","title":{"rendered":"Premium Banho-Maria &#8211; Unidade Dupla &#8211; 90 cm de Pofundidade &#8211; El\u00e9trico"},"content":{"rendered":"<p><strong>Caracter\u00edsticas do produto<\/strong><\/p>\n<ul>\n<li>Peso l\u00edquido: 27,5 kg<\/li>\n<li>Dimens\u00f5es: L80 x P90 x A28cm<\/li>\n<li>Pot\u00eancia el\u00e9ctrica total: 2,0 kW<\/li>\n<li>Pot\u00eancia: 230V \/ 50Hz \/ 1 Fase 2000W<\/li>\n<\/ul>\n<p><strong>Este produto \u00e9 fornecido sem ficha.<\/strong><\/p>\n","protected":false},"excerpt":{"rendered":"<p>Se precisa de aquecer frequentemente os alimentos sem correr o risco de os queimar, ent\u00e3o precisa de um banho-maria el\u00e9trico. Este modelo de qualidade superior inclui uma pr\u00e1tica torneira de escoamento e \u00e9 inteiramente fabricado em a\u00e7o inoxid\u00e1vel. \u00c9 adequado para utiliza\u00e7\u00e3o com recipientes GN e pode ser facilmente colocado numa linha de cozedura ou numa base. consulte Mais informa\u00e7\u00e3o<\/p>\n","protected":false},"featured_media":9461378,"comment_status":"open","ping_status":"closed","template":"","meta":[],"product_cat":[140,132,21],"product_tag":[],"class_list":["post-9461379","product","type-product","status-publish","has-post-thumbnail","hentry","product_cat-cozedura-aquecimento","product_cat-banho-maria","product_cat-restauracao","product_shipping_class-gph"],"_links":{"self":[{"href":"https:\/\/tpohotelariaecasa.pt\/index.php\/wp-json\/wp\/v2\/product\/9461379"}],"collection":[{"href":"https:\/\/tpohotelariaecasa.pt\/index.php\/wp-json\/wp\/v2\/product"}],"about":[{"href":"https:\/\/tpohotelariaecasa.pt\/index.php\/wp-json\/wp\/v2\/types\/product"}],"replies":[{"embeddable":true,"href":"https:\/\/tpohotelariaecasa.pt\/index.php\/wp-json\/wp\/v2\/comments?post=9461379"}],"wp:featuredmedia":[{"embeddable":true,"href":"https:\/\/tpohotelariaecasa.pt\/index.php\/wp-json\/wp\/v2\/media\/9461378"}],"wp:attachment":[{"href":"https:\/\/tpohotelariaecasa.pt\/index.php\/wp-json\/wp\/v2\/media?parent=9461379"}],"wp:term":[{"taxonomy":"product_cat","embeddable":true,"href":"https:\/\/tpohotelariaecasa.pt\/index.php\/wp-json\/wp\/v2\/product_cat?post=9461379"},{"taxonomy":"product_tag","embeddable":true,"href":"https:\/\/tpohotelariaecasa.pt\/index.php\/wp-json\/wp\/v2\/product_tag?post=9461379"}],"curies":[{"name":"wp","href":"https:\/\/api.w.org\/{rel}","templated":true}]}}