{"id":9461393,"date":"2024-05-29T17:18:36","date_gmt":"2024-05-29T17:18:36","guid":{"rendered":"https:\/\/tpohotelariaecasa.pt\/index.php\/product\/premium-placa-de-grelhar-meio-ranhurado-cromado-unidade-dupla-90-cm-de-profundidade-gas\/"},"modified":"2025-04-03T09:09:46","modified_gmt":"2025-04-03T09:09:46","slug":"premium-placa-de-grelhar-meio-ranhurado-cromado-unidade-dupla-90-cm-de-profundidade-gas","status":"publish","type":"product","link":"https:\/\/tpohotelariaecasa.pt\/index.php\/product\/premium-placa-de-grelhar-meio-ranhurado-cromado-unidade-dupla-90-cm-de-profundidade-gas\/","title":{"rendered":"Premium Placa de Grelhar &#8211; Meio Ranhurado Cromado &#8211; Unidade Dupla &#8211; 90 cm de Profundidade &#8211; G\u00e1s"},"content":{"rendered":"<p><strong>Caracter\u00edsticas<\/strong><\/p>\n<ul>\n<li>Queimadores em a\u00e7o inoxid\u00e1vel<\/li>\n<li>Term\u00f3stato de 100-300\u00b0C<\/li>\n<li>Consumo \u00f3timo de g\u00e1s e distribui\u00e7\u00e3o uniforme do calor<\/li>\n<li>Queimador com piloto<\/li>\n<li>Equipado com um term\u00f3stato de seguran\u00e7a<\/li>\n<li>V\u00e1lvula de seguran\u00e7a para g\u00e1s com termopar<\/li>\n<li>Igni\u00e7\u00e3o piezoel\u00e9ctrica<\/li>\n<\/ul>\n<p><strong>Caracter\u00edsticas do produto<\/strong><\/p>\n<ul>\n<li>Peso l\u00edquido: 90kg<\/li>\n<li>Dimens\u00f5es do aparelho: L80 x P90 x A28cm<\/li>\n<li>Pot\u00eancia total do g\u00e1s: 18,0 kW<\/li>\n<li>Injectores de g\u00e1s instalados: G25 &#8211; g\u00e1s natural<\/li>\n<li>Conjunto extra de injectores de g\u00e1s: G30 &#8211; GPL (propano\/butano)<\/li>\n<\/ul>\n","protected":false},"excerpt":{"rendered":"<p>Esta placa de grelhar premium com acabamento cromado funciona a g\u00e1s e foi concebida para uma produtividade m\u00e1xima. Cont\u00e9m \u00e1reas de cozedura estriadas e lisas na placa de grelhar. \u00c9 um aparelho duradouro, ideal para uma utiliza\u00e7\u00e3o di\u00e1ria intensiva numa cozinha profissional. Adapta-se facilmente a uma linha de cozedura e pode suportar tudo o que lhe for pedido. consulte Mais informa\u00e7\u00e3o<\/p>\n","protected":false},"featured_media":9461392,"comment_status":"open","ping_status":"closed","template":"","meta":[],"product_cat":[792,794,97,140,788,21],"product_tag":[],"class_list":["post-9461393","product","type-product","status-publish","has-post-thumbnail","hentry","product_cat-mais-vendidos","product_cat-placas-de-grelhar","product_cat-placas-para-grelhar","product_cat-cozedura-aquecimento","product_cat-equipcafebar","product_cat-restauracao","product_shipping_class-gph"],"_links":{"self":[{"href":"https:\/\/tpohotelariaecasa.pt\/index.php\/wp-json\/wp\/v2\/product\/9461393"}],"collection":[{"href":"https:\/\/tpohotelariaecasa.pt\/index.php\/wp-json\/wp\/v2\/product"}],"about":[{"href":"https:\/\/tpohotelariaecasa.pt\/index.php\/wp-json\/wp\/v2\/types\/product"}],"replies":[{"embeddable":true,"href":"https:\/\/tpohotelariaecasa.pt\/index.php\/wp-json\/wp\/v2\/comments?post=9461393"}],"wp:featuredmedia":[{"embeddable":true,"href":"https:\/\/tpohotelariaecasa.pt\/index.php\/wp-json\/wp\/v2\/media\/9461392"}],"wp:attachment":[{"href":"https:\/\/tpohotelariaecasa.pt\/index.php\/wp-json\/wp\/v2\/media?parent=9461393"}],"wp:term":[{"taxonomy":"product_cat","embeddable":true,"href":"https:\/\/tpohotelariaecasa.pt\/index.php\/wp-json\/wp\/v2\/product_cat?post=9461393"},{"taxonomy":"product_tag","embeddable":true,"href":"https:\/\/tpohotelariaecasa.pt\/index.php\/wp-json\/wp\/v2\/product_tag?post=9461393"}],"curies":[{"name":"wp","href":"https:\/\/api.w.org\/{rel}","templated":true}]}}