{"id":9461399,"date":"2024-05-29T17:18:39","date_gmt":"2024-05-29T17:18:39","guid":{"rendered":"https:\/\/tpohotelariaecasa.pt\/index.php\/product\/maquina-de-gelo-85-kg-dia-triturado-flaqueado-refrigeracao-a-agua\/"},"modified":"2025-04-03T09:09:46","modified_gmt":"2025-04-03T09:09:46","slug":"maquina-de-gelo-85-kg-dia-triturado-flaqueado-refrigeracao-a-agua","status":"publish","type":"product","link":"https:\/\/tpohotelariaecasa.pt\/index.php\/product\/maquina-de-gelo-85-kg-dia-triturado-flaqueado-refrigeracao-a-agua\/","title":{"rendered":"M\u00e1quina de Gelo &#8211; 85 kg\/dia &#8211; Triturado\/Flaqueado &#8211; Refrigera\u00e7\u00e3o a Agua"},"content":{"rendered":"<p><strong>Caracter\u00edsticas<\/strong><\/p>\n<ul>\n<li>M\u00e1quina de gelo arrefecida a \u00e1gua<\/li>\n<li>Vem com uma v\u00e1lvula de \u00e1gua<\/li>\n<li>Faz gelo picado\/em flocos<\/li>\n<li>Painel de controlo de f\u00e1cil utiliza\u00e7\u00e3o<\/li>\n<li>Luzes indicadoras dos n\u00edveis de armazenamento completo e de \u00e1gua baixo<\/li>\n<\/ul>\n<p><strong>Especifica\u00e7\u00f5es do produto<\/strong><\/p>\n<ul>\n<li>Peso l\u00edquido: 46 kg<\/li>\n<li>Capacidade de produ\u00e7\u00e3o: 85 kg em 24 horas<\/li>\n<li>Capacidade de armazenamento: 20kg<\/li>\n<li>Dimens\u00f5es: L39,8 x P51 x A83,2cm<\/li>\n<li>Refrigerante: R290<\/li>\n<li>230V \/ 50Hz \/ 1 Fase 550W<\/li>\n<\/ul>\n","protected":false},"excerpt":{"rendered":"<p>Com esta m\u00e1quina de gelo em flocos (picado) arrefecida a \u00e1gua, pode obter at\u00e9 85 kg de gelo picado num \u00fanico dia. No pr\u00e1tico compartimento de arruma\u00e7\u00e3o, pode guardar 20 kg para servir r\u00e1pida e facilmente quando necess\u00e1rio. consulte Mais informa\u00e7\u00e3o<\/p>\n","protected":false},"featured_media":9461398,"comment_status":"open","ping_status":"closed","template":"","meta":[],"product_cat":[792,68],"product_tag":[],"class_list":["post-9461399","product","type-product","status-publish","has-post-thumbnail","hentry","product_cat-mais-vendidos","product_cat-mquinas-de-gelo","product_shipping_class-gph"],"_links":{"self":[{"href":"https:\/\/tpohotelariaecasa.pt\/index.php\/wp-json\/wp\/v2\/product\/9461399"}],"collection":[{"href":"https:\/\/tpohotelariaecasa.pt\/index.php\/wp-json\/wp\/v2\/product"}],"about":[{"href":"https:\/\/tpohotelariaecasa.pt\/index.php\/wp-json\/wp\/v2\/types\/product"}],"replies":[{"embeddable":true,"href":"https:\/\/tpohotelariaecasa.pt\/index.php\/wp-json\/wp\/v2\/comments?post=9461399"}],"wp:featuredmedia":[{"embeddable":true,"href":"https:\/\/tpohotelariaecasa.pt\/index.php\/wp-json\/wp\/v2\/media\/9461398"}],"wp:attachment":[{"href":"https:\/\/tpohotelariaecasa.pt\/index.php\/wp-json\/wp\/v2\/media?parent=9461399"}],"wp:term":[{"taxonomy":"product_cat","embeddable":true,"href":"https:\/\/tpohotelariaecasa.pt\/index.php\/wp-json\/wp\/v2\/product_cat?post=9461399"},{"taxonomy":"product_tag","embeddable":true,"href":"https:\/\/tpohotelariaecasa.pt\/index.php\/wp-json\/wp\/v2\/product_tag?post=9461399"}],"curies":[{"name":"wp","href":"https:\/\/api.w.org\/{rel}","templated":true}]}}