{"id":9461443,"date":"2024-05-29T17:19:04","date_gmt":"2024-05-29T17:19:04","guid":{"rendered":"https:\/\/tpohotelariaecasa.pt\/index.php\/product\/tampa-gastronorm-gn-1-2-policarbonato-com-rebaixo\/"},"modified":"2025-04-03T09:09:57","modified_gmt":"2025-04-03T09:09:57","slug":"tampa-gastronorm-gn-1-2-policarbonato-com-rebaixo","status":"publish","type":"product","link":"https:\/\/tpohotelariaecasa.pt\/index.php\/product\/tampa-gastronorm-gn-1-2-policarbonato-com-rebaixo\/","title":{"rendered":"Tampa Gastronorm &#8211; GN 1\/2 &#8211; Policarbonato &#8211; com Rebaixo"},"content":{"rendered":"","protected":false},"excerpt":{"rendered":"<p>Esta tampa Gastronorm transparente 1\/2 \u00e9 feita de policarbonato e pode ser empilhada e lavada na m\u00e1quina de lavar lou\u00e7a. \u00c9 praticamente inquebr\u00e1vel. Pode usar esta tampa para cobrir os recipientes de policarbonato GN da Maxima. \u00c9 compat\u00edvel com muitos tipos diferentes de equipamento de restaura\u00e7\u00e3o, tais como fornos, equipamento de arrefecimento, banho maria e pratos de assar. consulte Mais informa\u00e7\u00e3o<\/p>\n","protected":false},"featured_media":9461442,"comment_status":"open","ping_status":"closed","template":"","meta":[],"product_cat":[106],"product_tag":[],"class_list":["post-9461443","product","type-product","status-publish","has-post-thumbnail","hentry","product_cat-recipientes-gn","product_shipping_class-pph"],"_links":{"self":[{"href":"https:\/\/tpohotelariaecasa.pt\/index.php\/wp-json\/wp\/v2\/product\/9461443"}],"collection":[{"href":"https:\/\/tpohotelariaecasa.pt\/index.php\/wp-json\/wp\/v2\/product"}],"about":[{"href":"https:\/\/tpohotelariaecasa.pt\/index.php\/wp-json\/wp\/v2\/types\/product"}],"replies":[{"embeddable":true,"href":"https:\/\/tpohotelariaecasa.pt\/index.php\/wp-json\/wp\/v2\/comments?post=9461443"}],"wp:featuredmedia":[{"embeddable":true,"href":"https:\/\/tpohotelariaecasa.pt\/index.php\/wp-json\/wp\/v2\/media\/9461442"}],"wp:attachment":[{"href":"https:\/\/tpohotelariaecasa.pt\/index.php\/wp-json\/wp\/v2\/media?parent=9461443"}],"wp:term":[{"taxonomy":"product_cat","embeddable":true,"href":"https:\/\/tpohotelariaecasa.pt\/index.php\/wp-json\/wp\/v2\/product_cat?post=9461443"},{"taxonomy":"product_tag","embeddable":true,"href":"https:\/\/tpohotelariaecasa.pt\/index.php\/wp-json\/wp\/v2\/product_tag?post=9461443"}],"curies":[{"name":"wp","href":"https:\/\/api.w.org\/{rel}","templated":true}]}}