{"id":9461467,"date":"2024-05-29T17:19:20","date_gmt":"2024-05-29T17:19:20","guid":{"rendered":"https:\/\/tpohotelariaecasa.pt\/index.php\/product\/misturador-de-carne-50-l-43-kg-de-carne-tigela-basculante-manual\/"},"modified":"2025-04-03T09:09:41","modified_gmt":"2025-04-03T09:09:41","slug":"misturador-de-carne-50-l-43-kg-de-carne-tigela-basculante-manual","status":"publish","type":"product","link":"https:\/\/tpohotelariaecasa.pt\/index.php\/product\/misturador-de-carne-50-l-43-kg-de-carne-tigela-basculante-manual\/","title":{"rendered":"Misturador de Carne &#8211; 50 l &#8211; 43 kg de Carne &#8211; Tigela Basculante &#8211; Manual"},"content":{"rendered":"<p>Especifica\u00e7\u00f5es do produto<\/p>\n<ul>\n<li>Misturador de carne profissional e robusto<\/li>\n<li>Caixa de a\u00e7o inoxid\u00e1vel, l\u00e2minas misturadoras e tampa<\/li>\n<li>Fun\u00e7\u00e3o de inclina\u00e7\u00e3o com posi\u00e7\u00f5es de bloqueio<\/li>\n<li>Punho rotativo dur\u00e1vel e conveniente<\/li>\n<li>Mistura de asa e alavanca f\u00e1cil de remover<\/li>\n<li>O misturador pode rodar em duas direc\u00e7\u00f5es<\/li>\n<li>Equipado com rolamentos de esferas com selo<\/li>\n<li>P\u00e9s de borracha para proteger a bancada<\/li>\n<li>Ideal para misturar carne e especiarias<\/li>\n<li>F\u00e1cil de limpar gra\u00e7as \u00e0 tigela basculante<\/li>\n<li>Peso l\u00edquido: 16kg<\/li>\n<li>Dimens\u00f5es: L53 x D32,5 x H45,5cm<\/li>\n<li>Capacidade: 35-43kg (dependendo da estrutura da carne)<\/li>\n<li>Capacidade: m\u00e1ximo 50L<\/li>\n<\/ul>\n","protected":false},"excerpt":{"rendered":"<p>Com este forte misturador de carne basculante, pode misturar r\u00e1pida e eficientemente os recheios mais saborosos feitos de carne ou peixe. O reservat\u00f3rio de 50L cont\u00e9m nada menos que 43kg de carne. Gra\u00e7as \u00e0 pr\u00e1tica tigela basculante, \u00e9 poss\u00edvel remover facilmente a carne processada. consulte Mais informa\u00e7\u00e3o<\/p>\n","protected":false},"featured_media":9461466,"comment_status":"open","ping_status":"closed","template":"","meta":[],"product_cat":[123],"product_tag":[],"class_list":["post-9461467","product","type-product","status-publish","has-post-thumbnail","hentry","product_cat-misturador-de-carne","product_shipping_class-pph"],"_links":{"self":[{"href":"https:\/\/tpohotelariaecasa.pt\/index.php\/wp-json\/wp\/v2\/product\/9461467"}],"collection":[{"href":"https:\/\/tpohotelariaecasa.pt\/index.php\/wp-json\/wp\/v2\/product"}],"about":[{"href":"https:\/\/tpohotelariaecasa.pt\/index.php\/wp-json\/wp\/v2\/types\/product"}],"replies":[{"embeddable":true,"href":"https:\/\/tpohotelariaecasa.pt\/index.php\/wp-json\/wp\/v2\/comments?post=9461467"}],"wp:featuredmedia":[{"embeddable":true,"href":"https:\/\/tpohotelariaecasa.pt\/index.php\/wp-json\/wp\/v2\/media\/9461466"}],"wp:attachment":[{"href":"https:\/\/tpohotelariaecasa.pt\/index.php\/wp-json\/wp\/v2\/media?parent=9461467"}],"wp:term":[{"taxonomy":"product_cat","embeddable":true,"href":"https:\/\/tpohotelariaecasa.pt\/index.php\/wp-json\/wp\/v2\/product_cat?post=9461467"},{"taxonomy":"product_tag","embeddable":true,"href":"https:\/\/tpohotelariaecasa.pt\/index.php\/wp-json\/wp\/v2\/product_tag?post=9461467"}],"curies":[{"name":"wp","href":"https:\/\/api.w.org\/{rel}","templated":true}]}}