{"id":9461471,"date":"2024-05-29T17:19:22","date_gmt":"2024-05-29T17:19:22","guid":{"rendered":"https:\/\/tpohotelariaecasa.pt\/index.php\/product\/fogao-2-bicos-inducao-70-cm-de-profundidade-com-armario\/"},"modified":"2025-04-03T09:09:44","modified_gmt":"2025-04-03T09:09:44","slug":"fogao-2-bicos-inducao-70-cm-de-profundidade-com-armario","status":"publish","type":"product","link":"https:\/\/tpohotelariaecasa.pt\/index.php\/product\/fogao-2-bicos-inducao-70-cm-de-profundidade-com-armario\/","title":{"rendered":"Fog\u00e3o &#8211; 2 Bicos &#8211; Indu\u00e7\u00e3o &#8211; 70 cm de Profundidade &#8211; com Arm\u00e1rio"},"content":{"rendered":"<ul>\n<li>P\u00e9s ajust\u00e1veis<\/li>\n<li>Design higi\u00e9nico<\/li>\n<li>Prote\u00e7\u00e3o contra sobreaquecimento<\/li>\n<li>Tampo de vidro cer\u00e2mico de 6 mm<\/li>\n<li>Ecr\u00e3 LED e painel de controlo f\u00e1cil<\/li>\n<li>Dois queimadores de indu\u00e7\u00e3o com dete\u00e7\u00e3o de panelas<\/li>\n<li>Constru\u00e7\u00e3o muito dur\u00e1vel e design ergon\u00f3mico<\/li>\n<li>Equipado com um term\u00f3stato que varia entre 60-240\u00b0C<\/li>\n<li>Um bot\u00e3o por queimador para controlar a temperatura<\/li>\n<li>Equipado com um arm\u00e1rio de uma porta para espa\u00e7o de arruma\u00e7\u00e3o extra<\/li>\n<\/ul>\n<p>Caracter\u00edsticas do produto<\/p>\n<ul>\n<li>Peso l\u00edquido: 42 kg<\/li>\n<li>Dimens\u00f5es do queimador: 16-30cm<\/li>\n<li>Dimens\u00f5es do aparelho: L40 x P70 x A87cm<\/li>\n<li>Pot\u00eancia do queimador: 1 x 3,5 + 1 x 5,0 kW<\/li>\n<li>Pot\u00eancia el\u00e9ctrica total: 8,5 kW<\/li>\n<li>Pot\u00eancia: 400V \/ 50Hz \/ 3 fases 8500W<\/li>\n<\/ul>\n","protected":false},"excerpt":{"rendered":"<p>Os fog\u00f5es de indu\u00e7\u00e3o est\u00e3o a tornar-se cada vez mais populares na cozinha, e n\u00e3o \u00e9 dif\u00edcil perceber porqu\u00ea. S\u00e3o energeticamente eficientes, f\u00e1ceis de utilizar e muito seguros. Este modelo de 2 queimadores utiliza um campo eletromagn\u00e9tico para gerar calor diretamente. \u00c9 fornecido com um arm\u00e1rio por baixo para arruma\u00e7\u00e3o extra. consulte Mais informa\u00e7\u00e3o<\/p>\n","protected":false},"featured_media":9461470,"comment_status":"open","ping_status":"closed","template":"","meta":[],"product_cat":[140,84],"product_tag":[],"class_list":["post-9461471","product","type-product","status-publish","has-post-thumbnail","hentry","product_cat-cozedura-aquecimento","product_cat-fogoesepanelas","product_shipping_class-gph"],"_links":{"self":[{"href":"https:\/\/tpohotelariaecasa.pt\/index.php\/wp-json\/wp\/v2\/product\/9461471"}],"collection":[{"href":"https:\/\/tpohotelariaecasa.pt\/index.php\/wp-json\/wp\/v2\/product"}],"about":[{"href":"https:\/\/tpohotelariaecasa.pt\/index.php\/wp-json\/wp\/v2\/types\/product"}],"replies":[{"embeddable":true,"href":"https:\/\/tpohotelariaecasa.pt\/index.php\/wp-json\/wp\/v2\/comments?post=9461471"}],"wp:featuredmedia":[{"embeddable":true,"href":"https:\/\/tpohotelariaecasa.pt\/index.php\/wp-json\/wp\/v2\/media\/9461470"}],"wp:attachment":[{"href":"https:\/\/tpohotelariaecasa.pt\/index.php\/wp-json\/wp\/v2\/media?parent=9461471"}],"wp:term":[{"taxonomy":"product_cat","embeddable":true,"href":"https:\/\/tpohotelariaecasa.pt\/index.php\/wp-json\/wp\/v2\/product_cat?post=9461471"},{"taxonomy":"product_tag","embeddable":true,"href":"https:\/\/tpohotelariaecasa.pt\/index.php\/wp-json\/wp\/v2\/product_tag?post=9461471"}],"curies":[{"name":"wp","href":"https:\/\/api.w.org\/{rel}","templated":true}]}}