{"id":9461473,"date":"2024-05-29T17:19:23","date_gmt":"2024-05-29T17:19:23","guid":{"rendered":"https:\/\/tpohotelariaecasa.pt\/index.php\/product\/maquina-de-enchimento-de-salsichas-10-l-automatica-vertical-ecra-digital\/"},"modified":"2025-04-03T09:09:44","modified_gmt":"2025-04-03T09:09:44","slug":"maquina-de-enchimento-de-salsichas-10-l-automatica-vertical-ecra-digital","status":"publish","type":"product","link":"https:\/\/tpohotelariaecasa.pt\/index.php\/product\/maquina-de-enchimento-de-salsichas-10-l-automatica-vertical-ecra-digital\/","title":{"rendered":"M\u00e1quina de Enchimento de Salsichas &#8211; 10 l &#8211; Autom\u00e1tica &#8211; Vertical &#8211; Ecr\u00e3 Digital"},"content":{"rendered":"<p><strong>Caracter\u00edsticas<\/strong><\/p>\n<ul>\n<li>Enchedora de salsichas s\u00f3lida, autom\u00e1tica e comercial<\/li>\n<li>Caixa e placa de base em a\u00e7o inoxid\u00e1vel<\/li>\n<li>Cilindro, eixo e placa de prensagem em a\u00e7o inoxid\u00e1vel<\/li>\n<li>Placa de prensagem com junta selada de silicone, amov\u00edvel e \u00e0 prova de fugas<\/li>\n<li>Interruptor de emerg\u00eancia para arranque e paragem<\/li>\n<li>A ta\u00e7a inclinada \u00e9 f\u00e1cil de encher e de limpar<\/li>\n<li>F\u00e1cil de limpar<\/li>\n<\/ul>\n<p><strong>Especifica\u00e7\u00f5es do produto<\/strong><\/p>\n<ul>\n<li>Peso l\u00edquido: 26,5 kg<\/li>\n<li>Capacidade de enchimento: 10L<\/li>\n<li>Dimens\u00f5es do aparelho: L37 x P32 x A63,5cm<\/li>\n<li>Dimens\u00f5es do cilindro: \u00d821,5 x 27cm<\/li>\n<li>Di\u00e2metro do cilindro de sa\u00edda: \u00d85cm<\/li>\n<li>Tamanhos do tubo de enchimento: \u00d816mm, \u00d822mm, \u00d832mm e \u00d838mm<\/li>\n<li>Velocidade: 2-7mm\/s<\/li>\n<li>Velocidade de enchimento: 10 velocidades (de 0-100)<\/li>\n<li>230V \/ 50Hz \/ 1Fase 260W<\/li>\n<\/ul>\n<p><strong>Nota:<\/strong><br \/>\nA pot\u00eancia na etiqueta da m\u00e1quina est\u00e1 incorrecta. A pot\u00eancia correcta \u00e9 260W.<\/p>\n<p>&nbsp;<\/p>\n<p><em>Inclui<\/em><\/p>\n<ul>\n<li>Quatro tubos de v\u00e1rios tamanhos, incluindo: \u00d816mm, \u00d822mm, \u00d832mm e \u00d838mm<\/li>\n<li>Pedal<\/li>\n<\/ul>\n","protected":false},"excerpt":{"rendered":"<p>Esta m\u00e1quina autom\u00e1tica de enchimento de salsichas tem uma capacidade de enchimento de 10L, vem com quatro tubos de enchimento de diferentes tamanhos e inclui um pedal. Gra\u00e7as \u00e0 velocidade ajust\u00e1vel, as salsichas s\u00e3o criadas de forma r\u00e1pida e perfeita. consulte Mais informa\u00e7\u00e3o<\/p>\n","protected":false},"featured_media":9461472,"comment_status":"open","ping_status":"closed","template":"","meta":[],"product_cat":[127],"product_tag":[],"class_list":["post-9461473","product","type-product","status-publish","has-post-thumbnail","hentry","product_cat-recheador-de-salsichas","product_shipping_class-gph"],"_links":{"self":[{"href":"https:\/\/tpohotelariaecasa.pt\/index.php\/wp-json\/wp\/v2\/product\/9461473"}],"collection":[{"href":"https:\/\/tpohotelariaecasa.pt\/index.php\/wp-json\/wp\/v2\/product"}],"about":[{"href":"https:\/\/tpohotelariaecasa.pt\/index.php\/wp-json\/wp\/v2\/types\/product"}],"replies":[{"embeddable":true,"href":"https:\/\/tpohotelariaecasa.pt\/index.php\/wp-json\/wp\/v2\/comments?post=9461473"}],"wp:featuredmedia":[{"embeddable":true,"href":"https:\/\/tpohotelariaecasa.pt\/index.php\/wp-json\/wp\/v2\/media\/9461472"}],"wp:attachment":[{"href":"https:\/\/tpohotelariaecasa.pt\/index.php\/wp-json\/wp\/v2\/media?parent=9461473"}],"wp:term":[{"taxonomy":"product_cat","embeddable":true,"href":"https:\/\/tpohotelariaecasa.pt\/index.php\/wp-json\/wp\/v2\/product_cat?post=9461473"},{"taxonomy":"product_tag","embeddable":true,"href":"https:\/\/tpohotelariaecasa.pt\/index.php\/wp-json\/wp\/v2\/product_tag?post=9461473"}],"curies":[{"name":"wp","href":"https:\/\/api.w.org\/{rel}","templated":true}]}}