{"id":9461479,"date":"2024-05-29T17:19:27","date_gmt":"2024-05-29T17:19:27","guid":{"rendered":"https:\/\/tpohotelariaecasa.pt\/index.php\/product\/polidor-de-vidro-8-escovas-600-copos-hora\/"},"modified":"2025-04-03T09:09:36","modified_gmt":"2025-04-03T09:09:36","slug":"polidor-de-vidro-8-escovas-600-copos-hora","status":"publish","type":"product","link":"https:\/\/tpohotelariaecasa.pt\/index.php\/product\/polidor-de-vidro-8-escovas-600-copos-hora\/","title":{"rendered":"Polidor de Vidro &#8211; 8 Escovas &#8211; 600 Copos\/hora"},"content":{"rendered":"<p><strong>Caracter\u00edsticas<\/strong><\/p>\n<ul>\n<li>Inclui seis escovas grandes<\/li>\n<li>Caixa robusta em a\u00e7o inoxid\u00e1vel<\/li>\n<li>Dois sopradores de ar para uma secagem r\u00e1pida<\/li>\n<li>Duas escovas pequenas no meio<\/li>\n<li>Escovas absorventes feitas de fibras naturais<\/li>\n<li>Escovas adequadas para diferentes formas de ch\u00e1venas ou copos<\/li>\n<\/ul>\n<p><strong>Especifica\u00e7\u00f5es do produto<\/strong><\/p>\n<ul>\n<li>Capacidade: 600-700 copos por hora<\/li>\n<li>Peso l\u00edquido: 28 kg<\/li>\n<li>Dimens\u00f5es: W59 x D36 x H48cm<\/li>\n<li>Capacidade do motor: 2800 RPM<\/li>\n<li>Faixa de temperatura: 50-70\u00baC<\/li>\n<li>Di\u00e2metro m\u00ednimo do copo: \u2205 4cm<\/li>\n<li>230V \/ 50Hz \/ 1 Fase 2,62kW<\/li>\n<\/ul>\n","protected":false},"excerpt":{"rendered":"<p>Copos brilhantes s\u00e3o o cart\u00e3o de visita para qualquer neg\u00f3cio de restaura\u00e7\u00e3o. Volte a ter os seus \u00f3culos brilhantes com este polidor de vidro. Com este aparelho profissional, ter\u00e1 sempre \u00f3culos limpos e transparentes para colocar sobre a mesa. Mesmo os copos sem brilho ou danificados podem voltar a ficar cristalinos. consulte Mais informa\u00e7\u00e3o<\/p>\n","protected":false},"featured_media":9461478,"comment_status":"open","ping_status":"closed","template":"","meta":[],"product_cat":[112],"product_tag":[],"class_list":["post-9461479","product","type-product","status-publish","has-post-thumbnail","hentry","product_cat-mquinas-de-polimento","product_shipping_class-gph"],"_links":{"self":[{"href":"https:\/\/tpohotelariaecasa.pt\/index.php\/wp-json\/wp\/v2\/product\/9461479"}],"collection":[{"href":"https:\/\/tpohotelariaecasa.pt\/index.php\/wp-json\/wp\/v2\/product"}],"about":[{"href":"https:\/\/tpohotelariaecasa.pt\/index.php\/wp-json\/wp\/v2\/types\/product"}],"replies":[{"embeddable":true,"href":"https:\/\/tpohotelariaecasa.pt\/index.php\/wp-json\/wp\/v2\/comments?post=9461479"}],"wp:featuredmedia":[{"embeddable":true,"href":"https:\/\/tpohotelariaecasa.pt\/index.php\/wp-json\/wp\/v2\/media\/9461478"}],"wp:attachment":[{"href":"https:\/\/tpohotelariaecasa.pt\/index.php\/wp-json\/wp\/v2\/media?parent=9461479"}],"wp:term":[{"taxonomy":"product_cat","embeddable":true,"href":"https:\/\/tpohotelariaecasa.pt\/index.php\/wp-json\/wp\/v2\/product_cat?post=9461479"},{"taxonomy":"product_tag","embeddable":true,"href":"https:\/\/tpohotelariaecasa.pt\/index.php\/wp-json\/wp\/v2\/product_tag?post=9461479"}],"curies":[{"name":"wp","href":"https:\/\/api.w.org\/{rel}","templated":true}]}}