{"id":9461483,"date":"2024-05-29T17:19:29","date_gmt":"2024-05-29T17:19:29","guid":{"rendered":"https:\/\/tpohotelariaecasa.pt\/index.php\/product\/polidora-de-talheres-3-000-pecas-h-modelo-de-mesa\/"},"modified":"2025-04-03T09:09:43","modified_gmt":"2025-04-03T09:09:43","slug":"polidora-de-talheres-3-000-pecas-h-modelo-de-mesa","status":"publish","type":"product","link":"https:\/\/tpohotelariaecasa.pt\/index.php\/product\/polidora-de-talheres-3-000-pecas-h-modelo-de-mesa\/","title":{"rendered":"Polidora de Talheres &#8211; 3 000 pe\u00e7as\/h &#8211; Modelo de Mesa"},"content":{"rendered":"<ul>\n<li>Caixa robusta em a\u00e7o inoxid\u00e1vel<\/li>\n<li>Capacidade do tanque do agente de polimento de 3kg<\/li>\n<li>L\u00e2mpada UV de 8W<\/li>\n<li>Adequado para todos os tipos de cutelaria<\/li>\n<\/ul>\n<p><strong>Especifica\u00e7\u00f5es do produto<\/strong><\/p>\n<ul>\n<li>Capacidade: 3 000 pe\u00e7as por hora<\/li>\n<li>Capacidade do motor: 1 500RPM<\/li>\n<li>Peso l\u00edquido: 42kg<\/li>\n<li>Dimens\u00f5es: L59 x D56 x H43cm<\/li>\n<li>230V\/50Hz\/1Fase 0,19kW<\/li>\n<\/ul>\n","protected":false},"excerpt":{"rendered":"<p>Os talheres limpos e brilhantes s\u00e3o o cart\u00e3o de visita de todos os estabelecimentos de restaura\u00e7\u00e3o. Com este polidor de talheres, os talheres sem brilho e danificados tornam-se novamente brilhantes. Isto tira muito tempo e trabalho manual das suas m\u00e3os. consulte Mais informa\u00e7\u00e3o<\/p>\n","protected":false},"featured_media":9461482,"comment_status":"open","ping_status":"closed","template":"","meta":[],"product_cat":[112],"product_tag":[],"class_list":["post-9461483","product","type-product","status-publish","has-post-thumbnail","hentry","product_cat-mquinas-de-polimento","product_shipping_class-gph"],"_links":{"self":[{"href":"https:\/\/tpohotelariaecasa.pt\/index.php\/wp-json\/wp\/v2\/product\/9461483"}],"collection":[{"href":"https:\/\/tpohotelariaecasa.pt\/index.php\/wp-json\/wp\/v2\/product"}],"about":[{"href":"https:\/\/tpohotelariaecasa.pt\/index.php\/wp-json\/wp\/v2\/types\/product"}],"replies":[{"embeddable":true,"href":"https:\/\/tpohotelariaecasa.pt\/index.php\/wp-json\/wp\/v2\/comments?post=9461483"}],"wp:featuredmedia":[{"embeddable":true,"href":"https:\/\/tpohotelariaecasa.pt\/index.php\/wp-json\/wp\/v2\/media\/9461482"}],"wp:attachment":[{"href":"https:\/\/tpohotelariaecasa.pt\/index.php\/wp-json\/wp\/v2\/media?parent=9461483"}],"wp:term":[{"taxonomy":"product_cat","embeddable":true,"href":"https:\/\/tpohotelariaecasa.pt\/index.php\/wp-json\/wp\/v2\/product_cat?post=9461483"},{"taxonomy":"product_tag","embeddable":true,"href":"https:\/\/tpohotelariaecasa.pt\/index.php\/wp-json\/wp\/v2\/product_tag?post=9461483"}],"curies":[{"name":"wp","href":"https:\/\/api.w.org\/{rel}","templated":true}]}}