{"id":9461489,"date":"2024-05-29T17:19:32","date_gmt":"2024-05-29T17:19:32","guid":{"rendered":"https:\/\/tpohotelariaecasa.pt\/index.php\/product\/forno-combinador-adapta-se-4-x-gn-2-3-tabuleiros-analogico\/"},"modified":"2025-04-03T09:09:43","modified_gmt":"2025-04-03T09:09:43","slug":"forno-combinador-adapta-se-4-x-gn-2-3-tabuleiros-analogico","status":"publish","type":"product","link":"https:\/\/tpohotelariaecasa.pt\/index.php\/product\/forno-combinador-adapta-se-4-x-gn-2-3-tabuleiros-analogico\/","title":{"rendered":"Forno Combinador &#8211; Adapta-se 4 x GN 2\/3 Tabuleiros &#8211; Anal\u00f3gico"},"content":{"rendered":"<p><strong>Caracter\u00edsticas<\/strong><\/p>\n<ul>\n<li>Interruptor de seguran\u00e7a contra o sobreaquecimento<\/li>\n<li>Ampla gama de temperaturas, de 50-270\u00b0C<\/li>\n<li>Regula\u00e7\u00e3o de vapor ajust\u00e1vel de 0-100% de vapor<\/li>\n<li>Distribui\u00e7\u00e3o eficiente do calor gra\u00e7as ao sistema de ventila\u00e7\u00e3o<\/li>\n<li>Controlo anal\u00f3gico f\u00e1cil de utilizar para o vapor, a temperatura e o temporizador<\/li>\n<\/ul>\n<p><strong>Caracter\u00edsticas do produto<\/strong><\/p>\n<ul>\n<li>Peso l\u00edquido: 41 kg<\/li>\n<li>Capacidade: 4 x 2\/3 tabuleiros GN<\/li>\n<li>Dist\u00e2ncia entre tabuleiros: 7cm<\/li>\n<li>Dimens\u00f5es: L69 x P59 x A63cm<\/li>\n<li>230V \/ 50Hz \/ 1 Fase 3300W<\/li>\n<\/ul>\n<p><em>Inclu\u00eddo:<\/em><\/p>\n<ul>\n<li>Uma grelha de forno<\/li>\n<\/ul>\n","protected":false},"excerpt":{"rendered":"<p>Cozinhar os alimentos a vapor ajuda a reter os sabores, os nutrientes e a cor durante mais tempo. Isto resulta em pratos que n\u00e3o s\u00f3 t\u00eam bom aspeto, como tamb\u00e9m t\u00eam um sabor delicioso. \u00c9 uma forma saud\u00e1vel de preparar a comida para os seus convidados. Al\u00e9m disso, os pratos n\u00e3o secam quando cozinhados a vapor, pelo que \u00e9 poss\u00edvel criar uma qualidade consistente dos alimentos. Um forno combinado a vapor de alta qualidade \u00e9 um aparelho essencial nas cozinhas profissionais. Este modelo \u00e9 adequado para a produ\u00e7\u00e3o de alimentos, gra\u00e7as \u00e0 sua capacidade para 4 x 2\/3 tabuleiros GN. consulte Mais informa\u00e7\u00e3o<\/p>\n","protected":false},"featured_media":9461488,"comment_status":"open","ping_status":"closed","template":"","meta":[],"product_cat":[792,88,21],"product_tag":[],"class_list":["post-9461489","product","type-product","status-publish","has-post-thumbnail","hentry","product_cat-mais-vendidos","product_cat-fornos","product_cat-restauracao","product_shipping_class-gph"],"_links":{"self":[{"href":"https:\/\/tpohotelariaecasa.pt\/index.php\/wp-json\/wp\/v2\/product\/9461489"}],"collection":[{"href":"https:\/\/tpohotelariaecasa.pt\/index.php\/wp-json\/wp\/v2\/product"}],"about":[{"href":"https:\/\/tpohotelariaecasa.pt\/index.php\/wp-json\/wp\/v2\/types\/product"}],"replies":[{"embeddable":true,"href":"https:\/\/tpohotelariaecasa.pt\/index.php\/wp-json\/wp\/v2\/comments?post=9461489"}],"wp:featuredmedia":[{"embeddable":true,"href":"https:\/\/tpohotelariaecasa.pt\/index.php\/wp-json\/wp\/v2\/media\/9461488"}],"wp:attachment":[{"href":"https:\/\/tpohotelariaecasa.pt\/index.php\/wp-json\/wp\/v2\/media?parent=9461489"}],"wp:term":[{"taxonomy":"product_cat","embeddable":true,"href":"https:\/\/tpohotelariaecasa.pt\/index.php\/wp-json\/wp\/v2\/product_cat?post=9461489"},{"taxonomy":"product_tag","embeddable":true,"href":"https:\/\/tpohotelariaecasa.pt\/index.php\/wp-json\/wp\/v2\/product_tag?post=9461489"}],"curies":[{"name":"wp","href":"https:\/\/api.w.org\/{rel}","templated":true}]}}