{"id":9461493,"date":"2024-05-29T17:19:34","date_gmt":"2024-05-29T17:19:34","guid":{"rendered":"https:\/\/tpohotelariaecasa.pt\/index.php\/product\/forno-combinador-adapta-se-5-tabuleiros-gn-1-1-60-x-40-cm-ecra-digital-400v\/"},"modified":"2025-04-03T09:09:43","modified_gmt":"2025-04-03T09:09:43","slug":"forno-combinador-adapta-se-5-tabuleiros-gn-1-1-60-x-40-cm-ecra-digital-400v","status":"publish","type":"product","link":"https:\/\/tpohotelariaecasa.pt\/index.php\/product\/forno-combinador-adapta-se-5-tabuleiros-gn-1-1-60-x-40-cm-ecra-digital-400v\/","title":{"rendered":"Forno Combinador &#8211; Adapta-se 5 Tabuleiros (GN 1\/1 \/ 60 x 40 cm) &#8211; Ecr\u00e3 Digital &#8211; 400V"},"content":{"rendered":"<p><strong>caracter\u00edsticas<\/strong><\/p>\n<ul>\n<li>Ampla gama de temperaturas, de 30-270\u00b0C<\/li>\n<li>Regula\u00e7\u00e3o de vapor ajust\u00e1vel de 20-100% de vapor<\/li>\n<li>99 programas predefinidos com tr\u00eas fases<\/li>\n<li>Controlos t\u00e1cteis e LCD para humidade, temperatura e tempo<\/li>\n<\/ul>\n<p><strong>Especifica\u00e7\u00f5es do produto<\/strong><\/p>\n<ul>\n<li>Peso l\u00edquido: 59 kg<\/li>\n<li>Capacidade: 5 x 1\/1 GN, ou 5 tabuleiros de 60 x 40cm<\/li>\n<li>Dist\u00e2ncia entre tabuleiros: 7cm<\/li>\n<li>Dimens\u00f5es do aparelho: W73 x D77 x H75cm<\/li>\n<li>400V \/ 50Hz \/ 3 fases 5800W<\/li>\n<\/ul>\n<p><em>Inclu\u00eddo<\/em>:<\/p>\n<ul>\n<li>Uma grelha de forno<\/li>\n<\/ul>\n","protected":false},"excerpt":{"rendered":"<p>Cozinhar os alimentos a vapor ajuda a reter os sabores, os nutrientes e a cor durante mais tempo. Isto resulta em pratos que n\u00e3o s\u00f3 t\u00eam bom aspeto, como tamb\u00e9m t\u00eam um sabor delicioso. \u00c9 uma forma saud\u00e1vel de preparar a comida para os seus convidados. Al\u00e9m disso, os pratos n\u00e3o secam quando cozinhados a vapor, pelo que \u00e9 poss\u00edvel criar uma qualidade consistente dos alimentos. Um forno combinado a vapor de alta qualidade \u00e9 um aparelho essencial nas cozinhas profissionais. Este modelo \u00e9 bem adequado para a produ\u00e7\u00e3o de alimentos, gra\u00e7as \u00e0 sua capacidade para 5 tabuleiros GN 1\/1. Tamb\u00e9m \u00e9 adequado para um m\u00e1ximo de 5 tabuleiros Bakerynorm (60 x 40 cm). consulte Mais informa\u00e7\u00e3o<\/p>\n","protected":false},"featured_media":9461492,"comment_status":"open","ping_status":"closed","template":"","meta":[],"product_cat":[88,21],"product_tag":[],"class_list":["post-9461493","product","type-product","status-publish","has-post-thumbnail","hentry","product_cat-fornos","product_cat-restauracao","product_shipping_class-gph"],"_links":{"self":[{"href":"https:\/\/tpohotelariaecasa.pt\/index.php\/wp-json\/wp\/v2\/product\/9461493"}],"collection":[{"href":"https:\/\/tpohotelariaecasa.pt\/index.php\/wp-json\/wp\/v2\/product"}],"about":[{"href":"https:\/\/tpohotelariaecasa.pt\/index.php\/wp-json\/wp\/v2\/types\/product"}],"replies":[{"embeddable":true,"href":"https:\/\/tpohotelariaecasa.pt\/index.php\/wp-json\/wp\/v2\/comments?post=9461493"}],"wp:featuredmedia":[{"embeddable":true,"href":"https:\/\/tpohotelariaecasa.pt\/index.php\/wp-json\/wp\/v2\/media\/9461492"}],"wp:attachment":[{"href":"https:\/\/tpohotelariaecasa.pt\/index.php\/wp-json\/wp\/v2\/media?parent=9461493"}],"wp:term":[{"taxonomy":"product_cat","embeddable":true,"href":"https:\/\/tpohotelariaecasa.pt\/index.php\/wp-json\/wp\/v2\/product_cat?post=9461493"},{"taxonomy":"product_tag","embeddable":true,"href":"https:\/\/tpohotelariaecasa.pt\/index.php\/wp-json\/wp\/v2\/product_tag?post=9461493"}],"curies":[{"name":"wp","href":"https:\/\/api.w.org\/{rel}","templated":true}]}}