{"id":9461505,"date":"2024-05-29T17:19:41","date_gmt":"2024-05-29T17:19:41","guid":{"rendered":"https:\/\/tpohotelariaecasa.pt\/index.php\/product\/maquina-de-lavar-louca-de-bancada-40-x-40-cm-com-dreno-abrilhantador-e-bombas-de-sabao-ecra-digital-230v\/"},"modified":"2025-04-03T09:09:43","modified_gmt":"2025-04-03T09:09:43","slug":"maquina-de-lavar-louca-de-bancada-40-x-40-cm-com-dreno-abrilhantador-e-bombas-de-sabao-ecra-digital-230v","status":"publish","type":"product","link":"https:\/\/tpohotelariaecasa.pt\/index.php\/product\/maquina-de-lavar-louca-de-bancada-40-x-40-cm-com-dreno-abrilhantador-e-bombas-de-sabao-ecra-digital-230v\/","title":{"rendered":"M\u00e1quina de Lavar Lou\u00e7a de Bancada &#8211; 40 x 40 cm &#8211; com Dreno, Abrilhantador e Bombas de Sab\u00e3o &#8211; Ecr\u00e3 Digital &#8211; 230V"},"content":{"rendered":"<p><strong>Caracter\u00edsticas<\/strong><\/p>\n<ul>\n<li>Inclui abrilhantador, sab\u00e3o e bomba de drenagem<\/li>\n<li>Temperatura de enxaguamento de 85\u00b0C para uma secagem r\u00e1pida<\/li>\n<li>M\u00e1quina silenciosa com apenas &lt;70dB<\/li>\n<li>O consumo de \u00e1gua por ciclo \u00e9 de apenas 2,5L<\/li>\n<li>Programas de lavagem completos em 135, 195 e 255<strong>\u00a0segundos<\/strong><\/li>\n<\/ul>\n<p><strong>Especifica\u00e7\u00f5es do produto<\/strong><\/p>\n<ul>\n<li>Peso l\u00edquido: 40 kg<\/li>\n<li>Capacidade do dep\u00f3sito: 18,4L<\/li>\n<li>Capacidade da caldeira: 2,8L<\/li>\n<li>Dimens\u00f5es: L48 \u00d7 P54 x A76cm<\/li>\n<li>Altura da porta: 33cm (altura m\u00e1xima do vidro\/placa: 30cm)<\/li>\n<li>Elemento do tanque: 2,0kW<\/li>\n<li>Elemento da caldeira: 3,0kW<\/li>\n<li>Bomba de lavagem: 0,31kW<\/li>\n<li>230V \/ 50Hz \/ 1 Fase 3300W<\/li>\n<\/ul>\n<p><em>Inclu\u00eddo<\/em><\/p>\n<ul>\n<li>Mangueira de abastecimento<\/li>\n<li>Mangueira de drenagem<\/li>\n<li>Um cesto para pratos (40 x 40cm)<\/li>\n<li>Um cesto para copos (40 x 40cm)<\/li>\n<li>Um cesto de talheres<\/li>\n<\/ul>\n","protected":false},"excerpt":{"rendered":"<p>Esta m\u00e1quina de lavar lou\u00e7a potente e duradoura garante pratos brilhantes em menos de cinco minutos. \u00c9 adequada para cozinhas de m\u00e9dia dimens\u00e3o que necessitam de ter a loi\u00e7a de volta ao servi\u00e7o o mais rapidamente poss\u00edvel. Com um painel de controlo digital, tr\u00eas programas de lavagem completos e um funcionamento muito silencioso, pode limpar toda a sua loi\u00e7a num instante. consulte Mais informa\u00e7\u00e3o<\/p>\n","protected":false},"featured_media":9461504,"comment_status":"open","ping_status":"closed","template":"","meta":[],"product_cat":[111],"product_tag":[],"class_list":["post-9461505","product","type-product","status-publish","has-post-thumbnail","hentry","product_cat-mquinas-de-lavar-loua","product_shipping_class-gph"],"_links":{"self":[{"href":"https:\/\/tpohotelariaecasa.pt\/index.php\/wp-json\/wp\/v2\/product\/9461505"}],"collection":[{"href":"https:\/\/tpohotelariaecasa.pt\/index.php\/wp-json\/wp\/v2\/product"}],"about":[{"href":"https:\/\/tpohotelariaecasa.pt\/index.php\/wp-json\/wp\/v2\/types\/product"}],"replies":[{"embeddable":true,"href":"https:\/\/tpohotelariaecasa.pt\/index.php\/wp-json\/wp\/v2\/comments?post=9461505"}],"wp:featuredmedia":[{"embeddable":true,"href":"https:\/\/tpohotelariaecasa.pt\/index.php\/wp-json\/wp\/v2\/media\/9461504"}],"wp:attachment":[{"href":"https:\/\/tpohotelariaecasa.pt\/index.php\/wp-json\/wp\/v2\/media?parent=9461505"}],"wp:term":[{"taxonomy":"product_cat","embeddable":true,"href":"https:\/\/tpohotelariaecasa.pt\/index.php\/wp-json\/wp\/v2\/product_cat?post=9461505"},{"taxonomy":"product_tag","embeddable":true,"href":"https:\/\/tpohotelariaecasa.pt\/index.php\/wp-json\/wp\/v2\/product_tag?post=9461505"}],"curies":[{"name":"wp","href":"https:\/\/api.w.org\/{rel}","templated":true}]}}