{"id":9461515,"date":"2024-05-29T17:19:47","date_gmt":"2024-05-29T17:19:47","guid":{"rendered":"https:\/\/tpohotelariaecasa.pt\/index.php\/product\/maquina-de-lavar-louca-de-capuz-50-x-50-cm-com-bomba-de-abrilhantador-e-bombas-de-sabao-ecra-digital-400v\/"},"modified":"2025-04-03T09:09:43","modified_gmt":"2025-04-03T09:09:43","slug":"maquina-de-lavar-louca-de-capuz-50-x-50-cm-com-bomba-de-abrilhantador-e-bombas-de-sabao-ecra-digital-400v","status":"publish","type":"product","link":"https:\/\/tpohotelariaecasa.pt\/index.php\/product\/maquina-de-lavar-louca-de-capuz-50-x-50-cm-com-bomba-de-abrilhantador-e-bombas-de-sabao-ecra-digital-400v\/","title":{"rendered":"M\u00e1quina de lavar Lou\u00e7a de Capuz &#8211; 50 x 50 cm &#8211; com Bomba de Abrilhantador e Bombas de Sab\u00e3o &#8211; Ecr\u00e3 Digital &#8211; 400V"},"content":{"rendered":"<p><strong>Caracter\u00edsticas<\/strong><\/p>\n<ul>\n<li>M\u00e1quina silenciosa com menos de 75dB<\/li>\n<li>Temperatura de enxaguamento de 85\u00b0C para uma secagem r\u00e1pida<\/li>\n<li>Programas de lavagem completos em 52, 102 e 192<strong>\u00a0segundos<\/strong><\/li>\n<li>O consumo de \u00e1gua por ciclo \u00e9 de apenas 2,8L<\/li>\n<li>Inclui abrilhantador e bombas de sab\u00e3o<\/li>\n<\/ul>\n<p><strong>Especifica\u00e7\u00f5es do produto<\/strong><\/p>\n<ul>\n<li>Peso l\u00edquido: 100 kg<\/li>\n<li>Capacidade do dep\u00f3sito: 22L<\/li>\n<li>Capacidade da caldeira: 7L<\/li>\n<li>Dimens\u00f5es fechadas: L70 x P78,5 x A148cm<\/li>\n<li>Dimens\u00f5es abertas: L70 x P78,5 x A196cm<\/li>\n<li>Altura da porta: 44,5cm (altura m\u00e1xima do copo\/prato 40cm)<\/li>\n<li>Altura m\u00e1xima das mesas da m\u00e1quina de lavar loi\u00e7a: 83-86cm<\/li>\n<li>Elemento do tanque: 2,0kW<\/li>\n<li>Elemento da caldeira: 9,0kW<\/li>\n<li>Bomba de lavagem: 0,66kW<\/li>\n<li>400V \/ 50Hz \/ 3 Fase 9660W<\/li>\n<\/ul>\n<p><em>Inclu\u00eddo<\/em><\/p>\n<ul>\n<li>Mangueira de abastecimento<\/li>\n<li>Mangueira de drenagem<\/li>\n<li>Um cesto para talheres<\/li>\n<li>Um cesto para pratos (50 x 50cm)<\/li>\n<li>Um cesto para copos (50 x 50cm)<\/li>\n<\/ul>\n","protected":false},"excerpt":{"rendered":"<p>Esta potente m\u00e1quina de lavar lou\u00e7a de passagem \u00e9 ideal para uma utiliza\u00e7\u00e3o di\u00e1ria intensiva em grandes estabelecimentos de restaura\u00e7\u00e3o. Com uma grande capacidade de lavagem, pode colocar os pratos de volta ao servi\u00e7o, impec\u00e1veis e prontos a utilizar, em menos de quatro minutos. consulte Mais informa\u00e7\u00e3o<\/p>\n","protected":false},"featured_media":9461514,"comment_status":"open","ping_status":"closed","template":"","meta":[],"product_cat":[111],"product_tag":[],"class_list":["post-9461515","product","type-product","status-publish","has-post-thumbnail","hentry","product_cat-mquinas-de-lavar-loua","product_shipping_class-gph"],"_links":{"self":[{"href":"https:\/\/tpohotelariaecasa.pt\/index.php\/wp-json\/wp\/v2\/product\/9461515"}],"collection":[{"href":"https:\/\/tpohotelariaecasa.pt\/index.php\/wp-json\/wp\/v2\/product"}],"about":[{"href":"https:\/\/tpohotelariaecasa.pt\/index.php\/wp-json\/wp\/v2\/types\/product"}],"replies":[{"embeddable":true,"href":"https:\/\/tpohotelariaecasa.pt\/index.php\/wp-json\/wp\/v2\/comments?post=9461515"}],"wp:featuredmedia":[{"embeddable":true,"href":"https:\/\/tpohotelariaecasa.pt\/index.php\/wp-json\/wp\/v2\/media\/9461514"}],"wp:attachment":[{"href":"https:\/\/tpohotelariaecasa.pt\/index.php\/wp-json\/wp\/v2\/media?parent=9461515"}],"wp:term":[{"taxonomy":"product_cat","embeddable":true,"href":"https:\/\/tpohotelariaecasa.pt\/index.php\/wp-json\/wp\/v2\/product_cat?post=9461515"},{"taxonomy":"product_tag","embeddable":true,"href":"https:\/\/tpohotelariaecasa.pt\/index.php\/wp-json\/wp\/v2\/product_tag?post=9461515"}],"curies":[{"name":"wp","href":"https:\/\/api.w.org\/{rel}","templated":true}]}}