{"id":9461517,"date":"2024-05-29T17:19:48","date_gmt":"2024-05-29T17:19:48","guid":{"rendered":"https:\/\/tpohotelariaecasa.pt\/index.php\/product\/cortador-de-batatas-fritas-producao-ate-1-500-kg-h-varios-tamanhos-de-batatas-fritas-eletrico\/"},"modified":"2025-04-03T09:09:43","modified_gmt":"2025-04-03T09:09:43","slug":"cortador-de-batatas-fritas-producao-ate-1-500-kg-h-varios-tamanhos-de-batatas-fritas-eletrico","status":"publish","type":"product","link":"https:\/\/tpohotelariaecasa.pt\/index.php\/product\/cortador-de-batatas-fritas-producao-ate-1-500-kg-h-varios-tamanhos-de-batatas-fritas-eletrico\/","title":{"rendered":"Cortador de Batatas Fritas &#8211; Produ\u00e7\u00e3o At\u00e9 1.500 kg\/h &#8211; V\u00e1rios Tamanhos de Batatas Fritas &#8211; El\u00e9trico"},"content":{"rendered":"<p><strong>Caracter\u00edsticas<\/strong><\/p>\n<ul>\n<li>Cortador de batatas fritas profissional<\/li>\n<li>Adequado para batatas at\u00e9 12 x \u00d88cm<\/li>\n<li>Caixa, disco empurrador e l\u00e2minas em a\u00e7o inoxid\u00e1vel<\/li>\n<li>Constru\u00e7\u00e3o simples e robusta<\/li>\n<li>Disco de press\u00e3o e bloco de l\u00e2minas facilmente amov\u00edveis<\/li>\n<\/ul>\n<p><strong>Especifica\u00e7\u00f5es do produto<\/strong><\/p>\n<ul>\n<li>Peso l\u00edquido: 50 kg<\/li>\n<li>Capacidade de entrada: 13-15kg<\/li>\n<li>Capacidade de corte: 1000-1500kg por hora<\/li>\n<li>Dimens\u00f5es: L40 x P66 x A81,3cm<\/li>\n<li>230V \/ 50Hz \/ 1 Fase 370W<\/li>\n<\/ul>\n<p><em>Inclu\u00eddo<\/em><\/p>\n<ul>\n<li>Bloco de l\u00e2minas: 10 x 10mm<\/li>\n<\/ul>\n<p><strong>N\u00e3o inclui blocos de l\u00e2minas adicionais.<\/strong><\/p>\n","protected":false},"excerpt":{"rendered":"<p>Com este cortador de batatas fritas profissional, existe uma capacidade de entrada de 13-15 kg, pelo que pode facilmente fazer mais do que o suficiente para satisfazer as suas necessidades di\u00e1rias. \u00c9 ideal para utiliza\u00e7\u00e3o em restaurantes e outras empresas de catering que necessitem de fazer muitas batatas fritas. Este aparelho oferece quatro l\u00e2minas diferentes que pode escolher, consoante o tipo de batatas fritas que deseja fazer. consulte Mais informa\u00e7\u00e3o<\/p>\n","protected":false},"featured_media":9461516,"comment_status":"open","ping_status":"closed","template":"","meta":[],"product_cat":[21,121],"product_tag":[],"class_list":["post-9461517","product","type-product","status-publish","has-post-thumbnail","hentry","product_cat-restauracao","product_cat-cortadora-de-legumes","product_shipping_class-gph"],"_links":{"self":[{"href":"https:\/\/tpohotelariaecasa.pt\/index.php\/wp-json\/wp\/v2\/product\/9461517"}],"collection":[{"href":"https:\/\/tpohotelariaecasa.pt\/index.php\/wp-json\/wp\/v2\/product"}],"about":[{"href":"https:\/\/tpohotelariaecasa.pt\/index.php\/wp-json\/wp\/v2\/types\/product"}],"replies":[{"embeddable":true,"href":"https:\/\/tpohotelariaecasa.pt\/index.php\/wp-json\/wp\/v2\/comments?post=9461517"}],"wp:featuredmedia":[{"embeddable":true,"href":"https:\/\/tpohotelariaecasa.pt\/index.php\/wp-json\/wp\/v2\/media\/9461516"}],"wp:attachment":[{"href":"https:\/\/tpohotelariaecasa.pt\/index.php\/wp-json\/wp\/v2\/media?parent=9461517"}],"wp:term":[{"taxonomy":"product_cat","embeddable":true,"href":"https:\/\/tpohotelariaecasa.pt\/index.php\/wp-json\/wp\/v2\/product_cat?post=9461517"},{"taxonomy":"product_tag","embeddable":true,"href":"https:\/\/tpohotelariaecasa.pt\/index.php\/wp-json\/wp\/v2\/product_tag?post=9461517"}],"curies":[{"name":"wp","href":"https:\/\/api.w.org\/{rel}","templated":true}]}}