{"id":9461521,"date":"2024-05-29T17:19:50","date_gmt":"2024-05-29T17:19:50","guid":{"rendered":"https:\/\/tpohotelariaecasa.pt\/index.php\/product\/maquina-de-lavar-loica-para-copos-35-x-35-cm-com-bomba-de-abrilhantador\/"},"modified":"2025-04-03T09:09:43","modified_gmt":"2025-04-03T09:09:43","slug":"maquina-de-lavar-loica-para-copos-35-x-35-cm-com-bomba-de-abrilhantador","status":"publish","type":"product","link":"https:\/\/tpohotelariaecasa.pt\/index.php\/product\/maquina-de-lavar-loica-para-copos-35-x-35-cm-com-bomba-de-abrilhantador\/","title":{"rendered":"M\u00e1quina de Lavar Loi\u00e7a para Copos &#8211; 35 x 35 cm &#8211; com Bomba de Abrilhantador"},"content":{"rendered":"<p><strong>Caracter\u00edsticas<\/strong><\/p>\n<ul>\n<li>M\u00e1quina silenciosa: &lt;65dB<\/li>\n<li>Inclui bomba de abrilhantador<\/li>\n<li>Temperatura de enxaguamento de 65\u00b0C<\/li>\n<li>Primeira lavagem standard de 120 segundos<\/li>\n<li>O consumo de \u00e1gua por ciclo \u00e9 de apenas 2,5L<\/li>\n<\/ul>\n<p><strong>Especifica\u00e7\u00f5es do produto<\/strong><\/p>\n<ul>\n<li>Peso l\u00edquido: 27 kg<\/li>\n<li>Capacidade do dep\u00f3sito: 10L<\/li>\n<li>Capacidade da caldeira: 2,8L<\/li>\n<li>Dimens\u00f5es: W41 \u00d7 D50 x H60cm<\/li>\n<li>Altura da porta: 26cm (altura m\u00e1xima do vidro 23,5cm)<\/li>\n<li>Elemento do tanque: 2,0kW<\/li>\n<li>Elemento da caldeira: 2,6kW<\/li>\n<li>Bomba de lavagem: 0,2kW<\/li>\n<li>230V \/ 50Hz \/ 1 Fase 2800W<\/li>\n<\/ul>\n<p><em>Inclui<\/em><\/p>\n<ul>\n<li>Mangueira de drenagem<\/li>\n<li>Mangueira de abastecimento<\/li>\n<li>Um cesto para talheres<\/li>\n<li>Um suporte para pratos<\/li>\n<li>Dois cestos de vidro 35 x 35cm<\/li>\n<\/ul>\n","protected":false},"excerpt":{"rendered":"<p>Este lava-vidros profissional \u00e9 uma m\u00e1quina silenciosa, potente e com uma pega grande. Funciona de forma extremamente r\u00e1pida para garantir que os vidros voltam a estar ao servi\u00e7o o mais rapidamente poss\u00edvel. Em apenas 120 segundos, os vidros e a loi\u00e7a pequena s\u00e3o limpos e enxaguados com \u00e1gua quente, prontos para a pr\u00f3xima utiliza\u00e7\u00e3o. consulte Mais informa\u00e7\u00e3o<\/p>\n","protected":false},"featured_media":9461520,"comment_status":"open","ping_status":"closed","template":"","meta":[],"product_cat":[792,111],"product_tag":[],"class_list":["post-9461521","product","type-product","status-publish","has-post-thumbnail","hentry","product_cat-mais-vendidos","product_cat-mquinas-de-lavar-loua","product_shipping_class-gph"],"_links":{"self":[{"href":"https:\/\/tpohotelariaecasa.pt\/index.php\/wp-json\/wp\/v2\/product\/9461521"}],"collection":[{"href":"https:\/\/tpohotelariaecasa.pt\/index.php\/wp-json\/wp\/v2\/product"}],"about":[{"href":"https:\/\/tpohotelariaecasa.pt\/index.php\/wp-json\/wp\/v2\/types\/product"}],"replies":[{"embeddable":true,"href":"https:\/\/tpohotelariaecasa.pt\/index.php\/wp-json\/wp\/v2\/comments?post=9461521"}],"wp:featuredmedia":[{"embeddable":true,"href":"https:\/\/tpohotelariaecasa.pt\/index.php\/wp-json\/wp\/v2\/media\/9461520"}],"wp:attachment":[{"href":"https:\/\/tpohotelariaecasa.pt\/index.php\/wp-json\/wp\/v2\/media?parent=9461521"}],"wp:term":[{"taxonomy":"product_cat","embeddable":true,"href":"https:\/\/tpohotelariaecasa.pt\/index.php\/wp-json\/wp\/v2\/product_cat?post=9461521"},{"taxonomy":"product_tag","embeddable":true,"href":"https:\/\/tpohotelariaecasa.pt\/index.php\/wp-json\/wp\/v2\/product_tag?post=9461521"}],"curies":[{"name":"wp","href":"https:\/\/api.w.org\/{rel}","templated":true}]}}