{"id":9461523,"date":"2024-05-29T17:19:51","date_gmt":"2024-05-29T17:19:51","guid":{"rendered":"https:\/\/tpohotelariaecasa.pt\/index.php\/product\/misturador-espiral-8l-45-kg-massa-prata\/"},"modified":"2025-04-03T09:09:43","modified_gmt":"2025-04-03T09:09:43","slug":"misturador-espiral-8l-45-kg-massa-prata","status":"publish","type":"product","link":"https:\/\/tpohotelariaecasa.pt\/index.php\/product\/misturador-espiral-8l-45-kg-massa-prata\/","title":{"rendered":"Misturador Espiral &#8211; 8L &#8211; 4,5 kg Massa &#8211; Prata"},"content":{"rendered":"<p>Gra\u00e7as ao seu potente motor, esta amassadeira profissional com uma capacidade de 8 L amassa facilmente at\u00e9 4,5 kg de massa e \u00e9 perfeita para fazer p\u00e3o ou bases de pizza. \u00c9 tamb\u00e9m muito f\u00e1cil de limpar, tornando-a o aparelho ideal para utiliza\u00e7\u00e3o em padarias, caf\u00e9s, supermercados ou mesmo em casa.<\/p>\n","protected":false},"excerpt":{"rendered":"<p>Gra\u00e7as ao seu potente motor, esta amassadeira profissional com uma capacidade de 8 L amassa facilmente at\u00e9 4,5 kg de massa e \u00e9 perfeita para fazer p\u00e3o ou bases de pizza. \u00c9 tamb\u00e9m muito f\u00e1cil de limpar, o que a torna o aparelho ideal para utiliza\u00e7\u00e3o em padarias, caf\u00e9s, supermercados ou mesmo em casa. Est\u00e1 dispon\u00edvel numa variedade de cores. consulte Mais informa\u00e7\u00e3o<\/p>\n","protected":false},"featured_media":9461522,"comment_status":"open","ping_status":"closed","template":"","meta":[],"product_cat":[792,117],"product_tag":[],"class_list":["post-9461523","product","type-product","status-publish","has-post-thumbnail","hentry","product_cat-mais-vendidos","product_cat-amassadeiras","product_shipping_class-gph"],"_links":{"self":[{"href":"https:\/\/tpohotelariaecasa.pt\/index.php\/wp-json\/wp\/v2\/product\/9461523"}],"collection":[{"href":"https:\/\/tpohotelariaecasa.pt\/index.php\/wp-json\/wp\/v2\/product"}],"about":[{"href":"https:\/\/tpohotelariaecasa.pt\/index.php\/wp-json\/wp\/v2\/types\/product"}],"replies":[{"embeddable":true,"href":"https:\/\/tpohotelariaecasa.pt\/index.php\/wp-json\/wp\/v2\/comments?post=9461523"}],"wp:featuredmedia":[{"embeddable":true,"href":"https:\/\/tpohotelariaecasa.pt\/index.php\/wp-json\/wp\/v2\/media\/9461522"}],"wp:attachment":[{"href":"https:\/\/tpohotelariaecasa.pt\/index.php\/wp-json\/wp\/v2\/media?parent=9461523"}],"wp:term":[{"taxonomy":"product_cat","embeddable":true,"href":"https:\/\/tpohotelariaecasa.pt\/index.php\/wp-json\/wp\/v2\/product_cat?post=9461523"},{"taxonomy":"product_tag","embeddable":true,"href":"https:\/\/tpohotelariaecasa.pt\/index.php\/wp-json\/wp\/v2\/product_tag?post=9461523"}],"curies":[{"name":"wp","href":"https:\/\/api.w.org\/{rel}","templated":true}]}}