{"id":9461525,"date":"2024-05-29T17:19:52","date_gmt":"2024-05-29T17:19:52","guid":{"rendered":"https:\/\/tpohotelariaecasa.pt\/index.php\/product\/maquina-de-lavar-panelas-50-x-60-cm-400v\/"},"modified":"2025-04-03T09:09:43","modified_gmt":"2025-04-03T09:09:43","slug":"maquina-de-lavar-panelas-50-x-60-cm-400v","status":"publish","type":"product","link":"https:\/\/tpohotelariaecasa.pt\/index.php\/product\/maquina-de-lavar-panelas-50-x-60-cm-400v\/","title":{"rendered":"M\u00e1quina de Lavar Panelas &#8211; 50 x 60 cm &#8211; 400V"},"content":{"rendered":"<p><strong>Caracter\u00edsticas<\/strong><\/p>\n<ul>\n<li>O n\u00edvel de ru\u00eddo \u00e9 &lt;65db<\/li>\n<li>O consumo de \u00e1gua por ciclo \u00e9 de 4L<\/li>\n<li>N\u00e3o inclui bombas de drenagem, abrilhantador e sab\u00e3o<\/li>\n<li>Tr\u00eas programas de lavagem completos: 120, 240 e 480 segundos<\/li>\n<li>Capacidade de lavagem: m\u00e1x. 30 cestos por hora<\/li>\n<\/ul>\n<p><strong>Especifica\u00e7\u00f5es do produto<\/strong><\/p>\n<ul>\n<li>Peso l\u00edquido: 63 kg<\/li>\n<li>Capacidade do dep\u00f3sito: 23L<\/li>\n<li>Capacidade da caldeira: 7L<\/li>\n<li>Dimens\u00f5es: L60 \u00d7 P71 x A125cm<\/li>\n<li>Altura da porta: 40,5cm (altura m\u00e1xima do vidro\/placa 38cm)<\/li>\n<li>Elemento do tanque: 2,1kW<\/li>\n<li>Elemento da caldeira: 6,0kW<\/li>\n<li>Bomba de lavagem: 0,7kW<\/li>\n<li>400V \/ 50Hz \/ 3 fases 6700W<\/li>\n<\/ul>\n<p><em>Inclui<\/em><\/p>\n<ul>\n<li>Uma mangueira de alimenta\u00e7\u00e3o<\/li>\n<li>Uma mangueira de escoamento<\/li>\n<li>Um cesto (50 x 60cm)<\/li>\n<\/ul>\n","protected":false},"excerpt":{"rendered":"<p>Com esta m\u00e1quina de lavar panelas profissional, pode limpar tachos e panelas grandes que n\u00e3o cabem numa m\u00e1quina de lavar lou\u00e7a de tamanho normal. Tamb\u00e9m \u00e9 adequada para ta\u00e7as grandes, recipientes GN, utens\u00edlios de cozinha e ferramentas de padaria ou de talho. Isto torna-a ideal para utiliza\u00e7\u00e3o em qualquer cozinha de restaura\u00e7\u00e3o profissional. consulte Mais informa\u00e7\u00e3o<\/p>\n","protected":false},"featured_media":9461524,"comment_status":"open","ping_status":"closed","template":"","meta":[],"product_cat":[111],"product_tag":[],"class_list":["post-9461525","product","type-product","status-publish","has-post-thumbnail","hentry","product_cat-mquinas-de-lavar-loua","product_shipping_class-gph"],"_links":{"self":[{"href":"https:\/\/tpohotelariaecasa.pt\/index.php\/wp-json\/wp\/v2\/product\/9461525"}],"collection":[{"href":"https:\/\/tpohotelariaecasa.pt\/index.php\/wp-json\/wp\/v2\/product"}],"about":[{"href":"https:\/\/tpohotelariaecasa.pt\/index.php\/wp-json\/wp\/v2\/types\/product"}],"replies":[{"embeddable":true,"href":"https:\/\/tpohotelariaecasa.pt\/index.php\/wp-json\/wp\/v2\/comments?post=9461525"}],"wp:featuredmedia":[{"embeddable":true,"href":"https:\/\/tpohotelariaecasa.pt\/index.php\/wp-json\/wp\/v2\/media\/9461524"}],"wp:attachment":[{"href":"https:\/\/tpohotelariaecasa.pt\/index.php\/wp-json\/wp\/v2\/media?parent=9461525"}],"wp:term":[{"taxonomy":"product_cat","embeddable":true,"href":"https:\/\/tpohotelariaecasa.pt\/index.php\/wp-json\/wp\/v2\/product_cat?post=9461525"},{"taxonomy":"product_tag","embeddable":true,"href":"https:\/\/tpohotelariaecasa.pt\/index.php\/wp-json\/wp\/v2\/product_tag?post=9461525"}],"curies":[{"name":"wp","href":"https:\/\/api.w.org\/{rel}","templated":true}]}}