{"id":9461539,"date":"2024-05-29T17:20:00","date_gmt":"2024-05-29T17:20:00","guid":{"rendered":"https:\/\/tpohotelariaecasa.pt\/index.php\/product\/maquina-de-cafe-expresso-2-pistoes-360-chavenas-por-hora\/"},"modified":"2025-04-03T09:09:42","modified_gmt":"2025-04-03T09:09:42","slug":"maquina-de-cafe-expresso-2-pistoes-360-chavenas-por-hora","status":"publish","type":"product","link":"https:\/\/tpohotelariaecasa.pt\/index.php\/product\/maquina-de-cafe-expresso-2-pistoes-360-chavenas-por-hora\/","title":{"rendered":"M\u00e1quina de Caf\u00e9 Expresso &#8211; 2 Pist\u00f5es &#8211; 360 Ch\u00e1venas por Hora"},"content":{"rendered":"<p><strong>Caracter\u00edsticas<\/strong><\/p>\n<ul>\n<li>Varinha de vapor f\u00e1cil de limpar<\/li>\n<li>Liga-se diretamente ao sistema de \u00e1gua<\/li>\n<li>Painel de controlo separado com controlos f\u00e1ceis de tocar<\/li>\n<li>O elegante acabamento em a\u00e7o inoxid\u00e1vel fica bem atr\u00e1s dos balc\u00f5es<\/li>\n<li>Quatro doses de caf\u00e9 diferentes por grupo<\/li>\n<\/ul>\n<p><strong>Especifica\u00e7\u00f5es do produto<\/strong><\/p>\n<ul>\n<li>Peso l\u00edquido: 66 kg<\/li>\n<li>Dimens\u00f5es: L67 x P50 x A52cm<\/li>\n<li>Produ\u00e7\u00e3o: 360 ch\u00e1venas de caf\u00e9 expresso por hora<\/li>\n<li>Capacidade da caldeira: 11L<\/li>\n<li>Press\u00e3o da bomba: 1 bar<\/li>\n<li>230V \/ 50Hz \/ 1 Fase 3700W<\/li>\n<\/ul>\n<p><strong>Este produto \u00e9 fornecido sem ficha<\/strong><\/p>\n<p><em>Inclu\u00eddo<\/em><\/p>\n<ul>\n<li>Mangueira de drenagem com uma curva<\/li>\n<li>1 x pist\u00e3o simples<\/li>\n<li>2 x pist\u00e3o duplo<\/li>\n<li>Filtro cego<\/li>\n<li>Escova de limpeza<\/li>\n<\/ul>\n","protected":false},"excerpt":{"rendered":"<p>Esta m\u00e1quina de caf\u00e9 expresso \u00e9 de qualidade muito elevada e \u00e9 ideal para utiliza\u00e7\u00e3o em bares e cozinhas profissionais. A m\u00e1quina de caf\u00e9 expresso tem uma caldeira de grande capacidade de 11 L para fazer at\u00e9 360 ch\u00e1venas de caf\u00e9 expresso por hora. Com as pr\u00e1ticas teclas t\u00e1cteis, pode operar a m\u00e1quina com grande facilidade. consulte Mais informa\u00e7\u00e3o<\/p>\n","protected":false},"featured_media":9461538,"comment_status":"open","ping_status":"closed","template":"","meta":[],"product_cat":[781],"product_tag":[],"class_list":["post-9461539","product","type-product","status-publish","has-post-thumbnail","hentry","product_cat-maquinas-de-cafe","product_shipping_class-gph"],"_links":{"self":[{"href":"https:\/\/tpohotelariaecasa.pt\/index.php\/wp-json\/wp\/v2\/product\/9461539"}],"collection":[{"href":"https:\/\/tpohotelariaecasa.pt\/index.php\/wp-json\/wp\/v2\/product"}],"about":[{"href":"https:\/\/tpohotelariaecasa.pt\/index.php\/wp-json\/wp\/v2\/types\/product"}],"replies":[{"embeddable":true,"href":"https:\/\/tpohotelariaecasa.pt\/index.php\/wp-json\/wp\/v2\/comments?post=9461539"}],"wp:featuredmedia":[{"embeddable":true,"href":"https:\/\/tpohotelariaecasa.pt\/index.php\/wp-json\/wp\/v2\/media\/9461538"}],"wp:attachment":[{"href":"https:\/\/tpohotelariaecasa.pt\/index.php\/wp-json\/wp\/v2\/media?parent=9461539"}],"wp:term":[{"taxonomy":"product_cat","embeddable":true,"href":"https:\/\/tpohotelariaecasa.pt\/index.php\/wp-json\/wp\/v2\/product_cat?post=9461539"},{"taxonomy":"product_tag","embeddable":true,"href":"https:\/\/tpohotelariaecasa.pt\/index.php\/wp-json\/wp\/v2\/product_tag?post=9461539"}],"curies":[{"name":"wp","href":"https:\/\/api.w.org\/{rel}","templated":true}]}}