{"id":9461543,"date":"2024-05-29T17:20:02","date_gmt":"2024-05-29T17:20:02","guid":{"rendered":"https:\/\/tpohotelariaecasa.pt\/index.php\/product\/cesto-transportador-maquina-de-lavar-loica-saida-esquerda\/"},"modified":"2025-04-03T09:09:42","modified_gmt":"2025-04-03T09:09:42","slug":"cesto-transportador-maquina-de-lavar-loica-saida-esquerda","status":"publish","type":"product","link":"https:\/\/tpohotelariaecasa.pt\/index.php\/product\/cesto-transportador-maquina-de-lavar-loica-saida-esquerda\/","title":{"rendered":"Cesto Transportador M\u00e1quina de Lavar Loi\u00e7a &#8211; Sa\u00edda Esquerda"},"content":{"rendered":"<p><strong>Caracter\u00edsticas<\/strong><\/p>\n<ul>\n<li>M\u00e1quina silenciosa com menos de 65dB<\/li>\n<li>Temperatura de enxaguamento de 82\u00b0C para uma secagem r\u00e1pida<\/li>\n<li>Programas de lavagem completos com 2 velocidades<\/li>\n<li>O consumo de \u00e1gua por hora \u00e9 de apenas 160L<\/li>\n<li>N\u00e3o inclui abrilhantador, sab\u00e3o e bombas de drenagem<\/li>\n<\/ul>\n<p><strong>Especifica\u00e7\u00f5es do produto<\/strong><\/p>\n<ul>\n<li>Peso l\u00edquido: 175 kg<\/li>\n<li>Capacidade do dep\u00f3sito: 70L<\/li>\n<li>Capacidade da caldeira: 17L<\/li>\n<li>Dimens\u00f5es fechadas: L116 x P78 x A158cm<\/li>\n<li>Altura da porta: 45cm (altura m\u00e1xima do vidro\/placa de 44cm)<\/li>\n<li>Elemento do tanque: 10,5kW<\/li>\n<li>Elemento da caldeira: 9,5kW<\/li>\n<li>Bomba de lavagem: 0,60kW<\/li>\n<li>400V \/ 50Hz \/ 3 Fase 22.000W<\/li>\n<\/ul>\n<p><strong>Este produto \u00e9 fornecido sem fio e sem ficha.<\/strong><\/p>\n<p><em>Inclu\u00eddo<\/em><\/p>\n<ul>\n<li>Mangueira de abastecimento<\/li>\n<li>Mangueira de drenagem<\/li>\n<li>Um cesto de pratos (50 x 50cm)<\/li>\n<li>Um cesto para copos (50 x 50cm)<\/li>\n<\/ul>\n","protected":false},"excerpt":{"rendered":"<p>Com esta m\u00e1quina de lavar loi\u00e7a com tapete de cremalheira, \u00e9 poss\u00edvel lavar uma grande quantidade de loi\u00e7a durante todo o dia. \u00c9 ideal para utiliza\u00e7\u00e3o em restaurantes, hot\u00e9is e cantinas, especialmente durante as horas de maior movimento do dia. consulte Mais informa\u00e7\u00e3o<\/p>\n","protected":false},"featured_media":9461542,"comment_status":"open","ping_status":"closed","template":"","meta":[],"product_cat":[111],"product_tag":[],"class_list":["post-9461543","product","type-product","status-publish","has-post-thumbnail","hentry","product_cat-mquinas-de-lavar-loua","product_shipping_class-gph"],"_links":{"self":[{"href":"https:\/\/tpohotelariaecasa.pt\/index.php\/wp-json\/wp\/v2\/product\/9461543"}],"collection":[{"href":"https:\/\/tpohotelariaecasa.pt\/index.php\/wp-json\/wp\/v2\/product"}],"about":[{"href":"https:\/\/tpohotelariaecasa.pt\/index.php\/wp-json\/wp\/v2\/types\/product"}],"replies":[{"embeddable":true,"href":"https:\/\/tpohotelariaecasa.pt\/index.php\/wp-json\/wp\/v2\/comments?post=9461543"}],"wp:featuredmedia":[{"embeddable":true,"href":"https:\/\/tpohotelariaecasa.pt\/index.php\/wp-json\/wp\/v2\/media\/9461542"}],"wp:attachment":[{"href":"https:\/\/tpohotelariaecasa.pt\/index.php\/wp-json\/wp\/v2\/media?parent=9461543"}],"wp:term":[{"taxonomy":"product_cat","embeddable":true,"href":"https:\/\/tpohotelariaecasa.pt\/index.php\/wp-json\/wp\/v2\/product_cat?post=9461543"},{"taxonomy":"product_tag","embeddable":true,"href":"https:\/\/tpohotelariaecasa.pt\/index.php\/wp-json\/wp\/v2\/product_tag?post=9461543"}],"curies":[{"name":"wp","href":"https:\/\/api.w.org\/{rel}","templated":true}]}}