{"id":9461545,"date":"2024-05-29T17:20:04","date_gmt":"2024-05-29T17:20:04","guid":{"rendered":"https:\/\/tpohotelariaecasa.pt\/index.php\/product\/misturador-espiral-8l-45-kg-massa-vermelho-framboesa\/"},"modified":"2025-04-03T09:09:42","modified_gmt":"2025-04-03T09:09:42","slug":"misturador-espiral-8l-45-kg-massa-vermelho-framboesa","status":"publish","type":"product","link":"https:\/\/tpohotelariaecasa.pt\/index.php\/product\/misturador-espiral-8l-45-kg-massa-vermelho-framboesa\/","title":{"rendered":"Misturador Espiral &#8211; 8L &#8211; 4,5 kg Massa &#8211; Vermelho Framboesa"},"content":{"rendered":"<p><strong>Caracter\u00edsticas<\/strong><\/p>\n<ul>\n<li>Acionado por correias trapezoidais<\/li>\n<li>Tamb\u00e9m tem um modo manual<\/li>\n<li>Inclui um temporizador at\u00e9 60 minutos<\/li>\n<li>Eixo e espiral em a\u00e7o inoxid\u00e1vel<\/li>\n<li>Prote\u00e7\u00e3o met\u00e1lica e interrutor de seguran\u00e7a<\/li>\n<\/ul>\n<p><strong>Caracter\u00edsticas do produto<\/strong><\/p>\n<ul>\n<li>Peso l\u00edquido: 36kg<\/li>\n<li>Capacidade: 8L<\/li>\n<li>Dimens\u00f5es: L30,2 x P49,5 x A38,5cm<\/li>\n<li>Dimens\u00f5es da ta\u00e7a: \u220526 x H15cm<\/li>\n<li>Velocidade da espiral: 159RPM<\/li>\n<li>Velocidade da ta\u00e7a de mistura: 21RPM<\/li>\n<li>230V \/ 50Hz \/ 1Fase 450W<\/li>\n<li>Cor: Vermelho framboesa<\/li>\n<\/ul>\n<p><strong>Produ\u00e7\u00e3o<\/strong><\/p>\n<ul>\n<li>M\u00e1ximo: 3kg de farinha<\/li>\n<li>M\u00e1ximo: 4,5kg de massa<\/li>\n<li>M\u00edn: 1,5kg de massa<\/li>\n<\/ul>\n<p><strong>Nota: A ta\u00e7a de mistura \u00e9 fixa e n\u00e3o pode ser retirada.<\/strong><\/p>\n","protected":false},"excerpt":{"rendered":"<p>Gra\u00e7as ao seu potente motor, esta amassadeira profissional com uma capacidade de 8 L amassa facilmente at\u00e9 4,5 kg de massa e \u00e9 perfeita para fazer p\u00e3o ou bases de pizza. \u00c9 tamb\u00e9m muito f\u00e1cil de limpar, o que a torna o aparelho ideal para utiliza\u00e7\u00e3o em padarias, caf\u00e9s, supermercados ou mesmo em casa. Est\u00e1 dispon\u00edvel numa variedade de cores. consulte Mais informa\u00e7\u00e3o<\/p>\n","protected":false},"featured_media":9461544,"comment_status":"open","ping_status":"closed","template":"","meta":[],"product_cat":[792,117],"product_tag":[],"class_list":["post-9461545","product","type-product","status-publish","has-post-thumbnail","hentry","product_cat-mais-vendidos","product_cat-amassadeiras","product_shipping_class-gph"],"_links":{"self":[{"href":"https:\/\/tpohotelariaecasa.pt\/index.php\/wp-json\/wp\/v2\/product\/9461545"}],"collection":[{"href":"https:\/\/tpohotelariaecasa.pt\/index.php\/wp-json\/wp\/v2\/product"}],"about":[{"href":"https:\/\/tpohotelariaecasa.pt\/index.php\/wp-json\/wp\/v2\/types\/product"}],"replies":[{"embeddable":true,"href":"https:\/\/tpohotelariaecasa.pt\/index.php\/wp-json\/wp\/v2\/comments?post=9461545"}],"wp:featuredmedia":[{"embeddable":true,"href":"https:\/\/tpohotelariaecasa.pt\/index.php\/wp-json\/wp\/v2\/media\/9461544"}],"wp:attachment":[{"href":"https:\/\/tpohotelariaecasa.pt\/index.php\/wp-json\/wp\/v2\/media?parent=9461545"}],"wp:term":[{"taxonomy":"product_cat","embeddable":true,"href":"https:\/\/tpohotelariaecasa.pt\/index.php\/wp-json\/wp\/v2\/product_cat?post=9461545"},{"taxonomy":"product_tag","embeddable":true,"href":"https:\/\/tpohotelariaecasa.pt\/index.php\/wp-json\/wp\/v2\/product_tag?post=9461545"}],"curies":[{"name":"wp","href":"https:\/\/api.w.org\/{rel}","templated":true}]}}