{"id":9461557,"date":"2024-05-29T17:20:11","date_gmt":"2024-05-29T17:20:11","guid":{"rendered":"https:\/\/tpohotelariaecasa.pt\/index.php\/product\/congelador-400-l-preto-com-porta-de-vidro\/"},"modified":"2025-04-03T09:09:42","modified_gmt":"2025-04-03T09:09:42","slug":"congelador-400-l-preto-com-porta-de-vidro","status":"publish","type":"product","link":"https:\/\/tpohotelariaecasa.pt\/index.php\/product\/congelador-400-l-preto-com-porta-de-vidro\/","title":{"rendered":"Congelador &#8211; 400 l &#8211; Preto &#8211; com Porta de Vidro"},"content":{"rendered":"<p><strong>Caracter\u00edsticas<\/strong><\/p>\n<ul>\n<li>Refrigerante R290, que n\u00e3o cont\u00e9m CFC<\/li>\n<li>Temperatura ambiente m\u00e1xima de 25\u00b0C<\/li>\n<li>Isolamento protetor compacto de 5,2 cm<\/li>\n<li>Gama de temperaturas de -18 a -25\u00b0C<\/li>\n<li>Ciclo de refrigera\u00e7\u00e3o especializado para reduzir a forma\u00e7\u00e3o de gelo<\/li>\n<\/ul>\n<p><strong>Especifica\u00e7\u00f5es do produto<\/strong><\/p>\n<ul>\n<li>Peso l\u00edquido: 81kg<\/li>\n<li>Capacidade l\u00edquida: 349L<\/li>\n<li>Dimens\u00f5es externas: L60 x P59 x A185cm<\/li>\n<li>Dimens\u00f5es internas: L48 x P42 x A162cm<\/li>\n<li>230V \/ 50Hz \/ 1 Fase 478W<\/li>\n<\/ul>\n","protected":false},"excerpt":{"rendered":"<p>Este congelador preto com uma porta de vidro tem uma capacidade bruta de 400L. \u00c9 fornecido com seis prateleiras fixas que garantem \u00e1reas uniformemente divididas para manter os produtos congelados at\u00e9 serem necess\u00e1rios. consulte Mais informa\u00e7\u00e3o<\/p>\n","protected":false},"featured_media":9461556,"comment_status":"open","ping_status":"closed","template":"","meta":[],"product_cat":[138,75],"product_tag":[],"class_list":["post-9461557","product","type-product","status-publish","has-post-thumbnail","hentry","product_cat-frio-industrial","product_cat-congelador","product_shipping_class-gph"],"_links":{"self":[{"href":"https:\/\/tpohotelariaecasa.pt\/index.php\/wp-json\/wp\/v2\/product\/9461557"}],"collection":[{"href":"https:\/\/tpohotelariaecasa.pt\/index.php\/wp-json\/wp\/v2\/product"}],"about":[{"href":"https:\/\/tpohotelariaecasa.pt\/index.php\/wp-json\/wp\/v2\/types\/product"}],"replies":[{"embeddable":true,"href":"https:\/\/tpohotelariaecasa.pt\/index.php\/wp-json\/wp\/v2\/comments?post=9461557"}],"wp:featuredmedia":[{"embeddable":true,"href":"https:\/\/tpohotelariaecasa.pt\/index.php\/wp-json\/wp\/v2\/media\/9461556"}],"wp:attachment":[{"href":"https:\/\/tpohotelariaecasa.pt\/index.php\/wp-json\/wp\/v2\/media?parent=9461557"}],"wp:term":[{"taxonomy":"product_cat","embeddable":true,"href":"https:\/\/tpohotelariaecasa.pt\/index.php\/wp-json\/wp\/v2\/product_cat?post=9461557"},{"taxonomy":"product_tag","embeddable":true,"href":"https:\/\/tpohotelariaecasa.pt\/index.php\/wp-json\/wp\/v2\/product_tag?post=9461557"}],"curies":[{"name":"wp","href":"https:\/\/api.w.org\/{rel}","templated":true}]}}