{"id":9461561,"date":"2024-05-29T17:20:13","date_gmt":"2024-05-29T17:20:13","guid":{"rendered":"https:\/\/tpohotelariaecasa.pt\/index.php\/product\/frigorifico-600-l-4-prateleiras-ajustaveis-aco-inoxidavel\/"},"modified":"2025-04-03T09:09:42","modified_gmt":"2025-04-03T09:09:42","slug":"frigorifico-600-l-4-prateleiras-ajustaveis-aco-inoxidavel","status":"publish","type":"product","link":"https:\/\/tpohotelariaecasa.pt\/index.php\/product\/frigorifico-600-l-4-prateleiras-ajustaveis-aco-inoxidavel\/","title":{"rendered":"Frigor\u00edfico &#8211; 600 l &#8211; 4 Prateleiras Ajust\u00e1veis &#8211; A\u00e7o Inoxid\u00e1vel"},"content":{"rendered":"<section id=\"description\">\n<div class=\"product-section-content\">\n<div class=\"product-description\">\n<p><strong>Caracter\u00edsticas<\/strong><\/p>\n<ul>\n<li>Utiliza o refrigerante R600a, que n\u00e3o cont\u00e9m CFC<\/li>\n<li>Temperatura ambiente m\u00e1xima de 30\u00b0C<\/li>\n<li>Isolamento protetor compacto de 5,3 cm<\/li>\n<li>Gama de temperaturas de -2<strong>\u00a0a\u00a0<\/strong>10\u00b0C<\/li>\n<li>Sistema de arrefecimento que reduz a forma\u00e7\u00e3o de gelo<\/li>\n<\/ul>\n<p><strong>Especifica\u00e7\u00f5es do produto<\/strong><\/p>\n<ul>\n<li>Peso l\u00edquido: 90kg<\/li>\n<li>Capacidade l\u00edquida: 588L<\/li>\n<li>Dimens\u00f5es exteriores: L78 x P70 x A190cm<\/li>\n<li>Dimens\u00f5es internas: L65 x P58 x A166cm<\/li>\n<li>230V \/ 50Hz \/ 1 Fase 442W<\/li>\n<\/ul>\n<\/div>\n<\/div>\n<\/section>\n<section id=\"product.section.pros-and-cons\"><\/section>\n","protected":false},"excerpt":{"rendered":"<p>Este frigor\u00edfico em a\u00e7o inoxid\u00e1vel tem uma capacidade bruta de 600L e tem espa\u00e7o suficiente para manter os alimentos e as bebidas refrigerados. \u00c9 fornecido com quatro prateleiras ajust\u00e1veis, o que facilita a personaliza\u00e7\u00e3o da disposi\u00e7\u00e3o. consulte Mais informa\u00e7\u00e3o<\/p>\n","protected":false},"featured_media":9461560,"comment_status":"open","ping_status":"closed","template":"","meta":[],"product_cat":[138,78],"product_tag":[],"class_list":["post-9461561","product","type-product","status-publish","has-post-thumbnail","hentry","product_cat-frio-industrial","product_cat-frigorfico","product_shipping_class-gph"],"_links":{"self":[{"href":"https:\/\/tpohotelariaecasa.pt\/index.php\/wp-json\/wp\/v2\/product\/9461561"}],"collection":[{"href":"https:\/\/tpohotelariaecasa.pt\/index.php\/wp-json\/wp\/v2\/product"}],"about":[{"href":"https:\/\/tpohotelariaecasa.pt\/index.php\/wp-json\/wp\/v2\/types\/product"}],"replies":[{"embeddable":true,"href":"https:\/\/tpohotelariaecasa.pt\/index.php\/wp-json\/wp\/v2\/comments?post=9461561"}],"wp:featuredmedia":[{"embeddable":true,"href":"https:\/\/tpohotelariaecasa.pt\/index.php\/wp-json\/wp\/v2\/media\/9461560"}],"wp:attachment":[{"href":"https:\/\/tpohotelariaecasa.pt\/index.php\/wp-json\/wp\/v2\/media?parent=9461561"}],"wp:term":[{"taxonomy":"product_cat","embeddable":true,"href":"https:\/\/tpohotelariaecasa.pt\/index.php\/wp-json\/wp\/v2\/product_cat?post=9461561"},{"taxonomy":"product_tag","embeddable":true,"href":"https:\/\/tpohotelariaecasa.pt\/index.php\/wp-json\/wp\/v2\/product_tag?post=9461561"}],"curies":[{"name":"wp","href":"https:\/\/api.w.org\/{rel}","templated":true}]}}