{"id":9461583,"date":"2024-05-29T17:20:25","date_gmt":"2024-05-29T17:20:25","guid":{"rendered":"https:\/\/tpohotelariaecasa.pt\/index.php\/product\/maquina-de-algodao-doce-o-52cm-azul\/"},"modified":"2025-04-03T09:09:45","modified_gmt":"2025-04-03T09:09:45","slug":"maquina-de-algodao-doce-o-52cm-azul","status":"publish","type":"product","link":"https:\/\/tpohotelariaecasa.pt\/index.php\/product\/maquina-de-algodao-doce-o-52cm-azul\/","title":{"rendered":"M\u00e1quina de Algod\u00e3o Doce &#8211; \u00d8 52cm &#8211; Azul"},"content":{"rendered":"<p><strong>Caracter\u00edsticas<\/strong><\/p>\n<ul>\n<li>Pronto a utilizar em 5 minutos<\/li>\n<li>O fio de a\u00e7\u00facar fiado forma-se em 30 segundos<\/li>\n<li>F\u00e1cil de limpar<\/li>\n<li>Inclui uma colher de a\u00e7\u00facar<\/li>\n<li>Gaveta pr\u00e1tica para guardar produtos ou dinheiro<\/li>\n<\/ul>\n<p><strong>Especifica\u00e7\u00f5es do produto<\/strong><\/p>\n<ul>\n<li>Peso l\u00edquido: 12 kg<\/li>\n<li>Dimens\u00f5es da m\u00e1quina: L52 x P52 x A48cm<\/li>\n<li>Dimens\u00f5es da ta\u00e7a: \u00d8 52 x H15cm<\/li>\n<li>230V \/ 50Hz \/ 1Fase 1080W<\/li>\n<\/ul>\n<p><em>Inclui<\/em><\/p>\n<ul>\n<li><em>Colher de a\u00e7\u00facar<\/em><\/li>\n<li><em>Correia de acionamento sobressalente<\/em><\/li>\n<\/ul>\n","protected":false},"excerpt":{"rendered":"<p>O algod\u00e3o doce \u00e9 um snack obrigat\u00f3rio em qualquer festa, feira ou carnaval. Com esta m\u00e1quina de algod\u00e3o doce azul, pode facilmente criar um delicioso algod\u00e3o doce em apenas 30 segundos consulte Mais informa\u00e7\u00e3o<\/p>\n","protected":false},"featured_media":9461582,"comment_status":"open","ping_status":"closed","template":"","meta":[],"product_cat":[783],"product_tag":[],"class_list":["post-9461583","product","type-product","status-publish","has-post-thumbnail","hentry","product_cat-maquina-de-algodao-doce","product_shipping_class-pph"],"_links":{"self":[{"href":"https:\/\/tpohotelariaecasa.pt\/index.php\/wp-json\/wp\/v2\/product\/9461583"}],"collection":[{"href":"https:\/\/tpohotelariaecasa.pt\/index.php\/wp-json\/wp\/v2\/product"}],"about":[{"href":"https:\/\/tpohotelariaecasa.pt\/index.php\/wp-json\/wp\/v2\/types\/product"}],"replies":[{"embeddable":true,"href":"https:\/\/tpohotelariaecasa.pt\/index.php\/wp-json\/wp\/v2\/comments?post=9461583"}],"wp:featuredmedia":[{"embeddable":true,"href":"https:\/\/tpohotelariaecasa.pt\/index.php\/wp-json\/wp\/v2\/media\/9461582"}],"wp:attachment":[{"href":"https:\/\/tpohotelariaecasa.pt\/index.php\/wp-json\/wp\/v2\/media?parent=9461583"}],"wp:term":[{"taxonomy":"product_cat","embeddable":true,"href":"https:\/\/tpohotelariaecasa.pt\/index.php\/wp-json\/wp\/v2\/product_cat?post=9461583"},{"taxonomy":"product_tag","embeddable":true,"href":"https:\/\/tpohotelariaecasa.pt\/index.php\/wp-json\/wp\/v2\/product_tag?post=9461583"}],"curies":[{"name":"wp","href":"https:\/\/api.w.org\/{rel}","templated":true}]}}