{"id":9461589,"date":"2024-05-29T17:20:29","date_gmt":"2024-05-29T17:20:29","guid":{"rendered":"https:\/\/tpohotelariaecasa.pt\/index.php\/product\/maquina-de-pipocas-150gr\/"},"modified":"2025-04-03T09:09:36","modified_gmt":"2025-04-03T09:09:36","slug":"maquina-de-pipocas-150gr","status":"publish","type":"product","link":"https:\/\/tpohotelariaecasa.pt\/index.php\/product\/maquina-de-pipocas-150gr\/","title":{"rendered":"M\u00e1quina de Pipocas &#8211; 150gr"},"content":{"rendered":"<p><strong>Caracter\u00edsticas<\/strong><\/p>\n<ul>\n<li>Equipada com um tabuleiro para migalhas<\/li>\n<li>Forma para pipocas com capacidade para 150 gramas de gr\u00e3os de milho de cada vez<\/li>\n<li>As portas de vidro evitam que as pipocas se espalhem<\/li>\n<li>A panela de pipocas pode ser rodada\/inclinada<\/li>\n<\/ul>\n<p><strong>Especifica\u00e7\u00f5es do produto<\/strong><\/p>\n<ul>\n<li>Peso l\u00edquido: 24 kg<\/li>\n<li>Capacidade: 150gr de gr\u00e3os de milho por vez<\/li>\n<li>Dimens\u00f5es da m\u00e1quina: L56 x P42 x A76cm<\/li>\n<li>220V\/50Hz\/1Fase 1375W<\/li>\n<\/ul>\n","protected":false},"excerpt":{"rendered":"<p>Esta m\u00e1quina de pipocas faz pipocas deliciosas, doces ou salgadas, de forma r\u00e1pida e f\u00e1cil. Tudo o que precisa de fazer \u00e9 aquecer a m\u00e1quina de pipocas e adicionar os ingredientes. Em apenas dois minutos, ter\u00e1 uma deliciosa por\u00e7\u00e3o de pipocas quentes. consulte Mais informa\u00e7\u00e3o<\/p>\n","protected":false},"featured_media":9461588,"comment_status":"open","ping_status":"closed","template":"","meta":[],"product_cat":[782],"product_tag":[],"class_list":["post-9461589","product","type-product","status-publish","has-post-thumbnail","hentry","product_cat-maquina-de-pipocas","product_shipping_class-gph"],"_links":{"self":[{"href":"https:\/\/tpohotelariaecasa.pt\/index.php\/wp-json\/wp\/v2\/product\/9461589"}],"collection":[{"href":"https:\/\/tpohotelariaecasa.pt\/index.php\/wp-json\/wp\/v2\/product"}],"about":[{"href":"https:\/\/tpohotelariaecasa.pt\/index.php\/wp-json\/wp\/v2\/types\/product"}],"replies":[{"embeddable":true,"href":"https:\/\/tpohotelariaecasa.pt\/index.php\/wp-json\/wp\/v2\/comments?post=9461589"}],"wp:featuredmedia":[{"embeddable":true,"href":"https:\/\/tpohotelariaecasa.pt\/index.php\/wp-json\/wp\/v2\/media\/9461588"}],"wp:attachment":[{"href":"https:\/\/tpohotelariaecasa.pt\/index.php\/wp-json\/wp\/v2\/media?parent=9461589"}],"wp:term":[{"taxonomy":"product_cat","embeddable":true,"href":"https:\/\/tpohotelariaecasa.pt\/index.php\/wp-json\/wp\/v2\/product_cat?post=9461589"},{"taxonomy":"product_tag","embeddable":true,"href":"https:\/\/tpohotelariaecasa.pt\/index.php\/wp-json\/wp\/v2\/product_tag?post=9461589"}],"curies":[{"name":"wp","href":"https:\/\/api.w.org\/{rel}","templated":true}]}}