{"id":9461591,"date":"2024-05-29T17:20:30","date_gmt":"2024-05-29T17:20:30","guid":{"rendered":"https:\/\/tpohotelariaecasa.pt\/index.php\/product\/maquina-de-pipocas-150gr-com-vitrina-de-aquecimento\/"},"modified":"2025-04-03T09:09:41","modified_gmt":"2025-04-03T09:09:41","slug":"maquina-de-pipocas-150gr-com-vitrina-de-aquecimento","status":"publish","type":"product","link":"https:\/\/tpohotelariaecasa.pt\/index.php\/product\/maquina-de-pipocas-150gr-com-vitrina-de-aquecimento\/","title":{"rendered":"M\u00e1quina de Pipocas &#8211; 150gr &#8211; com Vitrina de Aquecimento"},"content":{"rendered":"<p><strong>Caracter\u00edsticas<\/strong><\/p>\n<ul>\n<li>Equipada com tabuleiro para migalhas<\/li>\n<li>Forma para pipocas com capacidade para 150 gramas de gr\u00e3os de milho de cada vez<\/li>\n<li>As portas de vidro evitam que as pipocas caiam<\/li>\n<li>A panela de pipocas pode ser rodada\/inclinada<\/li>\n<li>Vitrina para manter o stock quente<\/li>\n<\/ul>\n<p><strong>Especifica\u00e7\u00f5es do produto<\/strong><\/p>\n<ul>\n<li>Peso l\u00edquido: 38 kg<\/li>\n<li>Capacidade: 150gr de gr\u00e3os de milho por vez<\/li>\n<li>Dimens\u00f5es da m\u00e1quina: W90 x D42 x H76cm<\/li>\n<li>220V\/50Hz\/1Phase 1700W<\/li>\n<\/ul>\n","protected":false},"excerpt":{"rendered":"<p>Esta m\u00e1quina de pipocas faz pipocas deliciosas, doces ou salgadas, num instante. Aquece-se a m\u00e1quina de pipocas, adicionam-se os ingredientes e a m\u00e1quina faz o resto. Em dois minutos, ter\u00e1 uma deliciosa por\u00e7\u00e3o de pipocas quentes. consulte Mais informa\u00e7\u00e3o<\/p>\n","protected":false},"featured_media":9461590,"comment_status":"open","ping_status":"closed","template":"","meta":[],"product_cat":[782],"product_tag":[],"class_list":["post-9461591","product","type-product","status-publish","has-post-thumbnail","hentry","product_cat-maquina-de-pipocas","product_shipping_class-gph"],"_links":{"self":[{"href":"https:\/\/tpohotelariaecasa.pt\/index.php\/wp-json\/wp\/v2\/product\/9461591"}],"collection":[{"href":"https:\/\/tpohotelariaecasa.pt\/index.php\/wp-json\/wp\/v2\/product"}],"about":[{"href":"https:\/\/tpohotelariaecasa.pt\/index.php\/wp-json\/wp\/v2\/types\/product"}],"replies":[{"embeddable":true,"href":"https:\/\/tpohotelariaecasa.pt\/index.php\/wp-json\/wp\/v2\/comments?post=9461591"}],"wp:featuredmedia":[{"embeddable":true,"href":"https:\/\/tpohotelariaecasa.pt\/index.php\/wp-json\/wp\/v2\/media\/9461590"}],"wp:attachment":[{"href":"https:\/\/tpohotelariaecasa.pt\/index.php\/wp-json\/wp\/v2\/media?parent=9461591"}],"wp:term":[{"taxonomy":"product_cat","embeddable":true,"href":"https:\/\/tpohotelariaecasa.pt\/index.php\/wp-json\/wp\/v2\/product_cat?post=9461591"},{"taxonomy":"product_tag","embeddable":true,"href":"https:\/\/tpohotelariaecasa.pt\/index.php\/wp-json\/wp\/v2\/product_tag?post=9461591"}],"curies":[{"name":"wp","href":"https:\/\/api.w.org\/{rel}","templated":true}]}}