{"id":9461593,"date":"2024-05-29T17:20:31","date_gmt":"2024-05-29T17:20:31","guid":{"rendered":"https:\/\/tpohotelariaecasa.pt\/index.php\/product\/maquina-de-pipocas-carrinho\/"},"modified":"2025-04-03T09:09:43","modified_gmt":"2025-04-03T09:09:43","slug":"maquina-de-pipocas-carrinho","status":"publish","type":"product","link":"https:\/\/tpohotelariaecasa.pt\/index.php\/product\/maquina-de-pipocas-carrinho\/","title":{"rendered":"M\u00e1quina de Pipocas &#8211; Carrinho"},"content":{"rendered":"<p><em>Inclu\u00eddo<\/em><\/p>\n<ul>\n<li><em>Conjunto de montagem<\/em><\/li>\n<\/ul>\n","protected":false},"excerpt":{"rendered":"<p>Este carrinho adapta-se perfeitamente \u00e0s nossas m\u00e1quinas de pipocas e permite-lhe conduzir a sua m\u00e1quina de pipocas para qualquer lugar. \u00c9 perfeito para uma feira, carnaval ou festas. Assim, tem flexibilidade na venda de pipocas. consulte Mais informa\u00e7\u00e3o<\/p>\n","protected":false},"featured_media":9461592,"comment_status":"open","ping_status":"closed","template":"","meta":[],"product_cat":[782],"product_tag":[],"class_list":["post-9461593","product","type-product","status-publish","has-post-thumbnail","hentry","product_cat-maquina-de-pipocas","product_shipping_class-pph"],"_links":{"self":[{"href":"https:\/\/tpohotelariaecasa.pt\/index.php\/wp-json\/wp\/v2\/product\/9461593"}],"collection":[{"href":"https:\/\/tpohotelariaecasa.pt\/index.php\/wp-json\/wp\/v2\/product"}],"about":[{"href":"https:\/\/tpohotelariaecasa.pt\/index.php\/wp-json\/wp\/v2\/types\/product"}],"replies":[{"embeddable":true,"href":"https:\/\/tpohotelariaecasa.pt\/index.php\/wp-json\/wp\/v2\/comments?post=9461593"}],"wp:featuredmedia":[{"embeddable":true,"href":"https:\/\/tpohotelariaecasa.pt\/index.php\/wp-json\/wp\/v2\/media\/9461592"}],"wp:attachment":[{"href":"https:\/\/tpohotelariaecasa.pt\/index.php\/wp-json\/wp\/v2\/media?parent=9461593"}],"wp:term":[{"taxonomy":"product_cat","embeddable":true,"href":"https:\/\/tpohotelariaecasa.pt\/index.php\/wp-json\/wp\/v2\/product_cat?post=9461593"},{"taxonomy":"product_tag","embeddable":true,"href":"https:\/\/tpohotelariaecasa.pt\/index.php\/wp-json\/wp\/v2\/product_tag?post=9461593"}],"curies":[{"name":"wp","href":"https:\/\/api.w.org\/{rel}","templated":true}]}}