{"id":9461595,"date":"2024-05-29T17:20:33","date_gmt":"2024-05-29T17:20:33","guid":{"rendered":"https:\/\/tpohotelariaecasa.pt\/index.php\/product\/cortador-de-legumes-ate-450-kg-h-incl-5-discos-de-corte-2\/"},"modified":"2025-04-03T09:09:41","modified_gmt":"2025-04-03T09:09:41","slug":"cortador-de-legumes-ate-450-kg-h-incl-5-discos-de-corte-2","status":"publish","type":"product","link":"https:\/\/tpohotelariaecasa.pt\/index.php\/product\/cortador-de-legumes-ate-450-kg-h-incl-5-discos-de-corte-2\/","title":{"rendered":"Cortador de Legumes &#8211; At\u00e9 450 kg\/h &#8211; incl 5 Discos de Corte"},"content":{"rendered":"<p><strong>Caracter\u00edsticas<\/strong><\/p>\n<ul>\n<li>Caixa de a\u00e7o inoxid\u00e1vel dur\u00e1vel<\/li>\n<li>1 velocidade de 350 RPM<\/li>\n<li>Entrada grande para produtos maiores<\/li>\n<li>Capacidade de 60 a 450 kg por hora<\/li>\n<li>Dispon\u00edvel com uma vasta gama de acess\u00f3rios<\/li>\n<\/ul>\n<p><strong>Especifica\u00e7\u00f5es do produto<\/strong><\/p>\n<ul>\n<li>Peso l\u00edquido: 27 kg<\/li>\n<li>Capacidade: 60-450kg\/h<\/li>\n<li>Dimens\u00f5es do dispositivo: L28 x P65 x A55cm<\/li>\n<li>Dimens\u00f5es da entrada: \u2205 17cm<\/li>\n<li>230V\/50Hz\/1Fase 750W<\/li>\n<\/ul>\n<p><em>Incluindo<\/em><\/p>\n<ul>\n<li>Cortador especial 1,5mm<\/li>\n<li>Cortador especial 3mm<\/li>\n<li>Cortador especial 5mm<\/li>\n<li>Ralador standard 3mm<\/li>\n<li>Ralador normal 5mm<\/li>\n<\/ul>\n","protected":false},"excerpt":{"rendered":"<p>Quando precisa de cortar fruta e legumes, esta cortadora de legumes compacta mas profissional \u00e9 o aparelho de cozinha ideal. Pode produzir facilmente entre 60 e 450 kg de frutas e legumes cortados numa hora. consulte Mais informa\u00e7\u00e3o<\/p>\n","protected":false},"featured_media":9461594,"comment_status":"open","ping_status":"closed","template":"","meta":[],"product_cat":[21,121],"product_tag":[],"class_list":["post-9461595","product","type-product","status-publish","has-post-thumbnail","hentry","product_cat-restauracao","product_cat-cortadora-de-legumes","product_shipping_class-gph"],"_links":{"self":[{"href":"https:\/\/tpohotelariaecasa.pt\/index.php\/wp-json\/wp\/v2\/product\/9461595"}],"collection":[{"href":"https:\/\/tpohotelariaecasa.pt\/index.php\/wp-json\/wp\/v2\/product"}],"about":[{"href":"https:\/\/tpohotelariaecasa.pt\/index.php\/wp-json\/wp\/v2\/types\/product"}],"replies":[{"embeddable":true,"href":"https:\/\/tpohotelariaecasa.pt\/index.php\/wp-json\/wp\/v2\/comments?post=9461595"}],"wp:featuredmedia":[{"embeddable":true,"href":"https:\/\/tpohotelariaecasa.pt\/index.php\/wp-json\/wp\/v2\/media\/9461594"}],"wp:attachment":[{"href":"https:\/\/tpohotelariaecasa.pt\/index.php\/wp-json\/wp\/v2\/media?parent=9461595"}],"wp:term":[{"taxonomy":"product_cat","embeddable":true,"href":"https:\/\/tpohotelariaecasa.pt\/index.php\/wp-json\/wp\/v2\/product_cat?post=9461595"},{"taxonomy":"product_tag","embeddable":true,"href":"https:\/\/tpohotelariaecasa.pt\/index.php\/wp-json\/wp\/v2\/product_tag?post=9461595"}],"curies":[{"name":"wp","href":"https:\/\/api.w.org\/{rel}","templated":true}]}}