{"id":9461613,"date":"2024-05-29T17:20:43","date_gmt":"2024-05-29T17:20:43","guid":{"rendered":"https:\/\/tpohotelariaecasa.pt\/index.php\/product\/carrinho-para-prateleiras-de-maquina-de-lavar-loica-54-x-60-cm\/"},"modified":"2025-04-03T09:09:56","modified_gmt":"2025-04-03T09:09:56","slug":"carrinho-para-prateleiras-de-maquina-de-lavar-loica-54-x-60-cm","status":"publish","type":"product","link":"https:\/\/tpohotelariaecasa.pt\/index.php\/product\/carrinho-para-prateleiras-de-maquina-de-lavar-loica-54-x-60-cm\/","title":{"rendered":"Carrinho para prateleiras de m\u00e1quina de lavar loi\u00e7a &#8211; 54 x 60 cm"},"content":{"rendered":"<p><strong>Caracter\u00edsticas<\/strong><\/p>\n<ul>\n<li>Rodas girat\u00f3rias resistentes para facilitar as manobras<\/li>\n<li>Pega ergon\u00f3mica para empurrar ou puxar<\/li>\n<li>Design compacto com pega dobr\u00e1vel<\/li>\n<li>A constru\u00e7\u00e3o em a\u00e7o inoxid\u00e1vel evita a corros\u00e3o<\/li>\n<\/ul>\n<p><strong>Especifica\u00e7\u00f5es do produto<\/strong><\/p>\n<ul>\n<li>Peso l\u00edquido: 5,5 kg<\/li>\n<li>Dimens\u00f5es: L54 x P60 x A88cm<\/li>\n<li>Capacidade de carga total: 60kg<\/li>\n<\/ul>\n","protected":false},"excerpt":{"rendered":"<p>Este carrinho para m\u00e1quinas de lavar lou\u00e7a foi concebido especificamente para o transporte de suportes para m\u00e1quinas de lavar lou\u00e7a. Pode empilhar com seguran\u00e7a todos os suportes e extens\u00f5es para a m\u00e1quina de lavar lou\u00e7a no carrinho e desloc\u00e1-lo na cozinha. consulte Mais informa\u00e7\u00e3o<\/p>\n","protected":false},"featured_media":9461612,"comment_status":"open","ping_status":"closed","template":"","meta":[],"product_cat":[111,753],"product_tag":[],"class_list":["post-9461613","product","type-product","status-publish","has-post-thumbnail","hentry","product_cat-mquinas-de-lavar-loua","product_cat-carros-de-roupa-e-multiusos","product_shipping_class-pph"],"_links":{"self":[{"href":"https:\/\/tpohotelariaecasa.pt\/index.php\/wp-json\/wp\/v2\/product\/9461613"}],"collection":[{"href":"https:\/\/tpohotelariaecasa.pt\/index.php\/wp-json\/wp\/v2\/product"}],"about":[{"href":"https:\/\/tpohotelariaecasa.pt\/index.php\/wp-json\/wp\/v2\/types\/product"}],"replies":[{"embeddable":true,"href":"https:\/\/tpohotelariaecasa.pt\/index.php\/wp-json\/wp\/v2\/comments?post=9461613"}],"wp:featuredmedia":[{"embeddable":true,"href":"https:\/\/tpohotelariaecasa.pt\/index.php\/wp-json\/wp\/v2\/media\/9461612"}],"wp:attachment":[{"href":"https:\/\/tpohotelariaecasa.pt\/index.php\/wp-json\/wp\/v2\/media?parent=9461613"}],"wp:term":[{"taxonomy":"product_cat","embeddable":true,"href":"https:\/\/tpohotelariaecasa.pt\/index.php\/wp-json\/wp\/v2\/product_cat?post=9461613"},{"taxonomy":"product_tag","embeddable":true,"href":"https:\/\/tpohotelariaecasa.pt\/index.php\/wp-json\/wp\/v2\/product_tag?post=9461613"}],"curies":[{"name":"wp","href":"https:\/\/api.w.org\/{rel}","templated":true}]}}