{"id":9461621,"date":"2024-05-29T17:20:48","date_gmt":"2024-05-29T17:20:48","guid":{"rendered":"https:\/\/tpohotelariaecasa.pt\/index.php\/product\/carrinho-de-servico-2-prateleiras-de-plastico-103-x-505-cm\/"},"modified":"2025-04-03T09:09:49","modified_gmt":"2025-04-03T09:09:49","slug":"carrinho-de-servico-2-prateleiras-de-plastico-103-x-505-cm","status":"publish","type":"product","link":"https:\/\/tpohotelariaecasa.pt\/index.php\/product\/carrinho-de-servico-2-prateleiras-de-plastico-103-x-505-cm\/","title":{"rendered":"Carrinho de Servi\u00e7o &#8211; 2 Prateleiras de Pl\u00e1stico &#8211; 103 x 50,5 cm"},"content":{"rendered":"<p><strong>Caracter\u00edsticas<\/strong><\/p>\n<ul>\n<li>Equipado com duas prateleiras de pl\u00e1stico<\/li>\n<li>As prateleiras t\u00eam cantos dobrados<\/li>\n<li>Os cantos s\u00e3o lisos<\/li>\n<li>Instala\u00e7\u00e3o muito f\u00e1cil (10 minutos)<\/li>\n<\/ul>\n<p><strong>Caracter\u00edsticas do produto<\/strong><\/p>\n<ul>\n<li>Peso l\u00edquido: 10 kg<\/li>\n<li>Capacidade por prateleira: 50 kg<\/li>\n<li>Capacidade de carga total: 100kg (se distribu\u00edda uniformemente)<\/li>\n<li>Dimens\u00f5es: L103 x P50,5 x A96cm<\/li>\n<li>Di\u00e2metro dos p\u00e9s: 4,6cm<\/li>\n<li>Dist\u00e2ncia entre prateleiras: 60,5cm<\/li>\n<\/ul>\n","protected":false},"excerpt":{"rendered":"<p>Este robusto carrinho de servir tem uma constru\u00e7\u00e3o em alum\u00ednio e duas prateleiras de pl\u00e1stico que podem transportar at\u00e9 50 kg por prateleira. O carrinho tem quatro rodas, duas das quais com trav\u00f5es. As pernas s\u00e3o lisas sem arestas vivas e s\u00e3o f\u00e1ceis de montar. consulte Mais informa\u00e7\u00e3o<\/p>\n","protected":false},"featured_media":9461620,"comment_status":"open","ping_status":"closed","template":"","meta":[],"product_cat":[104,753],"product_tag":[],"class_list":["post-9461621","product","type-product","status-publish","has-post-thumbnail","hentry","product_cat-carros-de-servio","product_cat-carros-de-roupa-e-multiusos","product_shipping_class-pph"],"_links":{"self":[{"href":"https:\/\/tpohotelariaecasa.pt\/index.php\/wp-json\/wp\/v2\/product\/9461621"}],"collection":[{"href":"https:\/\/tpohotelariaecasa.pt\/index.php\/wp-json\/wp\/v2\/product"}],"about":[{"href":"https:\/\/tpohotelariaecasa.pt\/index.php\/wp-json\/wp\/v2\/types\/product"}],"replies":[{"embeddable":true,"href":"https:\/\/tpohotelariaecasa.pt\/index.php\/wp-json\/wp\/v2\/comments?post=9461621"}],"wp:featuredmedia":[{"embeddable":true,"href":"https:\/\/tpohotelariaecasa.pt\/index.php\/wp-json\/wp\/v2\/media\/9461620"}],"wp:attachment":[{"href":"https:\/\/tpohotelariaecasa.pt\/index.php\/wp-json\/wp\/v2\/media?parent=9461621"}],"wp:term":[{"taxonomy":"product_cat","embeddable":true,"href":"https:\/\/tpohotelariaecasa.pt\/index.php\/wp-json\/wp\/v2\/product_cat?post=9461621"},{"taxonomy":"product_tag","embeddable":true,"href":"https:\/\/tpohotelariaecasa.pt\/index.php\/wp-json\/wp\/v2\/product_tag?post=9461621"}],"curies":[{"name":"wp","href":"https:\/\/api.w.org\/{rel}","templated":true}]}}