{"id":9461623,"date":"2024-05-29T17:20:49","date_gmt":"2024-05-29T17:20:49","guid":{"rendered":"https:\/\/tpohotelariaecasa.pt\/index.php\/product\/maquina-de-sumos-2-velocidades-altura-do-copo-19-cm\/"},"modified":"2025-04-03T09:09:52","modified_gmt":"2025-04-03T09:09:52","slug":"maquina-de-sumos-2-velocidades-altura-do-copo-19-cm","status":"publish","type":"product","link":"https:\/\/tpohotelariaecasa.pt\/index.php\/product\/maquina-de-sumos-2-velocidades-altura-do-copo-19-cm\/","title":{"rendered":"M\u00e1quina de Sumos &#8211; 2 Velocidades &#8211; Altura do Copo 19 cm"},"content":{"rendered":"<p><strong>Caracter\u00edsticas<\/strong><\/p>\n<ul>\n<li>Torneira pr\u00e1tica para distribuir sumo<\/li>\n<li>Filtro em a\u00e7o inoxid\u00e1vel para uma limpeza f\u00e1cil<\/li>\n<li>Recipientes separados para polpa e sumo<\/li>\n<li>M\u00e1quina relativamente silenciosa a 70dB<\/li>\n<\/ul>\n<p><strong>Especifica\u00e7\u00f5es do produto<\/strong><\/p>\n<ul>\n<li>Peso l\u00edquido: 7 kg<\/li>\n<li>Capacidade do contentor de res\u00edduos: 5L<\/li>\n<li>Dimens\u00f5es do aparelho: L24 x P45 x A53cm<\/li>\n<li>Di\u00e2metro de alimenta\u00e7\u00e3o: \u00d87,5cm<\/li>\n<li>Velocidade: 3000 e 7200RPM<\/li>\n<li>230V \/ 50Hz \/ 1 Fase 500W<\/li>\n<\/ul>\n","protected":false},"excerpt":{"rendered":"<p>Esta m\u00e1quina de sumos preta \u00e9 ideal para extrair rapidamente o sumo de frutas e legumes. Com velocidades de 3000 e 7200 RPM, ter\u00e1 um copo de sumo de fruta ou vegetais frescos num instante. consulte Mais informa\u00e7\u00e3o<\/p>\n","protected":false},"featured_media":9461622,"comment_status":"open","ping_status":"closed","template":"","meta":[],"product_cat":[65],"product_tag":[],"class_list":["post-9461623","product","type-product","status-publish","has-post-thumbnail","hentry","product_cat-espremedor-de-sumo","product_shipping_class-pph"],"_links":{"self":[{"href":"https:\/\/tpohotelariaecasa.pt\/index.php\/wp-json\/wp\/v2\/product\/9461623"}],"collection":[{"href":"https:\/\/tpohotelariaecasa.pt\/index.php\/wp-json\/wp\/v2\/product"}],"about":[{"href":"https:\/\/tpohotelariaecasa.pt\/index.php\/wp-json\/wp\/v2\/types\/product"}],"replies":[{"embeddable":true,"href":"https:\/\/tpohotelariaecasa.pt\/index.php\/wp-json\/wp\/v2\/comments?post=9461623"}],"wp:featuredmedia":[{"embeddable":true,"href":"https:\/\/tpohotelariaecasa.pt\/index.php\/wp-json\/wp\/v2\/media\/9461622"}],"wp:attachment":[{"href":"https:\/\/tpohotelariaecasa.pt\/index.php\/wp-json\/wp\/v2\/media?parent=9461623"}],"wp:term":[{"taxonomy":"product_cat","embeddable":true,"href":"https:\/\/tpohotelariaecasa.pt\/index.php\/wp-json\/wp\/v2\/product_cat?post=9461623"},{"taxonomy":"product_tag","embeddable":true,"href":"https:\/\/tpohotelariaecasa.pt\/index.php\/wp-json\/wp\/v2\/product_tag?post=9461623"}],"curies":[{"name":"wp","href":"https:\/\/api.w.org\/{rel}","templated":true}]}}