{"id":9461629,"date":"2024-05-29T19:45:43","date_gmt":"2024-05-29T19:45:43","guid":{"rendered":"https:\/\/tpohotelariaecasa.pt\/index.php\/product\/mesa-em-aco-inoxidavel-140-x-60-cm-altura-ajustavel-com-prateleira-de-arrumacao\/"},"modified":"2025-04-03T09:10:04","modified_gmt":"2025-04-03T09:10:04","slug":"mesa-em-aco-inoxidavel-140-x-60-cm-altura-ajustavel-com-prateleira-de-arrumacao","status":"publish","type":"product","link":"https:\/\/tpohotelariaecasa.pt\/index.php\/product\/mesa-em-aco-inoxidavel-140-x-60-cm-altura-ajustavel-com-prateleira-de-arrumacao\/","title":{"rendered":"Mesa em A\u00e7o Inoxid\u00e1vel &#8211; 140 x 60 cm &#8211; Altura Ajust\u00e1vel &#8211; com Prateleira de Arruma\u00e7\u00e3o"},"content":{"rendered":"<ul>\n<li>Folha de trabalho com bordas dobradas<\/li>\n<li>Os cantos s\u00e3o soldados e polidos<\/li>\n<li>Bons acabamentos, sem arestas vivas<\/li>\n<li>Ficha de trabalho refor\u00e7ada por duas pontes<\/li>\n<li>Capacidade de transporte de 150-200 kg<\/li>\n<li>P\u00e9s e prateleira inferior em a\u00e7o inoxid\u00e1vel<\/li>\n<li>Prateleira n\u00e3o ajust\u00e1vel em altura<\/li>\n<li>P\u00e9s ajust\u00e1veis em altura<\/li>\n<li>Fornecido numa embalagem plana<\/li>\n<li>Instala\u00e7\u00e3o muito f\u00e1cil (10 minutos)<\/li>\n<li>As ferramentas est\u00e3o inclu\u00eddas como padr\u00e3o<\/li>\n<li>P\u00e9s quadrados de 40 x 40 mm<\/li>\n<li>Altura m\u00e1xima de 850-900 mm<\/li>\n<li>Sem aresta elevada na parte de tr\u00e1s<\/li>\n<li>Dimens\u00f5es da bancada 1400 x 600 mm<\/li>\n<\/ul>\n","protected":false},"excerpt":{"rendered":"<p>Com esta mesa, adiciona-se superf\u00edcie de trabalho extra a qualquer cozinha profissional. Uma mesa robusta com uma superf\u00edcie de a\u00e7o inoxid\u00e1vel que \u00e9 f\u00e1cil de montar . Gra\u00e7as \u00e0 sua capacidade de carga de 150-200kg, \u00e9 adequada para a coloca\u00e7\u00e3o de aparelhos de cozinha. consulte Mais informa\u00e7\u00e3o<\/p>\n","protected":false},"featured_media":9461628,"comment_status":"open","ping_status":"closed","template":"","meta":[],"product_cat":[755],"product_tag":[],"class_list":["post-9461629","product","type-product","status-publish","has-post-thumbnail","hentry","product_cat-estantes-armarios-prateleiras","product_shipping_class-gph"],"_links":{"self":[{"href":"https:\/\/tpohotelariaecasa.pt\/index.php\/wp-json\/wp\/v2\/product\/9461629"}],"collection":[{"href":"https:\/\/tpohotelariaecasa.pt\/index.php\/wp-json\/wp\/v2\/product"}],"about":[{"href":"https:\/\/tpohotelariaecasa.pt\/index.php\/wp-json\/wp\/v2\/types\/product"}],"replies":[{"embeddable":true,"href":"https:\/\/tpohotelariaecasa.pt\/index.php\/wp-json\/wp\/v2\/comments?post=9461629"}],"wp:featuredmedia":[{"embeddable":true,"href":"https:\/\/tpohotelariaecasa.pt\/index.php\/wp-json\/wp\/v2\/media\/9461628"}],"wp:attachment":[{"href":"https:\/\/tpohotelariaecasa.pt\/index.php\/wp-json\/wp\/v2\/media?parent=9461629"}],"wp:term":[{"taxonomy":"product_cat","embeddable":true,"href":"https:\/\/tpohotelariaecasa.pt\/index.php\/wp-json\/wp\/v2\/product_cat?post=9461629"},{"taxonomy":"product_tag","embeddable":true,"href":"https:\/\/tpohotelariaecasa.pt\/index.php\/wp-json\/wp\/v2\/product_tag?post=9461629"}],"curies":[{"name":"wp","href":"https:\/\/api.w.org\/{rel}","templated":true}]}}