{"id":9461631,"date":"2024-05-29T19:45:44","date_gmt":"2024-05-29T19:45:44","guid":{"rendered":"https:\/\/tpohotelariaecasa.pt\/index.php\/product\/banho-maria-com-torneira-de-drenagem-excl-conjunto-gn-1-1-eletrico\/"},"modified":"2025-04-03T09:09:51","modified_gmt":"2025-04-03T09:09:51","slug":"banho-maria-com-torneira-de-drenagem-excl-conjunto-gn-1-1-eletrico","status":"publish","type":"product","link":"https:\/\/tpohotelariaecasa.pt\/index.php\/product\/banho-maria-com-torneira-de-drenagem-excl-conjunto-gn-1-1-eletrico\/","title":{"rendered":"Banho-Maria &#8211; com Torneira de Drenagem &#8211; excl. Conjunto GN 1\/1 &#8211; El\u00e9trico"},"content":{"rendered":"<p><strong>Caracter\u00edsticas<\/strong><\/p>\n<ul>\n<li>F\u00e1cil de limpar<\/li>\n<li>Acabamento elegante<\/li>\n<li>Soldado sem falhas<\/li>\n<li>Inclui v\u00e1lvula de drenagem<\/li>\n<li>Bot\u00e3o de alimenta\u00e7\u00e3o protegido<\/li>\n<li>Fabricado em a\u00e7o inoxid\u00e1vel<\/li>\n<li>Apoia-se em quatro p\u00e9s de borracha<\/li>\n<li>Recipientes GN n\u00e3o inclu\u00eddos<\/li>\n<li>Indicador luminoso de temperatura<\/li>\n<li>Compat\u00edvel com os recipientes GN<\/li>\n<\/ul>\n<p><strong>Especifica\u00e7\u00f5es do produto<\/strong><\/p>\n<ul>\n<li>Peso l\u00edquido: 8kg<\/li>\n<li>Dimens\u00f5es: L33,8 x P54 x A24,8cm<\/li>\n<li>Gama de temperaturas: 31-95\u00baC<\/li>\n<li>Capacidade GN: 1 x 1\/1 GN at\u00e9 15cm de profundidade<\/li>\n<li>230V \/ 50Hz \/ 1 Fase 1200W<\/li>\n<\/ul>\n","protected":false},"excerpt":{"rendered":"<p>Para aquecer ou preparar gradualmente os alimentos, este banho-maria \u00e9 o aparelho de cozinha profissional ideal. Foi fabricado em a\u00e7o inoxid\u00e1vel, que \u00e9 resistente a riscos e r\u00e1pido de limpar. Este banho-maria \u00e9 fornecido com uma pr\u00e1tica torneira de escoamento para facilitar o esvaziamento do reservat\u00f3rio. \u00c9 adequado para utiliza\u00e7\u00e3o com recipientes GN. consulte Mais informa\u00e7\u00e3o<\/p>\n","protected":false},"featured_media":9461630,"comment_status":"open","ping_status":"closed","template":"","meta":[],"product_cat":[140,132,21],"product_tag":[],"class_list":["post-9461631","product","type-product","status-publish","has-post-thumbnail","hentry","product_cat-cozedura-aquecimento","product_cat-banho-maria","product_cat-restauracao","product_shipping_class-pph"],"_links":{"self":[{"href":"https:\/\/tpohotelariaecasa.pt\/index.php\/wp-json\/wp\/v2\/product\/9461631"}],"collection":[{"href":"https:\/\/tpohotelariaecasa.pt\/index.php\/wp-json\/wp\/v2\/product"}],"about":[{"href":"https:\/\/tpohotelariaecasa.pt\/index.php\/wp-json\/wp\/v2\/types\/product"}],"replies":[{"embeddable":true,"href":"https:\/\/tpohotelariaecasa.pt\/index.php\/wp-json\/wp\/v2\/comments?post=9461631"}],"wp:featuredmedia":[{"embeddable":true,"href":"https:\/\/tpohotelariaecasa.pt\/index.php\/wp-json\/wp\/v2\/media\/9461630"}],"wp:attachment":[{"href":"https:\/\/tpohotelariaecasa.pt\/index.php\/wp-json\/wp\/v2\/media?parent=9461631"}],"wp:term":[{"taxonomy":"product_cat","embeddable":true,"href":"https:\/\/tpohotelariaecasa.pt\/index.php\/wp-json\/wp\/v2\/product_cat?post=9461631"},{"taxonomy":"product_tag","embeddable":true,"href":"https:\/\/tpohotelariaecasa.pt\/index.php\/wp-json\/wp\/v2\/product_tag?post=9461631"}],"curies":[{"name":"wp","href":"https:\/\/api.w.org\/{rel}","templated":true}]}}