{"id":9461633,"date":"2024-05-29T19:45:45","date_gmt":"2024-05-29T19:45:45","guid":{"rendered":"https:\/\/tpohotelariaecasa.pt\/index.php\/product\/percolator-de-cafe-15-l-120-chavenas-filtro-de-cafe-amovivel\/"},"modified":"2025-04-03T09:09:52","modified_gmt":"2025-04-03T09:09:52","slug":"percolator-de-cafe-15-l-120-chavenas-filtro-de-cafe-amovivel","status":"publish","type":"product","link":"https:\/\/tpohotelariaecasa.pt\/index.php\/product\/percolator-de-cafe-15-l-120-chavenas-filtro-de-cafe-amovivel\/","title":{"rendered":"Percolator de Caf\u00e9 &#8211; 15 l &#8211; 120 Ch\u00e1venas &#8211; Filtro de Caf\u00e9 Amov\u00edvel"},"content":{"rendered":"<ul>\n<li>Caixa e tampa em a\u00e7o inoxid\u00e1vel<\/li>\n<li>Filtro de caf\u00e9 remov\u00edvel de a\u00e7o inoxid\u00e1vel<\/li>\n<li>Capa com tampa de pl\u00e1stico<\/li>\n<li>Pegas de transporte convenientes com isolamento<\/li>\n<li>Vidro nivelado com escala<\/li>\n<li>Capacidade: 120 ch\u00e1venas<\/li>\n<li>Volume bruto: 15 litros<\/li>\n<li>Tempo m\u00e9dio de prepara\u00e7\u00e3o de 15 litros: 45-60 minutos<\/li>\n<li>Indicador de temperatura<\/li>\n<li>Torneira de caf\u00e9 robusta<\/li>\n<li>Funciona com filtros ou com caf\u00e9 grosseiro<\/li>\n<li>Tamanho do filtro para caf\u00e9 fino: 24,5 cm (n\u00e3o inclu\u00eddo)<\/li>\n<li>Sistemas separados para a produ\u00e7\u00e3o e armazenamento de caf\u00e9<\/li>\n<li>Fica em quatro p\u00e9s de borracha<\/li>\n<li>F\u00e1cil de limpar<\/li>\n<li>Peso l\u00edquido: 5,0 kg<\/li>\n<li>Dimens\u00f5es: L340 x D340 x H590 mm<\/li>\n<li>230V\/50Hz\/1Fase 1520 Watt<\/li>\n<\/ul>\n","protected":false},"excerpt":{"rendered":"<p>Se quiser fazer uma deliciosa ch\u00e1vena de caf\u00e9 para grandes grupos, este percolador de caf\u00e9 com uma capacidade de 15 litros \u00e9 uma grande vantagem na sua cozinha. N\u00e3o s\u00f3 pode fazer 120 ch\u00e1venas de caf\u00e9 por hora, como tamb\u00e9m o caf\u00e9 \u00e9 mantido quente. consulte Mais informa\u00e7\u00e3o<\/p>\n","protected":false},"featured_media":9461632,"comment_status":"open","ping_status":"closed","template":"","meta":[],"product_cat":[61],"product_tag":[],"class_list":["post-9461633","product","type-product","status-publish","has-post-thumbnail","hentry","product_cat-cafeteiras","product_shipping_class-pph"],"_links":{"self":[{"href":"https:\/\/tpohotelariaecasa.pt\/index.php\/wp-json\/wp\/v2\/product\/9461633"}],"collection":[{"href":"https:\/\/tpohotelariaecasa.pt\/index.php\/wp-json\/wp\/v2\/product"}],"about":[{"href":"https:\/\/tpohotelariaecasa.pt\/index.php\/wp-json\/wp\/v2\/types\/product"}],"replies":[{"embeddable":true,"href":"https:\/\/tpohotelariaecasa.pt\/index.php\/wp-json\/wp\/v2\/comments?post=9461633"}],"wp:featuredmedia":[{"embeddable":true,"href":"https:\/\/tpohotelariaecasa.pt\/index.php\/wp-json\/wp\/v2\/media\/9461632"}],"wp:attachment":[{"href":"https:\/\/tpohotelariaecasa.pt\/index.php\/wp-json\/wp\/v2\/media?parent=9461633"}],"wp:term":[{"taxonomy":"product_cat","embeddable":true,"href":"https:\/\/tpohotelariaecasa.pt\/index.php\/wp-json\/wp\/v2\/product_cat?post=9461633"},{"taxonomy":"product_tag","embeddable":true,"href":"https:\/\/tpohotelariaecasa.pt\/index.php\/wp-json\/wp\/v2\/product_tag?post=9461633"}],"curies":[{"name":"wp","href":"https:\/\/api.w.org\/{rel}","templated":true}]}}