{"id":9461635,"date":"2024-05-29T19:45:46","date_gmt":"2024-05-29T19:45:46","guid":{"rendered":"https:\/\/tpohotelariaecasa.pt\/index.php\/product\/chaleira-de-sopa-10-l-panela-interior-amovivel-com-encaixe-para-colher\/"},"modified":"2025-04-03T09:09:52","modified_gmt":"2025-04-03T09:09:52","slug":"chaleira-de-sopa-10-l-panela-interior-amovivel-com-encaixe-para-colher","status":"publish","type":"product","link":"https:\/\/tpohotelariaecasa.pt\/index.php\/product\/chaleira-de-sopa-10-l-panela-interior-amovivel-com-encaixe-para-colher\/","title":{"rendered":"Chaleira de Sopa &#8211; 10 l &#8211; Panela Interior Amov\u00edvel &#8211; com Encaixe para Colher"},"content":{"rendered":"<ul>\n<li>Chaleira de sopa profissional<\/li>\n<li>Muito bons acabamentos<\/li>\n<li>Bacia e tampa em a\u00e7o inoxid\u00e1vel<\/li>\n<li>Tampa com pega e abertura para colher<\/li>\n<li>Constru\u00e7\u00e3o com banho de \u00e1gua<\/li>\n<li>Revestimento em p\u00f3 dur\u00e1vel<\/li>\n<li>Term\u00f3stato regul\u00e1vel: 30\u00b0C a 90\u00b0C<\/li>\n<li>Indicador de temperatura<\/li>\n<li>V\u00e1rios r\u00f3tulos inclu\u00eddos<\/li>\n<li>Fica em tr\u00eas p\u00e9s de borracha<\/li>\n<li>F\u00e1cil de limpar<\/li>\n<li>Peso l\u00edquido: 4,8kg<\/li>\n<li>Capacidade: 10L<\/li>\n<li>Dimens\u00f5es: \u00d8 33 x H36cm<\/li>\n<li>230V\/50Hz\/1Fase 400W<\/li>\n<\/ul>\n","protected":false},"excerpt":{"rendered":"<p>Nesta chaleira de sopa profissional, pode manter a sopa quente para grandes grupos. Com uma capacidade de 10L, a sopa quente est\u00e1 sempre no menu. Pode servir a sopa directamente da chaleira. Tamb\u00e9m pode utilizar a chaleira de sopa como um self-service. consulte Mais informa\u00e7\u00e3o<\/p>\n","protected":false},"featured_media":9461634,"comment_status":"open","ping_status":"closed","template":"","meta":[],"product_cat":[140,21,135,96],"product_tag":[],"class_list":["post-9461635","product","type-product","status-publish","has-post-thumbnail","hentry","product_cat-cozedura-aquecimento","product_cat-restauracao","product_cat-lmpadas-de-aquecimento","product_cat-panelas","product_shipping_class-pph"],"_links":{"self":[{"href":"https:\/\/tpohotelariaecasa.pt\/index.php\/wp-json\/wp\/v2\/product\/9461635"}],"collection":[{"href":"https:\/\/tpohotelariaecasa.pt\/index.php\/wp-json\/wp\/v2\/product"}],"about":[{"href":"https:\/\/tpohotelariaecasa.pt\/index.php\/wp-json\/wp\/v2\/types\/product"}],"replies":[{"embeddable":true,"href":"https:\/\/tpohotelariaecasa.pt\/index.php\/wp-json\/wp\/v2\/comments?post=9461635"}],"wp:featuredmedia":[{"embeddable":true,"href":"https:\/\/tpohotelariaecasa.pt\/index.php\/wp-json\/wp\/v2\/media\/9461634"}],"wp:attachment":[{"href":"https:\/\/tpohotelariaecasa.pt\/index.php\/wp-json\/wp\/v2\/media?parent=9461635"}],"wp:term":[{"taxonomy":"product_cat","embeddable":true,"href":"https:\/\/tpohotelariaecasa.pt\/index.php\/wp-json\/wp\/v2\/product_cat?post=9461635"},{"taxonomy":"product_tag","embeddable":true,"href":"https:\/\/tpohotelariaecasa.pt\/index.php\/wp-json\/wp\/v2\/product_tag?post=9461635"}],"curies":[{"name":"wp","href":"https:\/\/api.w.org\/{rel}","templated":true}]}}