{"id":9461639,"date":"2024-05-29T19:45:48","date_gmt":"2024-05-29T19:45:48","guid":{"rendered":"https:\/\/tpohotelariaecasa.pt\/index.php\/product\/expositor-de-alimentos-aquecido-50-l-55-cm-2-prateleiras\/"},"modified":"2025-04-03T09:09:44","modified_gmt":"2025-04-03T09:09:44","slug":"expositor-de-alimentos-aquecido-50-l-55-cm-2-prateleiras","status":"publish","type":"product","link":"https:\/\/tpohotelariaecasa.pt\/index.php\/product\/expositor-de-alimentos-aquecido-50-l-55-cm-2-prateleiras\/","title":{"rendered":"Expositor de Alimentos Aquecido &#8211; 50 l &#8211; 55 cm &#8211; 2 Prateleiras"},"content":{"rendered":"<ul>\n<li>Ideal para sandes quentes, snacks e petiscos<\/li>\n<li>Constru\u00e7\u00e3o em a\u00e7o inoxid\u00e1vel, com acabamento cromado<\/li>\n<li>Desenho de vidro quadrado apertado<\/li>\n<li>Portas dobr\u00e1veis na parte de tr\u00e1s<\/li>\n<li>Janelas de vidro em 4 lados<\/li>\n<li>Equipado com 2 grelhas fixas (cromadas)<\/li>\n<li>Poderoso elemento de aquecimento<\/li>\n<li>Distribui\u00e7\u00e3o eficiente de calor<\/li>\n<li>Equipado com reservat\u00f3rio para humidifica\u00e7\u00e3o do ar<\/li>\n<li>Bot\u00e3o anal\u00f3gico para temperatura<\/li>\n<li>Temperatura continuamente ajust\u00e1vel 30 &#8211; 90 C<\/li>\n<li>Com luz indicadora de temperatura<\/li>\n<li>F\u00e1cil de limpar<\/li>\n<li>Com pernas fixas<\/li>\n<li>Peso l\u00edquido: 14 kg<\/li>\n<li>Dimens\u00f5es interiores: W544 x D351 x H250 mm<\/li>\n<li>Dimens\u00f5es: W554 x D361 x H376 mm<\/li>\n<li>230V \/ 50Hz \/ 1Fase 800 Watt<\/li>\n<\/ul>\n","protected":false},"excerpt":{"rendered":"<p>Com duas prateleiras dispon\u00edveis, pode manter todos os tipos de pratos quentes \u00e0 temperatura certa nesta exposi\u00e7\u00e3o de alimentos aquecidos em a\u00e7o inoxid\u00e1vel. Com uma capacidade de 50L, esta vitrina tem 55,4cm de largura e pode ser utilizada em qualquer estabelecimento de restaura\u00e7\u00e3o que deseje apresentar produtos aos clientes de uma forma profissional consulte Mais informa\u00e7\u00e3o<\/p>\n","protected":false},"featured_media":9461638,"comment_status":"open","ping_status":"closed","template":"","meta":[],"product_cat":[137],"product_tag":[],"class_list":["post-9461639","product","type-product","status-publish","has-post-thumbnail","hentry","product_cat-vitrines-quente","product_shipping_class-pph"],"_links":{"self":[{"href":"https:\/\/tpohotelariaecasa.pt\/index.php\/wp-json\/wp\/v2\/product\/9461639"}],"collection":[{"href":"https:\/\/tpohotelariaecasa.pt\/index.php\/wp-json\/wp\/v2\/product"}],"about":[{"href":"https:\/\/tpohotelariaecasa.pt\/index.php\/wp-json\/wp\/v2\/types\/product"}],"replies":[{"embeddable":true,"href":"https:\/\/tpohotelariaecasa.pt\/index.php\/wp-json\/wp\/v2\/comments?post=9461639"}],"wp:featuredmedia":[{"embeddable":true,"href":"https:\/\/tpohotelariaecasa.pt\/index.php\/wp-json\/wp\/v2\/media\/9461638"}],"wp:attachment":[{"href":"https:\/\/tpohotelariaecasa.pt\/index.php\/wp-json\/wp\/v2\/media?parent=9461639"}],"wp:term":[{"taxonomy":"product_cat","embeddable":true,"href":"https:\/\/tpohotelariaecasa.pt\/index.php\/wp-json\/wp\/v2\/product_cat?post=9461639"},{"taxonomy":"product_tag","embeddable":true,"href":"https:\/\/tpohotelariaecasa.pt\/index.php\/wp-json\/wp\/v2\/product_tag?post=9461639"}],"curies":[{"name":"wp","href":"https:\/\/api.w.org\/{rel}","templated":true}]}}