{"id":9461645,"date":"2024-05-29T19:45:52","date_gmt":"2024-05-29T19:45:52","guid":{"rendered":"https:\/\/tpohotelariaecasa.pt\/index.php\/product\/expositor-de-alimentos-aquecido-186-l-1215-cm-3-prateleiras\/"},"modified":"2025-04-03T09:10:04","modified_gmt":"2025-04-03T09:10:04","slug":"expositor-de-alimentos-aquecido-186-l-1215-cm-3-prateleiras","status":"publish","type":"product","link":"https:\/\/tpohotelariaecasa.pt\/index.php\/product\/expositor-de-alimentos-aquecido-186-l-1215-cm-3-prateleiras\/","title":{"rendered":"Expositor de Alimentos Aquecido &#8211; 186 l &#8211; 121,5 cm &#8211; 3 Prateleiras"},"content":{"rendered":"<ul>\n<li>Ideal para sandu\u00edches quentes, aperitivos e snacks<\/li>\n<li>Constru\u00e7\u00e3o em a\u00e7o inoxid\u00e1vel, revestido com epoxi<\/li>\n<li>Belas portas de correr de vidro na frente<\/li>\n<li>Portas deslizantes na retaguarda<\/li>\n<li>Janelas de vidro em quatro lados<\/li>\n<li>Equipado com 3 prateleiras regul\u00e1veis (cromadas)<\/li>\n<li>Poderoso elemento de aquecimento<\/li>\n<li>Distribui\u00e7\u00e3o eficiente de calor<\/li>\n<li>Equipado com reservat\u00f3rio para humidifica\u00e7\u00e3o<\/li>\n<li>Pr\u00e1tica ilumina\u00e7\u00e3o LED no interior<\/li>\n<li>Bot\u00e3o anal\u00f3gico para temperatura<\/li>\n<li>Temperatura infinitamente ajust\u00e1vel 30-90 C<\/li>\n<li>Com luzes de controlo de temperatura<\/li>\n<li>Indica\u00e7\u00e3o da temperatura na frente<\/li>\n<li>Equipado com suporte para publicidade<\/li>\n<li>\u00c1rea superior adequada para armazenamento<\/li>\n<li>F\u00e1cil de limpar<\/li>\n<li>Com pernas fixas<\/li>\n<li>Peso l\u00edquido: 53,5 kg<\/li>\n<li>Dimens\u00f5es interiores: L1138 x D416 x H406 mm<\/li>\n<li>Dimens\u00f5es: L1215 x D484 x H662 mm<\/li>\n<li>230V\/50Hz\/1Fase 1800 Watt<\/li>\n<\/ul>\n","protected":false},"excerpt":{"rendered":"<p>Com uma capacidade de 186L, este expositor de comida aquecida de 121,5cm de largura pode ser utilizado para apresentar e manter quente um grande n\u00famero de pratos quentes e snacks. \u00c9 ideal para utiliza\u00e7\u00e3o em hot\u00e9is, restaurantes, padarias ou caf\u00e9s. H\u00e1 portas de correr \u00e0 frente e atr\u00e1s para que os produtos possam ser facilmente retirados ou enchidos de novo. consulte Mais informa\u00e7\u00e3o<\/p>\n","protected":false},"featured_media":9461644,"comment_status":"open","ping_status":"closed","template":"","meta":[],"product_cat":[137],"product_tag":[],"class_list":["post-9461645","product","type-product","status-publish","has-post-thumbnail","hentry","product_cat-vitrines-quente","product_shipping_class-gph"],"_links":{"self":[{"href":"https:\/\/tpohotelariaecasa.pt\/index.php\/wp-json\/wp\/v2\/product\/9461645"}],"collection":[{"href":"https:\/\/tpohotelariaecasa.pt\/index.php\/wp-json\/wp\/v2\/product"}],"about":[{"href":"https:\/\/tpohotelariaecasa.pt\/index.php\/wp-json\/wp\/v2\/types\/product"}],"replies":[{"embeddable":true,"href":"https:\/\/tpohotelariaecasa.pt\/index.php\/wp-json\/wp\/v2\/comments?post=9461645"}],"wp:featuredmedia":[{"embeddable":true,"href":"https:\/\/tpohotelariaecasa.pt\/index.php\/wp-json\/wp\/v2\/media\/9461644"}],"wp:attachment":[{"href":"https:\/\/tpohotelariaecasa.pt\/index.php\/wp-json\/wp\/v2\/media?parent=9461645"}],"wp:term":[{"taxonomy":"product_cat","embeddable":true,"href":"https:\/\/tpohotelariaecasa.pt\/index.php\/wp-json\/wp\/v2\/product_cat?post=9461645"},{"taxonomy":"product_tag","embeddable":true,"href":"https:\/\/tpohotelariaecasa.pt\/index.php\/wp-json\/wp\/v2\/product_tag?post=9461645"}],"curies":[{"name":"wp","href":"https:\/\/api.w.org\/{rel}","templated":true}]}}