{"id":9461651,"date":"2024-05-29T19:45:55","date_gmt":"2024-05-29T19:45:55","guid":{"rendered":"https:\/\/tpohotelariaecasa.pt\/index.php\/product\/dispensador-de-bebidas-1-x-8-l-tubo-de-arrefecimento-central-funciona-sem-energia\/"},"modified":"2025-04-03T09:09:53","modified_gmt":"2025-04-03T09:09:53","slug":"dispensador-de-bebidas-1-x-8-l-tubo-de-arrefecimento-central-funciona-sem-energia","status":"publish","type":"product","link":"https:\/\/tpohotelariaecasa.pt\/index.php\/product\/dispensador-de-bebidas-1-x-8-l-tubo-de-arrefecimento-central-funciona-sem-energia\/","title":{"rendered":"Dispensador de Bebidas &#8211; 1 x 8 l &#8211; Tubo de Arrefecimento Central &#8211; Funciona sem Energia"},"content":{"rendered":"<p><strong>Caracter\u00edsticas<\/strong><\/p>\n<ul>\n<li>F\u00e1cil de desmontar<\/li>\n<li>N\u00e3o necessita de qualquer fonte de alimenta\u00e7\u00e3o<\/li>\n<li>Bandeja de recolha de \u00e1gua f\u00e1cil de limpar<\/li>\n<li>Cont\u00e9m um tubo central em a\u00e7o inoxid\u00e1vel para arrefecimento<\/li>\n<li>Adequado para copos at\u00e9 15 cm<\/li>\n<\/ul>\n<p><strong>Especifica\u00e7\u00f5es do produto<\/strong><\/p>\n<ul>\n<li>Peso l\u00edquido: 2,8 kg<\/li>\n<li>Dimens\u00f5es: L26 x P36 x A56cm<\/li>\n<\/ul>\n","protected":false},"excerpt":{"rendered":"<p>Este distribuidor de bebidas tem uma capacidade de 8L e permite-lhe servir grandes quantidades de bebidas aos h\u00f3spedes em locais como hot\u00e9is e restaurantes. \u00c9 arrefecido de forma eficiente utilizando gelo e tamb\u00e9m tem um tubo central em a\u00e7o inoxid\u00e1vel que pode ser enchido com gelo para manter as bebidas frias. consulte Mais informa\u00e7\u00e3o<\/p>\n","protected":false},"featured_media":9461650,"comment_status":"open","ping_status":"closed","template":"","meta":[],"product_cat":[64],"product_tag":[],"class_list":["post-9461651","product","type-product","status-publish","has-post-thumbnail","hentry","product_cat-dispensador-de-bebidas","product_shipping_class-pph"],"_links":{"self":[{"href":"https:\/\/tpohotelariaecasa.pt\/index.php\/wp-json\/wp\/v2\/product\/9461651"}],"collection":[{"href":"https:\/\/tpohotelariaecasa.pt\/index.php\/wp-json\/wp\/v2\/product"}],"about":[{"href":"https:\/\/tpohotelariaecasa.pt\/index.php\/wp-json\/wp\/v2\/types\/product"}],"replies":[{"embeddable":true,"href":"https:\/\/tpohotelariaecasa.pt\/index.php\/wp-json\/wp\/v2\/comments?post=9461651"}],"wp:featuredmedia":[{"embeddable":true,"href":"https:\/\/tpohotelariaecasa.pt\/index.php\/wp-json\/wp\/v2\/media\/9461650"}],"wp:attachment":[{"href":"https:\/\/tpohotelariaecasa.pt\/index.php\/wp-json\/wp\/v2\/media?parent=9461651"}],"wp:term":[{"taxonomy":"product_cat","embeddable":true,"href":"https:\/\/tpohotelariaecasa.pt\/index.php\/wp-json\/wp\/v2\/product_cat?post=9461651"},{"taxonomy":"product_tag","embeddable":true,"href":"https:\/\/tpohotelariaecasa.pt\/index.php\/wp-json\/wp\/v2\/product_tag?post=9461651"}],"curies":[{"name":"wp","href":"https:\/\/api.w.org\/{rel}","templated":true}]}}