{"id":9461653,"date":"2024-05-29T19:45:56","date_gmt":"2024-05-29T19:45:56","guid":{"rendered":"https:\/\/tpohotelariaecasa.pt\/index.php\/product\/dispensador-de-bebidas-2-x-8-l-tubo-de-arrefecimento-central-funciona-sem-energia\/"},"modified":"2025-04-03T09:09:52","modified_gmt":"2025-04-03T09:09:52","slug":"dispensador-de-bebidas-2-x-8-l-tubo-de-arrefecimento-central-funciona-sem-energia","status":"publish","type":"product","link":"https:\/\/tpohotelariaecasa.pt\/index.php\/product\/dispensador-de-bebidas-2-x-8-l-tubo-de-arrefecimento-central-funciona-sem-energia\/","title":{"rendered":"Dispensador de Bebidas &#8211; 2 x 8 l &#8211; Tubo de Arrefecimento Central &#8211; Funciona sem Energia"},"content":{"rendered":"<ul>\n<li>2 x 8L doseador de bebidas \/ sumo<\/li>\n<li>Constru\u00e7\u00e3o em a\u00e7o inoxid\u00e1vel com tanque transparente<\/li>\n<li>recipiente de sumo 100% BPA livre<\/li>\n<li>Design moderno com p\u00e9 robusto<\/li>\n<li>Pegas de transporte para levantar o doseador<\/li>\n<li>Completo com bandeja de gotejamento<\/li>\n<li>Com tubo para arrefecimento com cubos de gelo<\/li>\n<li>F\u00e1cil de desmontar e limpar<\/li>\n<li>Adequado para copos de at\u00e9 15 cm<\/li>\n<li>Peso l\u00edquido: 5,6 kg<\/li>\n<li>Dimens\u00f5es: H560 x W550 x D360 mm<\/li>\n<\/ul>\n","protected":false},"excerpt":{"rendered":"<p>Este distribuidor de bebidas tem uma capacidade de 2 x 8L e permite servir grandes quantidades de bebidas aos h\u00f3spedes em hot\u00e9is e restaurantes. \u00c9 arrefecido a gelo com um tubo de a\u00e7o inoxid\u00e1vel que pode ser enchido com gelo para manter as bebidas frescas consulte Mais informa\u00e7\u00e3o<\/p>\n","protected":false},"featured_media":9461652,"comment_status":"open","ping_status":"closed","template":"","meta":[],"product_cat":[64],"product_tag":[],"class_list":["post-9461653","product","type-product","status-publish","has-post-thumbnail","hentry","product_cat-dispensador-de-bebidas","product_shipping_class-pph"],"_links":{"self":[{"href":"https:\/\/tpohotelariaecasa.pt\/index.php\/wp-json\/wp\/v2\/product\/9461653"}],"collection":[{"href":"https:\/\/tpohotelariaecasa.pt\/index.php\/wp-json\/wp\/v2\/product"}],"about":[{"href":"https:\/\/tpohotelariaecasa.pt\/index.php\/wp-json\/wp\/v2\/types\/product"}],"replies":[{"embeddable":true,"href":"https:\/\/tpohotelariaecasa.pt\/index.php\/wp-json\/wp\/v2\/comments?post=9461653"}],"wp:featuredmedia":[{"embeddable":true,"href":"https:\/\/tpohotelariaecasa.pt\/index.php\/wp-json\/wp\/v2\/media\/9461652"}],"wp:attachment":[{"href":"https:\/\/tpohotelariaecasa.pt\/index.php\/wp-json\/wp\/v2\/media?parent=9461653"}],"wp:term":[{"taxonomy":"product_cat","embeddable":true,"href":"https:\/\/tpohotelariaecasa.pt\/index.php\/wp-json\/wp\/v2\/product_cat?post=9461653"},{"taxonomy":"product_tag","embeddable":true,"href":"https:\/\/tpohotelariaecasa.pt\/index.php\/wp-json\/wp\/v2\/product_tag?post=9461653"}],"curies":[{"name":"wp","href":"https:\/\/api.w.org\/{rel}","templated":true}]}}