{"id":9461659,"date":"2024-05-29T19:46:00","date_gmt":"2024-05-29T19:46:00","guid":{"rendered":"https:\/\/tpohotelariaecasa.pt\/index.php\/product\/carrinho-para-espremedores-de-laranja-compacto-com-balde-de-residuos-sobre-rodas\/"},"modified":"2025-04-03T09:10:04","modified_gmt":"2025-04-03T09:10:04","slug":"carrinho-para-espremedores-de-laranja-compacto-com-balde-de-residuos-sobre-rodas","status":"publish","type":"product","link":"https:\/\/tpohotelariaecasa.pt\/index.php\/product\/carrinho-para-espremedores-de-laranja-compacto-com-balde-de-residuos-sobre-rodas\/","title":{"rendered":"Carrinho para Espremedores de Laranja &#8211; Compacto &#8211; com Balde de Res\u00edduos &#8211; Sobre Rodas"},"content":{"rendered":"<ul>\n<li>Tem um balde dentro do carrinho para todos os res\u00edduos provenientes da m\u00e1quina de sumo.<\/li>\n<li>Dimens\u00f5es: L52 x D44 x H75cm<\/li>\n<\/ul>\n","protected":false},"excerpt":{"rendered":"<p>Suporte de carrinho feito de a\u00e7o inoxid\u00e1vel para colocar os espremedores MAJ-26X e MAJ-50X. Inclui um balde grande para recolher todos os res\u00edduos produzidos ao espremer sumo fresco. consulte Mais informa\u00e7\u00e3o<\/p>\n","protected":false},"featured_media":9461658,"comment_status":"open","ping_status":"closed","template":"","meta":[],"product_cat":[65],"product_tag":[],"class_list":["post-9461659","product","type-product","status-publish","has-post-thumbnail","hentry","product_cat-espremedor-de-sumo","product_shipping_class-pph"],"_links":{"self":[{"href":"https:\/\/tpohotelariaecasa.pt\/index.php\/wp-json\/wp\/v2\/product\/9461659"}],"collection":[{"href":"https:\/\/tpohotelariaecasa.pt\/index.php\/wp-json\/wp\/v2\/product"}],"about":[{"href":"https:\/\/tpohotelariaecasa.pt\/index.php\/wp-json\/wp\/v2\/types\/product"}],"replies":[{"embeddable":true,"href":"https:\/\/tpohotelariaecasa.pt\/index.php\/wp-json\/wp\/v2\/comments?post=9461659"}],"wp:featuredmedia":[{"embeddable":true,"href":"https:\/\/tpohotelariaecasa.pt\/index.php\/wp-json\/wp\/v2\/media\/9461658"}],"wp:attachment":[{"href":"https:\/\/tpohotelariaecasa.pt\/index.php\/wp-json\/wp\/v2\/media?parent=9461659"}],"wp:term":[{"taxonomy":"product_cat","embeddable":true,"href":"https:\/\/tpohotelariaecasa.pt\/index.php\/wp-json\/wp\/v2\/product_cat?post=9461659"},{"taxonomy":"product_tag","embeddable":true,"href":"https:\/\/tpohotelariaecasa.pt\/index.php\/wp-json\/wp\/v2\/product_tag?post=9461659"}],"curies":[{"name":"wp","href":"https:\/\/api.w.org\/{rel}","templated":true}]}}