{"id":9461665,"date":"2024-05-29T19:46:03","date_gmt":"2024-05-29T19:46:03","guid":{"rendered":"https:\/\/tpohotelariaecasa.pt\/index.php\/product\/arca-congeladora-140-l-2-rodas-compacto\/"},"modified":"2025-04-03T09:10:03","modified_gmt":"2025-04-03T09:10:03","slug":"arca-congeladora-140-l-2-rodas-compacto","status":"publish","type":"product","link":"https:\/\/tpohotelariaecasa.pt\/index.php\/product\/arca-congeladora-140-l-2-rodas-compacto\/","title":{"rendered":"Arca Congeladora &#8211; 140 l &#8211; 2 Rodas &#8211; Compacto"},"content":{"rendered":"<p><strong>Caracter\u00edsticas<\/strong><\/p>\n<ul>\n<li>Descongela\u00e7\u00e3o manual<\/li>\n<li>Term\u00f3stato digital<\/li>\n<li>O cabo inclui fechadura<\/li>\n<li>Sistema de arrefecimento com ventilador<\/li>\n<li>Interior coberto com alum\u00ednio<\/li>\n<li>Luz LED instalada na tampa<\/li>\n<li>Cantos e punho cromados<\/li>\n<li>Sa\u00edda de humidade no interior<\/li>\n<li>Refrigerante R600a, sem CFC<\/li>\n<li>Congelador silencioso e econ\u00f3mico<\/li>\n<li>Caixa met\u00e1lica com revestimento branco<\/li>\n<li>Tampa com veda\u00e7\u00e3o de borracha antibacteriana<\/li>\n<li>Fornecido com um \u00fanico cesto suspenso<\/li>\n<li>Gama de temperaturas de -14 a -24\u00b0C<\/li>\n<li>Inclui duas rodas e dois p\u00e9s ajust\u00e1veis<\/li>\n<li>Gama \u00f3ptima de temperatura ambiente de 3-38\u00b0C<\/li>\n<\/ul>\n<p><strong>Especifica\u00e7\u00f5es do produto<\/strong><\/p>\n<ul>\n<li>Peso l\u00edquido: 31kg<\/li>\n<li>Capacidade: 140L<\/li>\n<li>Dimens\u00f5es internas: L61 x D38 x H66cm<\/li>\n<li>Dimens\u00f5es externas: W75,4 x D56,4 x H84,5cm<\/li>\n<li>Espessura do isolamento: 7,5cm<\/li>\n<li>230V \/ 50Hz \/ 1 Fase 43W<\/li>\n<\/ul>\n","protected":false},"excerpt":{"rendered":"<p>Qualquer estabelecimento de restaura\u00e7\u00e3o precisa de uma forma de manter as coisas congeladas e um congelador de arca \u00e9 uma op\u00e7\u00e3o muito conveniente. Este congelador profissional tem uma capacidade de 140L e est\u00e1 equipado com uma pega e fechadura. Vem com um \u00fatil cesto suspenso e tem ilumina\u00e7\u00e3o LED na tampa para que se possa ver facilmente o que est\u00e1 l\u00e1 dentro. consulte Mais informa\u00e7\u00e3o<\/p>\n","protected":false},"featured_media":9461664,"comment_status":"open","ping_status":"closed","template":"","meta":[],"product_cat":[71,138],"product_tag":[],"class_list":["post-9461665","product","type-product","status-publish","has-post-thumbnail","hentry","product_cat-arcas-de-congelao","product_cat-frio-industrial","product_shipping_class-gph"],"_links":{"self":[{"href":"https:\/\/tpohotelariaecasa.pt\/index.php\/wp-json\/wp\/v2\/product\/9461665"}],"collection":[{"href":"https:\/\/tpohotelariaecasa.pt\/index.php\/wp-json\/wp\/v2\/product"}],"about":[{"href":"https:\/\/tpohotelariaecasa.pt\/index.php\/wp-json\/wp\/v2\/types\/product"}],"replies":[{"embeddable":true,"href":"https:\/\/tpohotelariaecasa.pt\/index.php\/wp-json\/wp\/v2\/comments?post=9461665"}],"wp:featuredmedia":[{"embeddable":true,"href":"https:\/\/tpohotelariaecasa.pt\/index.php\/wp-json\/wp\/v2\/media\/9461664"}],"wp:attachment":[{"href":"https:\/\/tpohotelariaecasa.pt\/index.php\/wp-json\/wp\/v2\/media?parent=9461665"}],"wp:term":[{"taxonomy":"product_cat","embeddable":true,"href":"https:\/\/tpohotelariaecasa.pt\/index.php\/wp-json\/wp\/v2\/product_cat?post=9461665"},{"taxonomy":"product_tag","embeddable":true,"href":"https:\/\/tpohotelariaecasa.pt\/index.php\/wp-json\/wp\/v2\/product_tag?post=9461665"}],"curies":[{"name":"wp","href":"https:\/\/api.w.org\/{rel}","templated":true}]}}