{"id":9461669,"date":"2024-05-29T19:46:06","date_gmt":"2024-05-29T19:46:06","guid":{"rendered":"https:\/\/tpohotelariaecasa.pt\/index.php\/product\/arca-congeladora-488-l-sobre-rodas-incl-cesta-de-suspensao\/"},"modified":"2025-04-03T09:10:03","modified_gmt":"2025-04-03T09:10:03","slug":"arca-congeladora-488-l-sobre-rodas-incl-cesta-de-suspensao","status":"publish","type":"product","link":"https:\/\/tpohotelariaecasa.pt\/index.php\/product\/arca-congeladora-488-l-sobre-rodas-incl-cesta-de-suspensao\/","title":{"rendered":"Arca Congeladora &#8211; 488 l &#8211; Sobre Rodas &#8211; incl. Cesta de Suspens\u00e3o"},"content":{"rendered":"<ul>\n<li>Descongela\u00e7\u00e3o manual<\/li>\n<li>Term\u00f3stato digital<\/li>\n<li>O cabo inclui fechadura<\/li>\n<li>Sistema de arrefecimento com ventilador<\/li>\n<li>Interior coberto com alum\u00ednio<\/li>\n<li>Luz LED instalada na tampa<\/li>\n<li>Cantos e punho cromados<\/li>\n<li>Sa\u00edda de humidade no interior<\/li>\n<li>Refrigerante R600a, sem CFC<\/li>\n<li>Congelador silencioso e econ\u00f3mico<\/li>\n<li>Caixa met\u00e1lica com revestimento branco<\/li>\n<li>Tampa com veda\u00e7\u00e3o de borracha antibacteriana<\/li>\n<li>Fornecido com um \u00fanico cesto suspenso<\/li>\n<li>Gama de temperaturas de -14 a -24\u00b0C<\/li>\n<li>Inclui seis rodas para f\u00e1cil movimenta\u00e7\u00e3o<\/li>\n<li>Gama \u00f3ptima de temperatura ambiente de 3-38\u00b0C<\/li>\n<\/ul>\n<p><strong>Especifica\u00e7\u00f5es do produto<\/strong><\/p>\n<ul>\n<li>Peso l\u00edquido: 72kg<\/li>\n<li>Capacidade: 488L<\/li>\n<li>Dimens\u00f5es internas: W150,1 x D54,6 x H64,8cm<\/li>\n<li>Dimens\u00f5es externas: W165,5 x D74 x H82,5cm<\/li>\n<li>Dimens\u00f5es do cesto: W24,5 x D46,8 x H22cm<\/li>\n<li>Espessura do isolamento: 7,5cm<\/li>\n<li>230V \/ 50Hz \/ 1 Fase 92W<\/li>\n<\/ul>\n","protected":false},"excerpt":{"rendered":"<p>Este robusto congelador de catering tem espa\u00e7o para at\u00e9 488L de produtos que precisam de ser congelados. Com uma fechadura, um cesto suspenso e seis rodas, tem tudo o que se esperaria de um congelador profissional. Al\u00e9m disso, foi muito bem acabado com um revestimento branco sobre a carca\u00e7a met\u00e1lica de qualidade superior. consulte Mais informa\u00e7\u00e3o<\/p>\n","protected":false},"featured_media":9461668,"comment_status":"open","ping_status":"closed","template":"","meta":[],"product_cat":[71,138],"product_tag":[],"class_list":["post-9461669","product","type-product","status-publish","has-post-thumbnail","hentry","product_cat-arcas-de-congelao","product_cat-frio-industrial","product_shipping_class-gph"],"_links":{"self":[{"href":"https:\/\/tpohotelariaecasa.pt\/index.php\/wp-json\/wp\/v2\/product\/9461669"}],"collection":[{"href":"https:\/\/tpohotelariaecasa.pt\/index.php\/wp-json\/wp\/v2\/product"}],"about":[{"href":"https:\/\/tpohotelariaecasa.pt\/index.php\/wp-json\/wp\/v2\/types\/product"}],"replies":[{"embeddable":true,"href":"https:\/\/tpohotelariaecasa.pt\/index.php\/wp-json\/wp\/v2\/comments?post=9461669"}],"wp:featuredmedia":[{"embeddable":true,"href":"https:\/\/tpohotelariaecasa.pt\/index.php\/wp-json\/wp\/v2\/media\/9461668"}],"wp:attachment":[{"href":"https:\/\/tpohotelariaecasa.pt\/index.php\/wp-json\/wp\/v2\/media?parent=9461669"}],"wp:term":[{"taxonomy":"product_cat","embeddable":true,"href":"https:\/\/tpohotelariaecasa.pt\/index.php\/wp-json\/wp\/v2\/product_cat?post=9461669"},{"taxonomy":"product_tag","embeddable":true,"href":"https:\/\/tpohotelariaecasa.pt\/index.php\/wp-json\/wp\/v2\/product_tag?post=9461669"}],"curies":[{"name":"wp","href":"https:\/\/api.w.org\/{rel}","templated":true}]}}