{"id":9461673,"date":"2024-05-29T19:46:08","date_gmt":"2024-05-29T19:46:08","guid":{"rendered":"https:\/\/tpohotelariaecasa.pt\/index.php\/product\/maquina-de-gelo-85-kg-dia-triturado-flaqueado-refrigeracao-a-ar\/"},"modified":"2025-04-03T09:10:03","modified_gmt":"2025-04-03T09:10:03","slug":"maquina-de-gelo-85-kg-dia-triturado-flaqueado-refrigeracao-a-ar","status":"publish","type":"product","link":"https:\/\/tpohotelariaecasa.pt\/index.php\/product\/maquina-de-gelo-85-kg-dia-triturado-flaqueado-refrigeracao-a-ar\/","title":{"rendered":"M\u00e1quina de Gelo &#8211; 85 kg\/dia &#8211; Triturado\/Flaqueado &#8211; Refrigera\u00e7\u00e3o a Ar"},"content":{"rendered":"<p><strong>Especifica\u00e7\u00f5es do produto<\/strong><\/p>\n<ul>\n<li>Peso l\u00edquido: 46 kg<\/li>\n<li>Capacidade de produ\u00e7\u00e3o: 85 kg em 24 horas<\/li>\n<li>Capacidade de armazenamento: 20kg<\/li>\n<li>Dimens\u00f5es: L39,8 x P51 x A83,2cm<\/li>\n<li>Refrigerante: R290<\/li>\n<li>230V \/ 50Hz \/ 1 Fase 470W<\/li>\n<\/ul>\n","protected":false},"excerpt":{"rendered":"<p>Com esta m\u00e1quina de gelo em flocos, arrefecida a ar, pode produzir at\u00e9 85 kg de gelo em flocos por dia. No pr\u00e1tico compartimento de arruma\u00e7\u00e3o, tamb\u00e9m pode manter 20 kg de gelo picado pronto a servir rapidamente. \u00c9 adequada para divis\u00f5es mais quentes. consulte Mais informa\u00e7\u00e3o<\/p>\n","protected":false},"featured_media":9461672,"comment_status":"open","ping_status":"closed","template":"","meta":[],"product_cat":[792,68],"product_tag":[],"class_list":["post-9461673","product","type-product","status-publish","has-post-thumbnail","hentry","product_cat-mais-vendidos","product_cat-mquinas-de-gelo","product_shipping_class-gph"],"_links":{"self":[{"href":"https:\/\/tpohotelariaecasa.pt\/index.php\/wp-json\/wp\/v2\/product\/9461673"}],"collection":[{"href":"https:\/\/tpohotelariaecasa.pt\/index.php\/wp-json\/wp\/v2\/product"}],"about":[{"href":"https:\/\/tpohotelariaecasa.pt\/index.php\/wp-json\/wp\/v2\/types\/product"}],"replies":[{"embeddable":true,"href":"https:\/\/tpohotelariaecasa.pt\/index.php\/wp-json\/wp\/v2\/comments?post=9461673"}],"wp:featuredmedia":[{"embeddable":true,"href":"https:\/\/tpohotelariaecasa.pt\/index.php\/wp-json\/wp\/v2\/media\/9461672"}],"wp:attachment":[{"href":"https:\/\/tpohotelariaecasa.pt\/index.php\/wp-json\/wp\/v2\/media?parent=9461673"}],"wp:term":[{"taxonomy":"product_cat","embeddable":true,"href":"https:\/\/tpohotelariaecasa.pt\/index.php\/wp-json\/wp\/v2\/product_cat?post=9461673"},{"taxonomy":"product_tag","embeddable":true,"href":"https:\/\/tpohotelariaecasa.pt\/index.php\/wp-json\/wp\/v2\/product_tag?post=9461673"}],"curies":[{"name":"wp","href":"https:\/\/api.w.org\/{rel}","templated":true}]}}