{"id":9461679,"date":"2024-05-29T19:46:11","date_gmt":"2024-05-29T19:46:11","guid":{"rendered":"https:\/\/tpohotelariaecasa.pt\/index.php\/product\/misturador-de-bebidas-2-x-2-l-2-copos-2-velocidades\/"},"modified":"2025-04-03T09:09:51","modified_gmt":"2025-04-03T09:09:51","slug":"misturador-de-bebidas-2-x-2-l-2-copos-2-velocidades","status":"publish","type":"product","link":"https:\/\/tpohotelariaecasa.pt\/index.php\/product\/misturador-de-bebidas-2-x-2-l-2-copos-2-velocidades\/","title":{"rendered":"Misturador de Bebidas &#8211; 2 x 2 l &#8211; 2 Copos &#8211; 2 Velocidades"},"content":{"rendered":"<p><strong>Especifica\u00e7\u00f5es do produto<\/strong><\/p>\n<ul>\n<li>Peso l\u00edquido: 7,9 kg<\/li>\n<li>Dimens\u00f5es: L33 x P19 x A48cm<\/li>\n<li>Velocidade: 2 velocidades de 10.000 e 15.000 RPM<\/li>\n<li>Conte\u00fado do copo: 1L<\/li>\n<li>Pot\u00eancia do motor: 400W (por cada motor)<\/li>\n<li>230V \/ 50Hz \/ 1 Fase 800W<\/li>\n<\/ul>\n","protected":false},"excerpt":{"rendered":"<p>Este misturador de bebidas com dois copos \u00e9 adequado para misturar bebidas como cocktails, batidos ou smoothies. \u00c9 ideal para utiliza\u00e7\u00e3o em cozinhas profissionais. O suporte robusto garante estabilidade e as duas velocidades oferecem uma variedade de op\u00e7\u00f5es de textura para as bebidas. consulte Mais informa\u00e7\u00e3o<\/p>\n","protected":false},"featured_media":9461678,"comment_status":"open","ping_status":"closed","template":"","meta":[],"product_cat":[69],"product_tag":[],"class_list":["post-9461679","product","type-product","status-publish","has-post-thumbnail","hentry","product_cat-misturador-de-bebidas","product_shipping_class-pph"],"_links":{"self":[{"href":"https:\/\/tpohotelariaecasa.pt\/index.php\/wp-json\/wp\/v2\/product\/9461679"}],"collection":[{"href":"https:\/\/tpohotelariaecasa.pt\/index.php\/wp-json\/wp\/v2\/product"}],"about":[{"href":"https:\/\/tpohotelariaecasa.pt\/index.php\/wp-json\/wp\/v2\/types\/product"}],"replies":[{"embeddable":true,"href":"https:\/\/tpohotelariaecasa.pt\/index.php\/wp-json\/wp\/v2\/comments?post=9461679"}],"wp:featuredmedia":[{"embeddable":true,"href":"https:\/\/tpohotelariaecasa.pt\/index.php\/wp-json\/wp\/v2\/media\/9461678"}],"wp:attachment":[{"href":"https:\/\/tpohotelariaecasa.pt\/index.php\/wp-json\/wp\/v2\/media?parent=9461679"}],"wp:term":[{"taxonomy":"product_cat","embeddable":true,"href":"https:\/\/tpohotelariaecasa.pt\/index.php\/wp-json\/wp\/v2\/product_cat?post=9461679"},{"taxonomy":"product_tag","embeddable":true,"href":"https:\/\/tpohotelariaecasa.pt\/index.php\/wp-json\/wp\/v2\/product_tag?post=9461679"}],"curies":[{"name":"wp","href":"https:\/\/api.w.org\/{rel}","templated":true}]}}